{"id":10995,"date":"2018-01-25T17:42:37","date_gmt":"2018-01-25T17:42:37","guid":{"rendered":"https:\/\/quaternio.ch\/?page_id=10995\/"},"modified":"2025-11-25T12:04:53","modified_gmt":"2025-11-25T12:04:53","slug":"wall-calendar","status":"publish","type":"page","link":"https:\/\/quaternio.ch\/en\/edition-book-art\/wall-calendar\/","title":{"rendered":"Wall calendar &#8211; Edition Book &#038; Art"},"content":{"rendered":"<p>[et_pb_section fb_built=&#8221;1&#8243; background_color=&#8221;#ffffff&#8221; admin_label=&#8221;section&#8221; custom_padding_last_edited=&#8221;on|desktop&#8221; _builder_version=&#8221;3.0.47&#8243; transparent_background=&#8221;off&#8221;][et_pb_row custom_padding=&#8221;0px|||&#8221; padding_mobile=&#8221;off&#8221; column_padding_mobile=&#8221;on&#8221; parallax_method_1=&#8221;off&#8221; custom_padding_last_edited=&#8221;on|desktop&#8221; _builder_version=&#8221;3.0.47&#8243; background_size=&#8221;initial&#8221; background_position=&#8221;top_left&#8221; background_repeat=&#8221;repeat&#8221;][et_pb_column type=&#8221;4_4&#8243; _builder_version=&#8221;3.0.47&#8243; column_padding_mobile=&#8221;on&#8221; parallax=&#8221;off&#8221; parallax_method=&#8221;off&#8221;][et_pb_text admin_label=&#8221;Text &#8211; simulierte Navigation EN&#8221; _builder_version=&#8221;3.0.96&#8243; use_border_color=&#8221;off&#8221; saved_tabs=&#8221;all&#8221;]<\/p>\n<p style=\"text-align: center;\"><span style=\"font-size: 10pt; color: #333333;\"><a href=\"https:\/\/quaternio.ch\/en\/edition-book-art\/art-book-editions\/\">Art books<\/a> | <a href=\"https:\/\/quaternio.ch\/en\/edition-book-art\/exhibition-catalogues\/\">Catalogues<\/a> | <span style=\"text-decoration: underline;\">Calendar<\/span><\/span><\/p>\n<p>[\/et_pb_text][\/et_pb_column][\/et_pb_row][et_pb_row custom_padding=&#8221;||30px|&#8221; padding_mobile=&#8221;off&#8221; column_padding_mobile=&#8221;on&#8221; parallax_method_1=&#8221;off&#8221; custom_padding_last_edited=&#8221;on|desktop&#8221; _builder_version=&#8221;3.0.47&#8243; background_size=&#8221;initial&#8221; background_position=&#8221;top_left&#8221; background_repeat=&#8221;repeat&#8221;][et_pb_column type=&#8221;4_4&#8243; _builder_version=&#8221;3.0.47&#8243; column_padding_mobile=&#8221;on&#8221; parallax=&#8221;off&#8221; parallax_method=&#8221;off&#8221;][et_pb_text admin_label=&#8221;Text &#8211; \u00dcberschriften Wandkalender EN&#8221; _builder_version=&#8221;3.0.96&#8243; text_orientation=&#8221;center&#8221; use_border_color=&#8221;off&#8221; border_color=&#8221;#ffffff&#8221; border_style=&#8221;solid&#8221;]<\/p>\n<h1><span style=\"font-size: 18pt;\"><strong>Wall Calendar<\/strong><\/span><\/h1>\n<h2><span style=\"font-size: 14pt;\"><em>Masterpieces of Book Illumination<\/em><\/span><\/h2>\n<p>[\/et_pb_text][\/et_pb_column][\/et_pb_row][et_pb_row custom_padding=&#8221;|180px|35px|180px&#8221; custom_padding_tablet=&#8221;|0px|35px|0px&#8221; column_padding_mobile=&#8221;on&#8221; parallax_method_1=&#8221;off&#8221; parallax_method_2=&#8221;off&#8221; parallax_method_3=&#8221;off&#8221; custom_padding_last_edited=&#8221;on|desktop&#8221; _builder_version=&#8221;3.0.96&#8243;][et_pb_column type=&#8221;4_4&#8243; _builder_version=&#8221;3.0.47&#8243; column_padding_mobile=&#8221;on&#8221; parallax=&#8221;off&#8221; parallax_method=&#8221;off&#8221;][et_pb_text admin_label=&#8221;Text &#8211; Text Einf\u00fchrung EN&#8221; _builder_version=&#8221;3.0.96&#8243; text_font_size=&#8221;16&#8243; text_font_size_tablet=&#8221;12&#8243; text_font_size_last_edited=&#8221;on|desktop&#8221; text_line_height=&#8221;1.8em&#8221; header_line_height_last_edited=&#8221;off|tablet&#8221; use_border_color=&#8221;off&#8221; saved_tabs=&#8221;all&#8221;]Each year Quaternio Editions Lucerne publishes a wall calendar featuring &#8220;Masterpieces of Book Illumination&#8221;. Month by month the calendar sheets show motifs chosen from the most beautiful illuminated manuscripts of the Middle Ages. Detailed descriptions of the manuscript pages are found on the reverse side of the calendar sheets. Experience book illumination throughout the whole year: from January to December!<br \/>\n[\/et_pb_text][et_pb_text admin_label=&#8221;Text &#8211; Text: published in German&#8221; _builder_version=&#8221;3.0.96&#8243; text_font_size=&#8221;16&#8243; text_font_size_tablet=&#8221;12&#8243; text_font_size_last_edited=&#8221;on|desktop&#8221; text_line_height=&#8221;1.8em&#8221; header_line_height_last_edited=&#8221;off|tablet&#8221; use_border_color=&#8221;off&#8221; border_color=&#8221;#ffffff&#8221; border_style=&#8221;solid&#8221; saved_tabs=&#8221;all&#8221;]<\/p>\n<p style=\"text-align: center;\">(The wall calendar is published in German.)<\/p>\n<p>[\/et_pb_text][\/et_pb_column][\/et_pb_row][et_pb_row custom_padding=&#8221;|100px|45px|100px&#8221; custom_padding_tablet=&#8221;|0px|45px|0px&#8221; column_padding_mobile=&#8221;on&#8221; parallax_method_1=&#8221;off&#8221; disabled_on=&#8221;on|on|&#8221; custom_padding_last_edited=&#8221;on|desktop&#8221; _builder_version=&#8221;3.0.47&#8243; background_size=&#8221;initial&#8221; background_position=&#8221;top_left&#8221; background_repeat=&#8221;repeat&#8221;][et_pb_column type=&#8221;4_4&#8243; _builder_version=&#8221;3.0.47&#8243; column_padding_mobile=&#8221;on&#8221; parallax=&#8221;off&#8221; parallax_method=&#8221;off&#8221;][et_pb_divider color=&#8221;#eaeaea&#8221; show_divider=&#8221;on&#8221; disabled_on=&#8221;on|on|off&#8221; admin_label=&#8221;Teiler NEU&#8221; _builder_version=&#8221;3.0.47&#8243; hide_on_mobile=&#8221;on&#8221;][\/et_pb_divider][\/et_pb_column][\/et_pb_row][et_pb_row custom_padding=&#8221;|130px||130px&#8221; custom_padding_tablet=&#8221;|0px||0px&#8221; padding_right_1=&#8221;20px&#8221; padding_top_2=&#8221;3px&#8221; padding_left_2=&#8221;20px&#8221; parallax_method_1=&#8221;off&#8221; parallax_method_2=&#8221;off&#8221; padding_1_tablet=&#8221;|0px||&#8221; padding_2_tablet=&#8221;3px|||0px&#8221; padding_1_last_edited=&#8221;on|tablet&#8221; padding_2_last_edited=&#8221;on|desktop&#8221; admin_label=&#8221;row&#8221; custom_padding_last_edited=&#8221;on|tablet&#8221; _builder_version=&#8221;3.0.47&#8243; background_size=&#8221;initial&#8221; background_position=&#8221;top_left&#8221; background_repeat=&#8221;repeat&#8221;][et_pb_column type=&#8221;1_2&#8243; _builder_version=&#8221;3.0.47&#8243; padding_tablet=&#8221;|0px||&#8221; padding_last_edited=&#8221;on|tablet&#8221; padding_right=&#8221;20px&#8221; parallax=&#8221;off&#8221; parallax_method=&#8221;off&#8221;][et_pb_text admin_label=&#8221;Text &#8211; \u00dcberschrift Wandkalender 2021&#8243; _builder_version=&#8221;3.0.96&#8243; background_size=&#8221;initial&#8221; background_position=&#8221;top_left&#8221; background_repeat=&#8221;repeat&#8221; custom_margin=&#8221;15px||20px|&#8221; custom_margin_last_edited=&#8221;on|tablet&#8221; use_border_color=&#8221;off&#8221;]<\/p>\n<h3><strong><span style=\"font-size: 14pt; color: #333333;\">Der Wandkalender 2026<\/p>\n<p>aus dem Quaternio Verlag Luzern<\/span><\/strong><\/h3>\n<p>[\/et_pb_text][et_pb_text admin_label=&#8221;Text &#8211; Wandkalender 2021&#8243; _builder_version=&#8221;3.0.96&#8243; background_size=&#8221;initial&#8221; background_position=&#8221;top_left&#8221; background_repeat=&#8221;repeat&#8221; custom_margin=&#8221;10px|||&#8221; custom_margin_last_edited=&#8221;on|desktop&#8221; use_border_color=&#8221;off&#8221;]<\/p>\n<p><strong><br \/> Faszinierende Tierwelten des Mittelalters<\/p>\n<p><\/strong><\/p>\n<p><strong>Mehr als blo\u00dfe Dekoration: Entdecken Sie ein Jahrtausend mittelalterlicher Buchkunst in unserem neuen Jahresbegleiter.<\/strong><\/p>\n<p>\u00a0<span style=\"font-family: inherit;\"><br \/>Tiere faszinieren \u2013 heute wie damals. Doch in der mittelalterlichen Buchkunst sind sie weit mehr als schm\u00fcckendes Beiwerk. Sie sind Bedeutungstr\u00e4ger, erz\u00e4hlen moralische Geschichten und spiegeln die Wertvorstellung vergangener Jahrhunderte wider. Unser Wandkalender 2026 \u00f6ffnet Ihnen den Blick auf diese einzigartige k\u00fcnstlerische Auseinandersetzung und zeugt von der enormen Phantasie und Kunstfertigkeit der alten Meister.<\/span><\/p>\n<p>\u00a0<\/p>\n<p>[\/et_pb_text][et_pb_text disabled_on=&#8221;on|on|on&#8221; admin_label=&#8221;Text &#8211; Auslieferung&#8221; _builder_version=&#8221;3.0.96&#8243; background_size=&#8221;initial&#8221; background_position=&#8221;top_left&#8221; background_repeat=&#8221;repeat&#8221; custom_margin_last_edited=&#8221;off|tablet&#8221; custom_padding=&#8221;15px|||&#8221; custom_padding_last_edited=&#8221;on|tablet&#8221; use_border_color=&#8221;off&#8221; disabled=&#8221;on&#8221;]<\/p>\n<p><strong>\u00a0<\/strong><\/p>\n<p>[\/et_pb_text][\/et_pb_column][et_pb_column type=&#8221;1_2&#8243; _builder_version=&#8221;3.0.47&#8243; padding_tablet=&#8221;3px|||0px&#8221; padding_last_edited=&#8221;on|desktop&#8221; padding_left=&#8221;20px&#8221; padding_top=&#8221;3px&#8221; parallax=&#8221;off&#8221; parallax_method=&#8221;off&#8221;][et_pb_gallery gallery_ids=&#8221;19170,19161,19158,19167,19215&#8243; gallery_captions=&#8221;,,,,&#8221; fullwidth=&#8221;on&#8221; background_layout=&#8221;dark&#8221; admin_label=&#8221;Galerie &#8211; Wandkalender 2026&#8243; _builder_version=&#8221;3.0.96&#8243; pagination_font_size_tablet=&#8221;51&#8243; pagination_line_height_tablet=&#8221;2&#8243; use_border_color=&#8221;off&#8221;][\/et_pb_gallery][\/et_pb_column][\/et_pb_row][et_pb_row custom_padding=&#8221;|130px||130px&#8221; custom_padding_tablet=&#8221;|0px||0px&#8221; padding_right_1=&#8221;20px&#8221; padding_top_2=&#8221;3px&#8221; padding_left_2=&#8221;20px&#8221; parallax_method_1=&#8221;off&#8221; parallax_method_2=&#8221;off&#8221; padding_1_tablet=&#8221;|0px||&#8221; padding_2_tablet=&#8221;3px|||0px&#8221; padding_1_last_edited=&#8221;on|tablet&#8221; padding_2_last_edited=&#8221;on|desktop&#8221; admin_label=&#8221;row&#8221; custom_padding_last_edited=&#8221;on|tablet&#8221; _builder_version=&#8221;3.0.47&#8243; background_size=&#8221;initial&#8221; background_position=&#8221;top_left&#8221; background_repeat=&#8221;repeat&#8221;][et_pb_column type=&#8221;1_2&#8243; _builder_version=&#8221;3.0.47&#8243; padding_tablet=&#8221;|0px||&#8221; padding_last_edited=&#8221;on|tablet&#8221; padding_right=&#8221;20px&#8221; parallax=&#8221;off&#8221; parallax_method=&#8221;off&#8221;][et_pb_text _builder_version=&#8221;3.0.96&#8243;]<strong>Eine kuratierte Zeitreise durch die sch\u00f6nsten Handschriften<\/strong><\/p>\n<p>F\u00fcr diesen Kalender haben wir eine exklusive Auswahl aus den \u00fcber 30 originalgetreuen Faksimile-Editionen getroffen, die der Quaternio Verlag Luzern in den letzten 15 Jahren herausgegeben hat. Das Spektrum dieser Sch\u00e4tze reicht von fr\u00fchen Meisterwerken des 6. Jahrhunderts bis hin zur Renaissance.<\/p>\n<p>Monat f\u00fcr Monat begegnen Ihnen eindrucksvolle Tierszenen, die Staunen und Neugier wecken. Freuen Sie sich auf Highlights aus bedeutenden Werken wie dem <i>Goldenen M\u00fcnchner Psalter<\/i>, dem <i>Queen-Mary-Psalter<\/i>, dem <i>Peterborough-Psalter<\/i> oder der <i>Wiener Genesis<\/i>.[\/et_pb_text][\/et_pb_column][et_pb_column type=&#8221;1_2&#8243; _builder_version=&#8221;3.0.47&#8243; padding_tablet=&#8221;3px|||0px&#8221; padding_last_edited=&#8221;on|desktop&#8221; padding_left=&#8221;20px&#8221; padding_top=&#8221;3px&#8221; parallax=&#8221;off&#8221; parallax_method=&#8221;off&#8221;][et_pb_text _builder_version=&#8221;3.0.96&#8243;]<\/p>\n<p>&nbsp;<\/p>\n<p>Dieser Wandkalender ist nicht nur ein stilvoller Begleiter durch das Jahr 2026, sondern eine Einladung zum Entdecken. Er bietet Ihnen eine Reise durch fast ein Jahrtausend Kunstgeschichte \u2013 voller fantastischer Wesen und verborgener Bedeutungen.<\/p>\n<p>Damit Sie tiefer in die Materie eintauchen k\u00f6nnen, finden Sie auf der R\u00fcckseite jedes Kalenderblatts ausf\u00fchrliche Informationen zu den abgebildeten Handschriften und ihren tierischen Protagonisten.<br \/> Wir w\u00fcnschen Ihnen viel Freude beim Entdecken der mittelalterlichen Tierwelt!<\/p>\n<p><span style=\"text-decoration: underline;\">Der Kalender ist ab sofort lieferbar.<\/span><\/p>\n<p>[\/et_pb_text][\/et_pb_column][\/et_pb_row][et_pb_row custom_padding=&#8221;35px|100px|35px|100px&#8221; custom_padding_tablet=&#8221;|0px|25px|0px&#8221; column_padding_mobile=&#8221;on&#8221; parallax_method_1=&#8221;off&#8221; disabled_on=&#8221;on|on|&#8221; custom_padding_last_edited=&#8221;on|desktop&#8221; _builder_version=&#8221;3.0.47&#8243; background_size=&#8221;initial&#8221; background_position=&#8221;top_left&#8221; background_repeat=&#8221;repeat&#8221;][et_pb_column type=&#8221;4_4&#8243; _builder_version=&#8221;3.0.47&#8243; column_padding_mobile=&#8221;on&#8221; parallax=&#8221;off&#8221; parallax_method=&#8221;off&#8221;][et_pb_divider color=&#8221;#eaeaea&#8221; show_divider=&#8221;on&#8221; disabled_on=&#8221;on|on|off&#8221; admin_label=&#8221;Teiler NEU&#8221; _builder_version=&#8221;3.0.47&#8243; hide_on_mobile=&#8221;on&#8221;][\/et_pb_divider][\/et_pb_column][\/et_pb_row][\/et_pb_section][et_pb_section fb_built=&#8221;1&#8243; background_color=&#8221;#ffffff&#8221; custom_padding_last_edited=&#8221;on|desktop&#8221; _builder_version=&#8221;3.0.47&#8243; custom_padding=&#8221;0px|||&#8221; transparent_background=&#8221;off&#8221;][et_pb_row custom_padding=&#8221;0px|190px||190px&#8221; custom_padding_tablet=&#8221;|0px||0px&#8221; parallax_method_1=&#8221;off&#8221; parallax_method_2=&#8221;off&#8221; padding_1_last_edited=&#8221;on|phone&#8221; padding_2_last_edited=&#8221;on|tablet&#8221; custom_padding_last_edited=&#8221;on|desktop&#8221; _builder_version=&#8221;3.0.47&#8243; background_size=&#8221;initial&#8221; background_position=&#8221;top_left&#8221; background_repeat=&#8221;repeat&#8221;][et_pb_column type=&#8221;1_2&#8243; _builder_version=&#8221;3.0.47&#8243; padding_last_edited=&#8221;on|phone&#8221; parallax=&#8221;off&#8221; parallax_method=&#8221;off&#8221;][et_pb_blurb title=&#8221;Order wall calendar&#8221; url=&#8221;https:\/\/www.shop-quaternio.de\/73\/kalender-2026-meisterwerke-der-buchmalerei-tierwelten-des-mittelalters&#8221; use_icon=&#8221;on&#8221; font_icon=&#8221;%%114%%&#8221; icon_color=&#8221;#9e9e9e&#8221; admin_label=&#8221;Shopbestellung Kalender NEU EN&#8221; _builder_version=&#8221;3.0.96&#8243; header_font=&#8221;|700|||||||&#8221; header_font_size=&#8221;16&#8243; header_text_color=&#8221;#b30033&#8243; header_line_height=&#8221;2em&#8221; body_font_size=&#8221;13&#8243; text_orientation=&#8221;center&#8221; animation=&#8221;off&#8221;]Click here to go to the online shop (only available in German) where you can order the wall calendar. Or\u00a0send us an email to <a href=\"mailto:info@quaternio.ch\" target=\"_blank\" rel=\"noopener noreferrer\">info@quaternio.ch<\/a>.<br \/>\n[\/et_pb_blurb][\/et_pb_column][et_pb_column type=&#8221;1_2&#8243; _builder_version=&#8221;3.0.47&#8243; padding_last_edited=&#8221;on|tablet&#8221; parallax=&#8221;off&#8221; parallax_method=&#8221;off&#8221;][et_pb_blurb title=&#8221;Contact us&#8221; url=&#8221;https:\/\/quaternio.ch\/en\/contact-us-you-are-welcome-here\/&#8221; use_icon=&#8221;on&#8221; font_icon=&#8221;%%109%%&#8221; icon_color=&#8221;#9e9e9e&#8221; admin_label=&#8221;Kontaktaufnahme EN&#8221; _builder_version=&#8221;3.0.96&#8243; header_font=&#8221;|on|||&#8221; header_font_size=&#8221;16&#8243; header_text_color=&#8221;#b30033&#8243; header_line_height=&#8221;2em&#8221; body_font_size=&#8221;13&#8243; background_size=&#8221;initial&#8221; background_position=&#8221;top_left&#8221; background_repeat=&#8221;repeat&#8221; text_orientation=&#8221;center&#8221; max_width_tablet=&#8221;50px&#8221; custom_margin_last_edited=&#8221;off|desktop&#8221; animation=&#8221;off&#8221; use_border_color=&#8221;off&#8221; saved_tabs=&#8221;all&#8221;]Please contact us if there are any questions about the wall calendar. We are very much looking forward to your message.<br \/>\n[\/et_pb_blurb][\/et_pb_column][\/et_pb_row][\/et_pb_section]<\/p>\n","protected":false},"excerpt":{"rendered":"<p>[et_pb_section fb_built=&#8221;1&#8243; background_color=&#8221;#ffffff&#8221; admin_label=&#8221;section&#8221; custom_padding_last_edited=&#8221;on|desktop&#8221; _builder_version=&#8221;3.0.47&#8243; transparent_background=&#8221;off&#8221;][et_pb_row custom_padding=&#8221;0px|||&#8221; padding_mobile=&#8221;off&#8221; column_padding_mobile=&#8221;on&#8221; parallax_method_1=&#8221;off&#8221; custom_padding_last_edited=&#8221;on|desktop&#8221; _builder_version=&#8221;3.0.47&#8243; background_size=&#8221;initial&#8221; background_position=&#8221;top_left&#8221; background_repeat=&#8221;repeat&#8221;][et_pb_column type=&#8221;4_4&#8243; _builder_version=&#8221;3.0.47&#8243; column_padding_mobile=&#8221;on&#8221; parallax=&#8221;off&#8221; parallax_method=&#8221;off&#8221;][et_pb_text admin_label=&#8221;Text &#8211; simulierte Navigation EN&#8221; _builder_version=&#8221;3.0.96&#8243; use_border_color=&#8221;off&#8221; saved_tabs=&#8221;all&#8221;] Art books | Catalogues | Calendar [\/et_pb_text][\/et_pb_column][\/et_pb_row][et_pb_row custom_padding=&#8221;||30px|&#8221; padding_mobile=&#8221;off&#8221; column_padding_mobile=&#8221;on&#8221; parallax_method_1=&#8221;off&#8221; custom_padding_last_edited=&#8221;on|desktop&#8221; _builder_version=&#8221;3.0.47&#8243; background_size=&#8221;initial&#8221; background_position=&#8221;top_left&#8221; background_repeat=&#8221;repeat&#8221;][et_pb_column type=&#8221;4_4&#8243; _builder_version=&#8221;3.0.47&#8243; column_padding_mobile=&#8221;on&#8221; parallax=&#8221;off&#8221; parallax_method=&#8221;off&#8221;][et_pb_text admin_label=&#8221;Text &#8211; \u00dcberschriften Wandkalender EN&#8221; [&hellip;]<\/p>\n","protected":false},"author":1,"featured_media":0,"parent":10976,"menu_order":300,"comment_status":"closed","ping_status":"closed","template":"","meta":[],"_links":{"self":[{"href":"https:\/\/quaternio.ch\/en\/wp-json\/wp\/v2\/pages\/10995"}],"collection":[{"href":"https:\/\/quaternio.ch\/en\/wp-json\/wp\/v2\/pages"}],"about":[{"href":"https:\/\/quaternio.ch\/en\/wp-json\/wp\/v2\/types\/page"}],"author":[{"embeddable":true,"href":"https:\/\/quaternio.ch\/en\/wp-json\/wp\/v2\/users\/1"}],"replies":[{"embeddable":true,"href":"https:\/\/quaternio.ch\/en\/wp-json\/wp\/v2\/comments?post=10995"}],"version-history":[{"count":22,"href":"https:\/\/quaternio.ch\/en\/wp-json\/wp\/v2\/pages\/10995\/revisions"}],"predecessor-version":[{"id":19246,"href":"https:\/\/quaternio.ch\/en\/wp-json\/wp\/v2\/pages\/10995\/revisions\/19246"}],"up":[{"embeddable":true,"href":"https:\/\/quaternio.ch\/en\/wp-json\/wp\/v2\/pages\/10976"}],"wp:attachment":[{"href":"https:\/\/quaternio.ch\/en\/wp-json\/wp\/v2\/media?parent=10995"}],"curies":[{"name":"wp","href":"https:\/\/api.w.org\/{rel}","templated":true}]}}