{"id":11005,"date":"2018-01-26T09:40:10","date_gmt":"2018-01-26T09:40:10","guid":{"rendered":"https:\/\/quaternio.ch\/?page_id=11005\/"},"modified":"2024-07-25T12:43:41","modified_gmt":"2024-07-25T12:43:41","slug":"our-partners-libraries-archives-museums","status":"publish","type":"page","link":"https:\/\/quaternio.ch\/en\/about-us\/our-partners-libraries-archives-museums\/","title":{"rendered":"Our Partners &#8211; Libraries, Archives, Museums, Antiquarian Booksellers"},"content":{"rendered":"<p>[et_pb_section fb_built=&#8221;1&#8243; background_color=&#8221;#ffffff&#8221; make_equal=&#8221;on&#8221; specialty=&#8221;on&#8221; background_color_1=&#8221;#f5f5f5&#8243; padding_top_1=&#8221;34px&#8221; padding_left_1=&#8221;23px&#8221; padding_1_tablet=&#8221;|||23px&#8221; padding_1_last_edited=&#8221;on|desktop&#8221; _builder_version=&#8221;3.0.96&#8243;][et_pb_column type=&#8221;1_4&#8243; _builder_version=&#8221;3.0.47&#8243; padding_tablet=&#8221;|||23px&#8221; padding_last_edited=&#8221;on|desktop&#8221; padding_left=&#8221;23px&#8221; padding_top=&#8221;34px&#8221; background_color=&#8221;#f5f5f5&#8243; parallax=&#8221;off&#8221; parallax_method=&#8221;on&#8221;][et_pb_text admin_label=&#8221;Text &#8211; Link Team EN&#8221; _builder_version=&#8221;3.0.96&#8243; text_font_size=&#8221;15&#8243; text_line_height=&#8221;1.8em&#8221; background_size=&#8221;initial&#8221; background_position=&#8221;top_left&#8221; background_repeat=&#8221;repeat&#8221; custom_padding_last_edited=&#8221;off|desktop&#8221; use_border_color=&#8221;off&#8221; saved_tabs=&#8221;all&#8221;]<a href=\"https:\/\/quaternio.ch\/en\/about-us\/\"><span style=\"font-size: 12pt;\"><strong>Team<\/strong><\/span><\/a><br \/>\n[\/et_pb_text][et_pb_text admin_label=&#8221;Text &#8211; Inaktiver Link Unsere Partner EN&#8221; _builder_version=&#8221;3.0.96&#8243; text_font_size=&#8221;15&#8243; text_line_height=&#8221;1.8em&#8221; background_size=&#8221;initial&#8221; background_position=&#8221;top_left&#8221; background_repeat=&#8221;repeat&#8221; custom_padding_last_edited=&#8221;on|desktop&#8221; use_border_color=&#8221;off&#8221; saved_tabs=&#8221;all&#8221;]<span style=\"font-size: 12pt; color: #333333;\"><strong>Our Partners<\/strong><\/span><br \/>\n[\/et_pb_text][et_pb_text admin_label=&#8221;Text &#8211; Link Stimmen zum Verlag EN&#8221; _builder_version=&#8221;3.0.96&#8243; text_font_size=&#8221;15&#8243; text_line_height=&#8221;1.2em&#8221; background_size=&#8221;initial&#8221; background_position=&#8221;top_left&#8221; background_repeat=&#8221;repeat&#8221; custom_padding_last_edited=&#8221;off|desktop&#8221; use_border_color=&#8221;off&#8221; saved_tabs=&#8221;all&#8221;]<strong><a href=\"https:\/\/quaternio.ch\/ueber-uns-wer-wir-sind\/stimmen-zum-verlag\/\"><span style=\"font-size: 12pt;\">Commentaries<\/span><br \/>\n<span style=\"font-size: 8pt;\">(only available in German)<\/span><\/a><\/strong><br \/>\n[\/et_pb_text][\/et_pb_column][et_pb_column type=&#8221;3_4&#8243; specialty_columns=&#8221;3&#8243; _builder_version=&#8221;3.0.47&#8243; parallax=&#8221;off&#8221; parallax_method=&#8221;on&#8221;][et_pb_row_inner admin_label=&#8221;Zeile&#8221; _builder_version=&#8221;3.0.96&#8243;][et_pb_column_inner type=&#8221;4_4&#8243; saved_specialty_column_type=&#8221;3_4&#8243; _builder_version=&#8221;3.0.47&#8243; box_shadow_position=&#8221;outer&#8221; parallax=&#8221;off&#8221; parallax_method=&#8221;on&#8221;][et_pb_text admin_label=&#8221;Text &#8211; \u00dcberschriften Partner EN&#8221; _builder_version=&#8221;3.0.96&#8243; use_border_color=&#8221;off&#8221;]<\/p>\n<h1><span style=\"font-size: 18pt;\"><strong>Our Partners<\/strong><\/span><\/h1>\n<h2><em><span style=\"font-size: 14pt;\">Network \u00abRe-mediating the early book: pasts and futures\u00bb<\/span><\/em><\/h2>\n<p>[\/et_pb_text][et_pb_image src=&#8221;https:\/\/quaternio.ch\/wp-content\/uploads\/2024\/07\/REBPAF_Logo_EP_RGB_2024.png&#8221; url=&#8221;https:\/\/www.universityofgalway.ie\/rebpaf\/&#8221; url_new_window=&#8221;on&#8221; _builder_version=&#8221;3.0.96&#8243;][\/et_pb_image][et_pb_text _builder_version=&#8221;3.0.96&#8243;]<\/p>\n<p><span style=\"color: #666666;\"><span style=\"font-size: 12pt;\">Quaternio Editions Lucerne is proud to be a selected &#8220;Industry Partner&#8221; in one of the prestigious Marie Sk\u0142odowska-Curie Actions Doctoral Networks: &#8220;Re-mediating the Early Book: Pasts and Futures (REBPAF)&#8221;. This fascinating project, which explores the medieval media shift from manuscript to printed books, is funded by the European Union, the Swiss State Secretariat for Education, Research and Innovation and UK Research and Innovation.<\/span><\/span><br \/> <span style=\"color: #666666;\"><span style=\"font-size: 12pt;\"><br \/> As an &#8220;Industry Partner&#8221;, we offer a doctoral student from the University of Zurich the unique opportunity to learn about the diverse tasks and processes in a publishing house specializing in the publication of faithful facsimile editions of medieval manuscripts as part of a practical internship outside the university.<br \/> <\/span><\/span><span style=\"color: #666666;\"><span style=\"font-size: 12pt;\"><br \/> The publisher itself does not receive any financial support for this project. Rather, the appreciation lies in the opportunity to make a valuable contribution to the exchange of knowledge between science and industry through this cooperation and to strengthen the dialog between research and practice. It is precisely this practical relevance that is often neglected in everyday academic life.<br \/> <\/span><\/span><\/p>\n<p><span style=\"color: #666666;\"><span style=\"font-size: 12pt;\"><a href=\"https:\/\/www.universityofgalway.ie\/rebpaf\/\" target=\"_blank\" rel=\"noopener noreferrer\">REBPAF Homepage<\/a><br \/> <a href=\"https:\/\/rebpaf.wordpress.com\/\" target=\"_blank\" rel=\"noopener noreferrer\">REBPAF Blog<\/a><br \/> <a href=\"https:\/\/www.sglp.uzh.ch\/de\/research\/mlat\/re-mediating.html\" target=\"_blank\" rel=\"noopener noreferrer\">REBPAF at the University of Zurich<\/a><br \/> <\/span><\/span><\/p>\n<p>[\/et_pb_text][et_pb_image src=&#8221;https:\/\/quaternio.ch\/wp-content\/uploads\/2024\/07\/linee.jpg&#8221; _builder_version=&#8221;3.0.96&#8243;][\/et_pb_image][et_pb_text admin_label=&#8221;Text &#8211; \u00dcberschriften Partner EN&#8221; _builder_version=&#8221;3.0.96&#8243; use_border_color=&#8221;off&#8221;]<\/p>\n<h2><em><span style=\"font-size: 14pt;\">Libraries, Archives, Museums, Antiquarian Booksellers<\/span><\/em><\/h2>\n<p>\u00a0<\/p>\n<p>[\/et_pb_text][et_pb_image src=&#8221;https:\/\/quaternio.ch\/wp-content\/uploads\/2024\/07\/Icon_Bibliothek-1.png&#8221; _builder_version=&#8221;3.0.96&#8243;][\/et_pb_image][et_pb_text admin_label=&#8221;Text &#8211; Verlinkte Liste der Institutionen EN&#8221; _builder_version=&#8221;3.0.96&#8243; custom_padding=&#8221;9px|||&#8221; custom_padding_last_edited=&#8221;on|desktop&#8221; use_border_color=&#8221;off&#8221;]<\/p>\n<h3><span style=\"color: #666666;\"><a style=\"color: #b666666;\" href=\"http:\/\/www.library.wales\" target=\"_blank\" rel=\"noopener\"><span style=\"font-size: 12pt;\">National Library of Wales, Aberystwyth, United Kingdom<\/span><\/a><\/span><\/h3>\n<h3><span style=\"color: #666666;\"><a style=\"color: #b666666;\" href=\"https:\/\/www.aachener-domschatz.de\" target=\"_blank\" rel=\"noopener\"><span style=\"font-size: 12pt;\">Domschatzkammer Aachen, Germany<\/span><\/a><\/span><\/h3>\n<h3><span style=\"color: #666666;\"><a style=\"color: #b666666;\" href=\"http:\/\/www.hofbibliothek-ab.de\/\" target=\"_blank\" rel=\"noopener\"><span style=\"font-size: 12pt;\">Hofbibliothek Aschaffenburg, Germany<\/span><\/a><\/span><\/h3>\n<h3><span style=\"color: #666666;\"><a style=\"color: #666666;\" href=\"http:\/\/kunstsammlungen-museen.augsburg.de\/maximilianmuseum\" rel=\"noopener\"><span style=\"font-size: 12pt;\">Maximilianmuseum Augsburg, Germany<\/span><\/a><\/span><\/h3>\n<h3><span style=\"color: #666666;\"><a style=\"color: #666666;\" href=\"https:\/\/www.sustb-augsburg.de\" target=\"_blank\" rel=\"noopener\"><span style=\"font-size: 12pt;\">Staats- und Stadtbibliothek Augsburg, Germany<\/span><\/a><\/span><\/h3>\n<h3><span style=\"color: #666666;\"><a style=\"color: #666666;\" href=\"https:\/\/art.thewalters.org\/browse\/\" target=\"_blank\" rel=\"noopener\"><span style=\"font-size: 12pt;\">Walters Art Museum, Baltimore, USA<\/span><\/a><\/span><\/h3>\n<h3><span style=\"color: #666666;\"><a style=\"color: #666666;\" href=\"https:\/\/www.staatsbibliothek-bamberg.de\/\" target=\"_blank\" rel=\"noopener\"><span style=\"font-size: 12pt;\">Staatsbibliothek Bamberg, Germany<\/span><\/a><\/span><\/h3>\n<h3><span style=\"color: #666666;\"><a style=\"color: #666666;\" href=\"https:\/\/guenther-rarebooks.com\/\" target=\"_blank\" rel=\"noopener\"><span style=\"font-size: 12pt;\">Dr. J\u00f6rn G\u00fcnther Rare Books, Basel, Switzerland<\/span><\/a><\/span><\/h3>\n<h3><span style=\"color: #666666;\"><a style=\"color: #666666;\" href=\"http:\/\/www.bm-besancon.fr\/#\" target=\"_blank\" rel=\"noopener\"><span style=\"font-size: 12pt;\">Biblioth\u00e8que municipale de Besan\u00e7on, France<\/span><\/a><\/span><\/h3>\n<h3><span style=\"color: #666666;\"><a style=\"color: #666666;\" href=\"https:\/\/www.dom-brandenburg.de\" target=\"_blank\" rel=\"noopener\"><span style=\"font-size: 12pt;\">Domstift Brandenburg, Germany<\/span><\/a><\/span><\/h3>\n<h3><span style=\"color: #666666;\"><a style=\"color: #666666;\" href=\"https:\/\/www.kcb.be\/en\/Library\" target=\"_blank\" rel=\"noopener\"><span style=\"font-size: 12pt;\">Biblioth\u00e8que royale de Belgique, Brussels, Belgium<\/span><\/a><\/span><\/h3>\n<h3><span style=\"color: #666666;\"><a style=\"color: #666666;\" href=\"http:\/\/www.mediathequedecambrai.fr\/\" target=\"_blank\" rel=\"noopener\"><span style=\"font-size: 12pt;\">M\u00e9diath\u00e8que d\u2019Agglom\u00e9ration de Cambrai, France<\/span><\/a><\/span><\/h3>\n<h3><span style=\"color: #666666;\"><a style=\"color: #666666;\" href=\"http:\/\/www.corpus.cam.ac.uk\/\" target=\"_blank\" rel=\"noopener\"><span style=\"font-size: 12pt;\">Corpus Christi College, Cambridge, United Kingdom<\/span><\/a><\/span><\/h3>\n<h3><span style=\"color: #666666;\"><a style=\"color: #666666;\" href=\"http:\/\/www.fitzmuseum.cam.ac.uk\/\" target=\"_blank\" rel=\"noopener\"><span style=\"font-size: 12pt;\">Fitzwilliam Museum, Cambridge, United Kingdom<\/span><\/a><\/span><\/h3>\n<h3><span style=\"color: #666666;\"><a style=\"color: #666666;\" href=\"http:\/\/www.museoarcheologicocividale.beniculturali.it\" target=\"_blank\" rel=\"noopener\"><span style=\"font-size: 12pt;\">Museo Archeologico Nazionale Cividale del Friuli, Italy <\/span><\/a><\/span><\/h3>\n<h3><span style=\"color: #666666;\"><a style=\"color: #666666;\" href=\"http:\/\/www.kloster-einsiedeln.ch\/?id=154\" target=\"_blank\" rel=\"noopener\"><span style=\"font-size: 12pt;\">Stiftsbibliothek Kloster Einsiedeln, Switzerland<\/span><\/a><\/span><\/h3>\n<h3><span style=\"color: #666666;\"><a style=\"color: #666666;\" href=\"https:\/\/www.uni-erfurt.de\/bibliothek\/fb\/\" target=\"_blank\" rel=\"noopener\"><span style=\"font-size: 12pt;\">Forschungsbibliothek Gotha, Germany<\/span><\/a><\/span><\/h3>\n<h3><span style=\"color: #666666;\"><a style=\"color: #666666;\" href=\"https:\/\/www.teylersmuseum.nl\/en\/\" target=\"_blank\" rel=\"noopener\"><span style=\"font-size: 12pt;\">Teylers Museum, Haarlem, Netherlands<\/span><\/a><\/span><\/h3>\n<h3><span style=\"color: #666666;\"><a style=\"color: #666666;\" href=\"https:\/\/www.blb-karlsruhe.de\/\" target=\"_blank\" rel=\"noopener\"><span style=\"font-size: 12pt;\">Badische Landesbibliothek, Karlsruhe, Germany<\/span><\/a><\/span><\/h3>\n<h3><span style=\"color: #666666;\"><a style=\"color: #666666;\" href=\"http:\/\/www.dombibliothek-koeln.de\/\" target=\"_blank\" rel=\"noopener\"><span style=\"font-size: 12pt;\">Erzbisch\u00f6fliche Di\u00f6zesan- und Dombibliothek K\u00f6ln (Cologne), Germany<\/span><\/a><\/span><\/h3>\n<h3><span style=\"color: #666666;\"><a style=\"color: #666666;\" href=\"http:\/\/www.bl.uk\/\" target=\"_blank\" rel=\"noopener\"><span style=\"font-size: 12pt;\">British Library, London, United Kingdom<\/span><\/a><\/span><\/h3>\n<h3><span style=\"color: #666666;\"><a style=\"color: #666666;\" href=\"http:\/\/www.getty.edu\/museum\/\" target=\"_blank\" rel=\"noopener\"><span style=\"font-size: 12pt;\">J. Paul Getty Museum, Los Angeles, USA<\/span><\/a><\/span><\/h3>\n<h3><span style=\"color: #666666;\"><a style=\"color: #666666;\" href=\"http:\/\/www.zhbluzern.ch\/home\/\" target=\"_blank\" rel=\"noopener\"><span style=\"font-size: 12pt;\">Zentral- und Hochschulbibliothek Luzern (Lucerne), Switzerland<\/span><\/a><\/span><\/h3>\n<h3><span style=\"color: #666666;\"><a style=\"color: #666666;\" href=\"https:\/\/www.bsb-muenchen.de\/index.php\" target=\"_blank\" rel=\"noopener\"><span style=\"font-size: 12pt;\">Bayerische Staatsbibliothek, M\u00fcnchen (Munich), Germany<\/span><\/a><\/span><\/h3>\n<h3><span style=\"color: #666666;\"><a style=\"color: #666666;\" href=\"http:\/\/beinecke.library.yale.edu\/\" target=\"_blank\" rel=\"noopener\"><span style=\"font-size: 12pt;\">Beinecke Rare Books &amp; Manuscript Library, Yale University, New Haven, USA<\/span><\/a><\/span><\/h3>\n<h3><span style=\"color: #666666;\"><a style=\"color: #666666;\" href=\"http:\/\/www.themorgan.org\/\" target=\"_blank\" rel=\"noopener\"><span style=\"font-size: 12pt;\">The Morgan Library &amp; Museum, New York City, USA<\/span><\/a><\/span><\/h3>\n<h3><span style=\"color: #666666;\"><a style=\"color: #666666;\" href=\"http:\/\/www.bistum-osnabrueck.de\/kultur\/dioezesanarchiv.html\" target=\"_blank\" rel=\"noopener\"><span style=\"font-size: 12pt;\">Di\u00f6zesanarchiv Osnabr\u00fcck, Germany<\/span><\/a><\/span><\/h3>\n<h3><span style=\"color: #666666;\"><a style=\"color: #666666;\" href=\"http:\/\/www.bodleian.ox.ac.uk\/home\" target=\"_blank\" rel=\"noopener\"><span style=\"font-size: 12pt;\">Bodleian Libraries, Oxford, United Kingdom<\/span><\/a><\/span><\/h3>\n<h3><span style=\"color: #666666;\"><a style=\"color: #666666;\" href=\"http:\/\/www.bnf.fr\/en\/tools\/a.welcome_to_the_bnf.html\" target=\"_blank\" rel=\"noopener\"><span style=\"font-size: 12pt;\">Biblioth\u00e8que nationale de France, Paris, France<\/span><\/a><\/span><\/h3>\n<h3><span style=\"color: #666666;\"><a style=\"color: #666666;\" href=\"http:\/\/archiv.abtei-muri.ch\/\" target=\"_blank\" rel=\"noopener\"><span style=\"font-size: 12pt;\">Stiftsarchiv Muri-Gries in Sarnen, Switzerland<\/span><\/a><\/span><\/h3>\n<h3><span style=\"color: #666666;\"><a style=\"color: #666666;\" href=\"https:\/\/www.allerheiligen.ch\/de\/\" target=\"_blank\" rel=\"noopener\"><span style=\"font-size: 12pt;\">Museum zu Allerheiligen Schaffhausen, Switzerland<\/span><\/a><\/span><\/h3>\n<h3><span style=\"color: #666666;\"><a style=\"color: #666666;\" href=\"http:\/\/www.staatsgalerie.de\/\" target=\"_blank\" rel=\"noopener\"><span style=\"font-size: 12pt;\">Staatsgalerie Stuttgart, Germany<\/span><\/a><\/span><\/h3>\n<h3><span style=\"color: #666666;\"><a style=\"color: #666666;\" href=\"http:\/\/www.stadtbibliothek-weberbach.de\/stadtbibliothek-trier\/\" target=\"_blank\" rel=\"noopener\"><span style=\"font-size: 12pt;\">Stadtbibliothek Trier, Germany<\/span><\/a><\/span><\/h3>\n<h3><span style=\"color: #666666;\"><a style=\"color: #b666666;\" href=\"https:\/\/www.onb.ac.at\" _blank\"=\"\" rel=\"noopener\"><span style=\"font-size: 12pt;\">\u00d6sterreichische Nationalbibliothek, Vienna, Austria<\/span><\/a><\/span><\/h3>\n<h3><span style=\"color: #666666;\"><a style=\"color: #666666;\" href=\"https:\/\/www.rct.uk\/collection\/about-the-collection\/the-royal-library-and-royal-archives\" target=\"_blank\" rel=\"noopener\"><span style=\"font-size: 12pt;\">Royal Library, Windsor Castle, Windsor, United Kingdom<\/span><\/a><\/span><\/h3>\n<h3>\n<span style=\"color: #666666;\"><a style=\"color: #666666;\" href=\"http:\/\/www.zb.uzh.ch\/\" target=\"_blank\" rel=\"noopener\"><span style=\"font-size: 12pt;\">Zentralbibliothek Z\u00fcrich (Zurich), Switzerland<\/span><\/a><\/span><\/h3>\n<p>[\/et_pb_text][\/et_pb_column_inner][\/et_pb_row_inner][\/et_pb_column][\/et_pb_section]<\/p>\n","protected":false},"excerpt":{"rendered":"<p>[et_pb_section fb_built=&#8221;1&#8243; background_color=&#8221;#ffffff&#8221; make_equal=&#8221;on&#8221; specialty=&#8221;on&#8221; background_color_1=&#8221;#f5f5f5&#8243; padding_top_1=&#8221;34px&#8221; padding_left_1=&#8221;23px&#8221; padding_1_tablet=&#8221;|||23px&#8221; padding_1_last_edited=&#8221;on|desktop&#8221; _builder_version=&#8221;3.0.96&#8243;][et_pb_column type=&#8221;1_4&#8243; _builder_version=&#8221;3.0.47&#8243; padding_tablet=&#8221;|||23px&#8221; padding_last_edited=&#8221;on|desktop&#8221; padding_left=&#8221;23px&#8221; padding_top=&#8221;34px&#8221; background_color=&#8221;#f5f5f5&#8243; parallax=&#8221;off&#8221; parallax_method=&#8221;on&#8221;][et_pb_text admin_label=&#8221;Text &#8211; Link Team EN&#8221; _builder_version=&#8221;3.0.96&#8243; text_font_size=&#8221;15&#8243; text_line_height=&#8221;1.8em&#8221; background_size=&#8221;initial&#8221; background_position=&#8221;top_left&#8221; background_repeat=&#8221;repeat&#8221; custom_padding_last_edited=&#8221;off|desktop&#8221; use_border_color=&#8221;off&#8221; saved_tabs=&#8221;all&#8221;]Team [\/et_pb_text][et_pb_text admin_label=&#8221;Text &#8211; Inaktiver Link Unsere Partner EN&#8221; _builder_version=&#8221;3.0.96&#8243; text_font_size=&#8221;15&#8243; text_line_height=&#8221;1.8em&#8221; background_size=&#8221;initial&#8221; background_position=&#8221;top_left&#8221; background_repeat=&#8221;repeat&#8221; custom_padding_last_edited=&#8221;on|desktop&#8221; use_border_color=&#8221;off&#8221; saved_tabs=&#8221;all&#8221;]Our Partners [\/et_pb_text][et_pb_text admin_label=&#8221;Text &#8211; [&hellip;]<\/p>\n","protected":false},"author":1,"featured_media":0,"parent":11021,"menu_order":10,"comment_status":"closed","ping_status":"closed","template":"","meta":[],"_links":{"self":[{"href":"https:\/\/quaternio.ch\/en\/wp-json\/wp\/v2\/pages\/11005"}],"collection":[{"href":"https:\/\/quaternio.ch\/en\/wp-json\/wp\/v2\/pages"}],"about":[{"href":"https:\/\/quaternio.ch\/en\/wp-json\/wp\/v2\/types\/page"}],"author":[{"embeddable":true,"href":"https:\/\/quaternio.ch\/en\/wp-json\/wp\/v2\/users\/1"}],"replies":[{"embeddable":true,"href":"https:\/\/quaternio.ch\/en\/wp-json\/wp\/v2\/comments?post=11005"}],"version-history":[{"count":34,"href":"https:\/\/quaternio.ch\/en\/wp-json\/wp\/v2\/pages\/11005\/revisions"}],"predecessor-version":[{"id":17596,"href":"https:\/\/quaternio.ch\/en\/wp-json\/wp\/v2\/pages\/11005\/revisions\/17596"}],"up":[{"embeddable":true,"href":"https:\/\/quaternio.ch\/en\/wp-json\/wp\/v2\/pages\/11021"}],"wp:attachment":[{"href":"https:\/\/quaternio.ch\/en\/wp-json\/wp\/v2\/media?parent=11005"}],"curies":[{"name":"wp","href":"https:\/\/api.w.org\/{rel}","templated":true}]}}