{"id":12271,"date":"2018-09-03T08:12:13","date_gmt":"2018-09-03T08:12:13","guid":{"rendered":"https:\/\/quaternio.ch\/?page_id=12271\/"},"modified":"2020-02-03T13:20:28","modified_gmt":"2020-02-03T13:20:28","slug":"prospektanforderung-faksimile-editionen-fr","status":"publish","type":"page","link":"https:\/\/quaternio.ch\/fr\/editions-en-fac-simile\/prospektanforderung-faksimile-editionen-fr\/","title":{"rendered":"Prospektanforderung Faksimile-Editionen FR"},"content":{"rendered":"<p>[et_pb_section bb_built=&nbsp;&raquo;1&Prime; fullwidth=&nbsp;&raquo;off&nbsp;&raquo; specialty=&nbsp;&raquo;off&nbsp;&raquo;][et_pb_row make_fullwidth=&nbsp;&raquo;off&nbsp;&raquo; use_custom_width=&nbsp;&raquo;off&nbsp;&raquo; width_unit=&nbsp;&raquo;on&nbsp;&raquo; use_custom_gutter=&nbsp;&raquo;off&nbsp;&raquo; custom_padding=&nbsp;&raquo;15px||35px|&nbsp;&raquo; custom_padding_tablet=&nbsp;&raquo;||20px|&nbsp;&raquo; custom_padding_last_edited=&nbsp;&raquo;on|desktop&nbsp;&raquo; allow_player_pause=&nbsp;&raquo;off&nbsp;&raquo; parallax=&nbsp;&raquo;off&nbsp;&raquo; parallax_method=&nbsp;&raquo;off&nbsp;&raquo; make_equal=&nbsp;&raquo;off&nbsp;&raquo; parallax_1=&nbsp;&raquo;off&nbsp;&raquo; parallax_method_1=&nbsp;&raquo;off&nbsp;&raquo; parallax_2=&nbsp;&raquo;off&nbsp;&raquo; parallax_method_2=&nbsp;&raquo;off&nbsp;&raquo; parallax_3=&nbsp;&raquo;off&nbsp;&raquo; parallax_method_3=&nbsp;&raquo;off&nbsp;&raquo; background_position=&nbsp;&raquo;top_left&nbsp;&raquo; background_repeat=&nbsp;&raquo;repeat&nbsp;&raquo; background_size=&nbsp;&raquo;initial&nbsp;&raquo;][et_pb_column type=&nbsp;&raquo;1_4&Prime;][\/et_pb_column][et_pb_column type=&nbsp;&raquo;1_2&Prime;][et_pb_text admin_label=&nbsp;&raquo;Text &#8211; Faksimiles &#8211; Prospektanforderung FR&nbsp;&raquo; background_layout=&nbsp;&raquo;light&nbsp;&raquo; use_border_color=&nbsp;&raquo;off&nbsp;&raquo; background_position=&nbsp;&raquo;top_left&nbsp;&raquo; background_repeat=&nbsp;&raquo;repeat&nbsp;&raquo; background_size=&nbsp;&raquo;initial&nbsp;&raquo; _builder_version=&nbsp;&raquo;3.0.96&Prime;]<\/p>\n<h1 style=\"text-align: left;\"><strong><span style=\"font-size: 18pt;\">\u00c9ditions en fac-simil\u00e9<\/span&gt;<\/span><\/strong><\/h1>\n<h2 style=\"text-align: left;\"><span style=\"font-size: 14pt;\"><em>Demande d\u2019informations<\/em><\/span><\/h2>\n<p>[\/et_pb_text][et_pb_text admin_label=&nbsp;&raquo;Text &#8211; Kontaktformular Prospektanforderung FR&nbsp;&raquo; background_layout=&nbsp;&raquo;light&nbsp;&raquo; use_border_color=&nbsp;&raquo;off&nbsp;&raquo; background_position=&nbsp;&raquo;top_left&nbsp;&raquo; background_repeat=&nbsp;&raquo;repeat&nbsp;&raquo; background_size=&nbsp;&raquo;initial&nbsp;&raquo; _builder_version=&nbsp;&raquo;3.0.96&Prime;]<\/p>\n<div role=\"form\" class=\"wpcf7\" id=\"wpcf7-f12511-o1\" lang=\"de-DE\" dir=\"ltr\">\n<div class=\"screen-reader-response\"><p role=\"status\" aria-live=\"polite\" aria-atomic=\"true\"><\/p> <ul><\/ul><\/div>\n<form action=\"\/fr\/wp-json\/wp\/v2\/pages\/12271#wpcf7-f12511-o1\" method=\"post\" class=\"wpcf7-form init\" novalidate=\"novalidate\" data-status=\"init\">\n<div style=\"display: none;\">\n<input type=\"hidden\" name=\"_wpcf7\" value=\"12511\" \/>\n<input type=\"hidden\" name=\"_wpcf7_version\" value=\"5.5.2\" \/>\n<input type=\"hidden\" name=\"_wpcf7_locale\" value=\"de_DE\" \/>\n<input type=\"hidden\" name=\"_wpcf7_unit_tag\" value=\"wpcf7-f12511-o1\" \/>\n<input type=\"hidden\" name=\"_wpcf7_container_post\" value=\"0\" \/>\n<input type=\"hidden\" name=\"_wpcf7_posted_data_hash\" value=\"\" \/>\n<\/div>\n<p><strong><span style=\"color: #333333;\">Je m'int\u00e9resse \u00e0 l'\u00e9dition en fac-simil\u00e9 de:<\/span><\/strong><br \/>\n&nbsp;<br \/>\n<span class=\"wpcf7-form-control-wrap checkbox-963\"><span class=\"wpcf7-form-control wpcf7-checkbox\"><span class=\"wpcf7-list-item first\"><input type=\"checkbox\" name=\"checkbox-963[]\" value=\"Le livre d\u2019heures Spinola\" \/><span class=\"wpcf7-list-item-label\">Le livre d\u2019heures Spinola<\/span><\/span><span class=\"wpcf7-list-item\"><input type=\"checkbox\" name=\"checkbox-963[]\" value=\"Le Wigalois de Wirnt von Grafenberg\" \/><span class=\"wpcf7-list-item-label\">Le Wigalois de Wirnt von Grafenberg<\/span><\/span><span class=\"wpcf7-list-item\"><input type=\"checkbox\" name=\"checkbox-963[]\" value=\"Les Cantiques de Rothschild\" \/><span class=\"wpcf7-list-item-label\">Les Cantiques de Rothschild<\/span><\/span><span class=\"wpcf7-list-item\"><input type=\"checkbox\" name=\"checkbox-963[]\" value=\"Le Psautier dor\u00e9 de Saint-Gall\" \/><span class=\"wpcf7-list-item-label\">Le Psautier dor\u00e9 de Saint-Gall<\/span><\/span><span class=\"wpcf7-list-item\"><input type=\"checkbox\" name=\"checkbox-963[]\" value=\"La Bible histori\u00e9e de Padoue\" \/><span class=\"wpcf7-list-item-label\">La Bible histori\u00e9e de Padoue<\/span><\/span><span class=\"wpcf7-list-item\"><input type=\"checkbox\" name=\"checkbox-963[]\" value=\"Le Psautier de Marie Tudor\" \/><span class=\"wpcf7-list-item-label\">Le Psautier de Marie Tudor<\/span><\/span><span class=\"wpcf7-list-item\"><input type=\"checkbox\" name=\"checkbox-963[]\" value=\"Un calendrier astrologique et m\u00e9dical\" \/><span class=\"wpcf7-list-item-label\">Un calendrier astrologique et m\u00e9dical<\/span><\/span><span class=\"wpcf7-list-item\"><input type=\"checkbox\" name=\"checkbox-963[]\" value=\"L\u2019\u00c9vang\u00e9liaire de Brandebourg\" \/><span class=\"wpcf7-list-item-label\">L\u2019\u00c9vang\u00e9liaire de Brandebourg<\/span><\/span><span class=\"wpcf7-list-item\"><input type=\"checkbox\" name=\"checkbox-963[]\" value=\"Les Heures Bri\u00e7onnet\" \/><span class=\"wpcf7-list-item-label\">Les Heures Bri\u00e7onnet<\/span><\/span><span class=\"wpcf7-list-item\"><input type=\"checkbox\" name=\"checkbox-963[]\" value=\"Le Missel de Stammheim\" \/><span class=\"wpcf7-list-item-label\">Le Missel de Stammheim<\/span><\/span><span class=\"wpcf7-list-item\"><input type=\"checkbox\" name=\"checkbox-963[]\" value=\"La Gen\u00e8se de Vienne\" \/><span class=\"wpcf7-list-item-label\">La Gen\u00e8se de Vienne<\/span><\/span><span class=\"wpcf7-list-item\"><input type=\"checkbox\" name=\"checkbox-963[]\" value=\"Les Constellations de l\u2019Antiquit\u00e9\" \/><span class=\"wpcf7-list-item-label\">Les Constellations de l\u2019Antiquit\u00e9<\/span><\/span><span class=\"wpcf7-list-item\"><input type=\"checkbox\" name=\"checkbox-963[]\" value=\"Tr\u00e9sors de l\u2019enluminure de l\u2019\u00eele de Reichenau\" \/><span class=\"wpcf7-list-item-label\">Tr\u00e9sors de l\u2019enluminure de l\u2019\u00eele de Reichenau<\/span><\/span><span class=\"wpcf7-list-item\"><input type=\"checkbox\" name=\"checkbox-963[]\" value=\"Le Psautier de Bamberg\" \/><span class=\"wpcf7-list-item-label\">Le Psautier de Bamberg<\/span><\/span><span class=\"wpcf7-list-item\"><input type=\"checkbox\" name=\"checkbox-963[]\" value=\"Der Welsche Gast\" \/><span class=\"wpcf7-list-item-label\">Der Welsche Gast<\/span><\/span><span class=\"wpcf7-list-item\"><input type=\"checkbox\" name=\"checkbox-963[]\" value=\"Les Heures de Savoie\" \/><span class=\"wpcf7-list-item-label\">Les Heures de Savoie<\/span><\/span><span class=\"wpcf7-list-item\"><input type=\"checkbox\" name=\"checkbox-963[]\" value=\"Le Psautier de Breslau\" \/><span class=\"wpcf7-list-item-label\">Le Psautier de Breslau<\/span><\/span><span class=\"wpcf7-list-item\"><input type=\"checkbox\" name=\"checkbox-963[]\" value=\"L\u2019\u00c9vang\u00e9liaire de Passau\" \/><span class=\"wpcf7-list-item-label\">L\u2019\u00c9vang\u00e9liaire de Passau<\/span><\/span><span class=\"wpcf7-list-item\"><input type=\"checkbox\" name=\"checkbox-963[]\" value=\"L\u2019Apocalypse de Cambrai\" \/><span class=\"wpcf7-list-item-label\">L\u2019Apocalypse de Cambrai<\/span><\/span><span class=\"wpcf7-list-item\"><input type=\"checkbox\" name=\"checkbox-963[]\" value=\"Les Heures Sobieski\" \/><span class=\"wpcf7-list-item-label\">Les Heures Sobieski<\/span><\/span><span class=\"wpcf7-list-item\"><input type=\"checkbox\" name=\"checkbox-963[]\" value=\"Le Chronique flamande de Philippe le Beau\" \/><span class=\"wpcf7-list-item-label\">Le Chronique flamande de Philippe le Beau<\/span><\/span><span class=\"wpcf7-list-item\"><input type=\"checkbox\" name=\"checkbox-963[]\" value=\"Le L\u00e9gendier des Sforza (\u00c9PUIS\u00c9)\" \/><span class=\"wpcf7-list-item-label\">Le L\u00e9gendier des Sforza (\u00c9PUIS\u00c9)<\/span><\/span><span class=\"wpcf7-list-item\"><input type=\"checkbox\" name=\"checkbox-963[]\" value=\"Le Psautier de Peterborough\" \/><span class=\"wpcf7-list-item-label\">Le Psautier de Peterborough<\/span><\/span><span class=\"wpcf7-list-item\"><input type=\"checkbox\" name=\"checkbox-963[]\" value=\"Le Miroir de l\u2019humaine salvation de l\u2019abbaye d\u2019Einsiedeln\" \/><span class=\"wpcf7-list-item-label\">Le Miroir de l\u2019humaine salvation de l\u2019abbaye d\u2019Einsiedeln<\/span><\/span><span class=\"wpcf7-list-item\"><input type=\"checkbox\" name=\"checkbox-963[]\" value=\"Le Codex Gisle\" \/><span class=\"wpcf7-list-item-label\">Le Codex Gisle<\/span><\/span><span class=\"wpcf7-list-item\"><input type=\"checkbox\" name=\"checkbox-963[]\" value=\"Le Roman d\u2019Alexandre de Paris\" \/><span class=\"wpcf7-list-item-label\">Le Roman d\u2019Alexandre de Paris<\/span><\/span><span class=\"wpcf7-list-item\"><input type=\"checkbox\" name=\"checkbox-963[]\" value=\"Les Heures de Marguerite d\u2019Orl\u00e9ans\" \/><span class=\"wpcf7-list-item-label\">Les Heures de Marguerite d\u2019Orl\u00e9ans<\/span><\/span><span class=\"wpcf7-list-item\"><input type=\"checkbox\" name=\"checkbox-963[]\" value=\"L\u2019Apocalypse de Corpus Christi College\" \/><span class=\"wpcf7-list-item-label\">L\u2019Apocalypse de Corpus Christi College<\/span><\/span><span class=\"wpcf7-list-item\"><input type=\"checkbox\" name=\"checkbox-963[]\" value=\"L\u2019Ab\u00e9c\u00e9daire de Claude de France\" \/><span class=\"wpcf7-list-item-label\">L\u2019Ab\u00e9c\u00e9daire de Claude de France<\/span><\/span><span class=\"wpcf7-list-item\"><input type=\"checkbox\" name=\"checkbox-963[]\" value=\"L\u2019\u00c9vang\u00e9liaire de Spire\" \/><span class=\"wpcf7-list-item-label\">L\u2019\u00c9vang\u00e9liaire de Spire<\/span><\/span><span class=\"wpcf7-list-item\"><input type=\"checkbox\" name=\"checkbox-963[]\" value=\"Le Livre d\u2019heures flamand de Marie de M\u00e9dicis\" \/><span class=\"wpcf7-list-item-label\">Le Livre d\u2019heures flamand de Marie de M\u00e9dicis<\/span><\/span><span class=\"wpcf7-list-item\"><input type=\"checkbox\" name=\"checkbox-963[]\" value=\"Le Psautier dor\u00e9 de Munich (\u00c9PUIS\u00c9)\" \/><span class=\"wpcf7-list-item-label\">Le Psautier dor\u00e9 de Munich (\u00c9PUIS\u00c9)<\/span><\/span><span class=\"wpcf7-list-item last\"><input type=\"checkbox\" name=\"checkbox-963[]\" value=\"Le Livre de pri\u00e8res de Claude de France\" \/><span class=\"wpcf7-list-item-label\">Le Livre de pri\u00e8res de Claude de France<\/span><\/span><\/span><\/span><br \/>\n<strong><span style=\"color: #333333;\">Veuillez me faire parvenir davantage d'informations gratuites!<\/span><\/strong><br \/>\n&nbsp;<br \/>\n&nbsp;<\/p>\n<p>Civilit\u00e9*<br \/>\n    <span class=\"wpcf7-form-control-wrap menu-138\"><select name=\"menu-138\" class=\"wpcf7-form-control wpcf7-select\" aria-invalid=\"false\"><option value=\"Monsieur\">Monsieur<\/option><option value=\"Madame\">Madame<\/option><option value=\"Mademoiselle\">Mademoiselle<\/option><\/select><\/span> <\/p>\n<p>Titre<br \/>\n    <span class=\"wpcf7-form-control-wrap titel\"><input type=\"text\" name=\"titel\" value=\"\" size=\"40\" class=\"wpcf7-form-control wpcf7-text\" aria-invalid=\"false\" \/><\/span> <\/p>\n<p>Votre pr\u00e9nom*<br \/>\n    <span class=\"wpcf7-form-control-wrap your-vorname\"><input type=\"text\" name=\"your-vorname\" value=\"\" size=\"40\" class=\"wpcf7-form-control wpcf7-text wpcf7-validates-as-required\" aria-required=\"true\" aria-invalid=\"false\" \/><\/span> <\/p>\n<p>Votre nom*<br \/>\n    <span class=\"wpcf7-form-control-wrap your-name\"><input type=\"text\" name=\"your-name\" value=\"\" size=\"40\" class=\"wpcf7-form-control wpcf7-text wpcf7-validates-as-required\" aria-required=\"true\" aria-invalid=\"false\" \/><\/span> <\/p>\n<p>Courriel*<br \/>\n    <span class=\"wpcf7-form-control-wrap your-email\"><input type=\"email\" name=\"your-email\" value=\"\" size=\"40\" class=\"wpcf7-form-control wpcf7-text wpcf7-email wpcf7-validates-as-required wpcf7-validates-as-email\" aria-required=\"true\" aria-invalid=\"false\" \/><\/span> <\/p>\n<p>Rue et num\u00e9ro (pour l\u2019envoi postal)*<br \/>\n    <span class=\"wpcf7-form-control-wrap strasse_haus\"><input type=\"text\" name=\"strasse_haus\" value=\"\" size=\"40\" class=\"wpcf7-form-control wpcf7-text wpcf7-validates-as-required\" aria-required=\"true\" aria-invalid=\"false\" \/><\/span> <\/p>\n<p>Code postal et lieu (pour l\u2019envoi postal)*<br \/>\n    <span class=\"wpcf7-form-control-wrap plz_ort\"><input type=\"text\" name=\"plz_ort\" value=\"\" size=\"40\" class=\"wpcf7-form-control wpcf7-text wpcf7-validates-as-required\" aria-required=\"true\" aria-invalid=\"false\" \/><\/span> <\/p>\n<p>Pays (pour l\u2019envoi postal)*<br \/>\n    <span class=\"wpcf7-form-control-wrap land\"><input type=\"text\" name=\"land\" value=\"\" size=\"40\" class=\"wpcf7-form-control wpcf7-text wpcf7-validates-as-required\" aria-required=\"true\" aria-invalid=\"false\" \/><\/span> <\/p>\n<p>Votre num\u00e9ro de t\u00e9l\u00e9phone (en cas de questions)<br \/>\n    <span class=\"wpcf7-form-control-wrap tel-556\"><input type=\"tel\" name=\"tel-556\" value=\"\" size=\"40\" class=\"wpcf7-form-control wpcf7-text wpcf7-tel wpcf7-validates-as-tel\" aria-invalid=\"false\" \/><\/span> <\/p>\n<p>Sujet<br \/>\n     <\/p>\n<p>&nbsp;<\/p>\n<p>Votre message :<br \/>\n    <span class=\"wpcf7-form-control-wrap your-message\"><textarea name=\"your-message\" cols=\"40\" rows=\"5\" class=\"wpcf7-form-control wpcf7-textarea\" aria-invalid=\"false\"><\/textarea><\/span><br \/>\n    <span style=\"font-size: 8pt;\">* Les champs avec une ast\u00e9risque (*) sont obligatoires <\/span> <\/p>\n<p>&nbsp;<\/p>\n<p>Je souhaite \u00e0 l\u2019avenir \u00eatre tenu(e) inform\u00e9(e) par voie postale et par courriel sur:<br \/>\n&nbsp;<br \/>\n<span class=\"wpcf7-form-control-wrap checkbox-800\"><span class=\"wpcf7-form-control wpcf7-checkbox\"><span class=\"wpcf7-list-item first\"><label><input type=\"checkbox\" name=\"checkbox-800[]\" value=\"Vos \u00e9ditions en fac-simil\u00e9\" \/><span class=\"wpcf7-list-item-label\">Vos \u00e9ditions en fac-simil\u00e9<\/span><\/label><\/span><span class=\"wpcf7-list-item\"><label><input type=\"checkbox\" name=\"checkbox-800[]\" value=\"Vos \u00e9ditions en livre d\u2019art\" \/><span class=\"wpcf7-list-item-label\">Vos \u00e9ditions en livre d\u2019art<\/span><\/label><\/span><span class=\"wpcf7-list-item last\"><label><input type=\"checkbox\" name=\"checkbox-800[]\" value=\"Les futures manifestations\" \/><span class=\"wpcf7-list-item-label\">Les futures manifestations<\/span><\/label><\/span><\/span><\/span><br \/>\nSi plus tard je ne souhaite plus recevoir ces informations, je pourrai simplement les d\u00e9commander. Pour ce faire il suffit de cliquer sur le bouton pr\u00e9vu \u00e0 cet effet ou d\u2019envoyer un message aux \u00c9ditions Quaternio Lucerne.<\/p>\n<p>Les \u00c9ditions Quaternio Lucerne ne c\u00e8deront \u00e0 un tiers aucune information fournie sans votre consentement expr\u00e8s. L'utilisation des donn\u00e9es est r\u00e9serv\u00e9e \u00e0 un usage strictement interne. Pour en savoir plus sur notre politique de confidentialit\u00e9 cliquez  \u2192 <a href=\"https:\/\/quaternio.ch\/datenschutz\/\" target=\"_blank\">ici.<\/a><\/p>\n<p>&nbsp;<\/p>\n<p><input type=\"submit\" value=\"Envoi\" class=\"wpcf7-form-control has-spinner wpcf7-submit\" \/><\/p>\n<p>&nbsp;<\/p>\n<div class=\"wpcf7-response-output\" aria-hidden=\"true\"><\/div><\/form><\/div>\n<p>[\/et_pb_text][\/et_pb_column][et_pb_column type=&nbsp;&raquo;1_4&Prime;][\/et_pb_column][\/et_pb_row][\/et_pb_section]<\/p>\n","protected":false},"excerpt":{"rendered":"<p>[et_pb_section bb_built=&nbsp;&raquo;1&Prime; fullwidth=&nbsp;&raquo;off&nbsp;&raquo; specialty=&nbsp;&raquo;off&nbsp;&raquo;][et_pb_row make_fullwidth=&nbsp;&raquo;off&nbsp;&raquo; use_custom_width=&nbsp;&raquo;off&nbsp;&raquo; width_unit=&nbsp;&raquo;on&nbsp;&raquo; use_custom_gutter=&nbsp;&raquo;off&nbsp;&raquo; custom_padding=&nbsp;&raquo;15px||35px|&nbsp;&raquo; custom_padding_tablet=&nbsp;&raquo;||20px|&nbsp;&raquo; custom_padding_last_edited=&nbsp;&raquo;on|desktop&nbsp;&raquo; allow_player_pause=&nbsp;&raquo;off&nbsp;&raquo; parallax=&nbsp;&raquo;off&nbsp;&raquo; parallax_method=&nbsp;&raquo;off&nbsp;&raquo; make_equal=&nbsp;&raquo;off&nbsp;&raquo; parallax_1=&nbsp;&raquo;off&nbsp;&raquo; parallax_method_1=&nbsp;&raquo;off&nbsp;&raquo; parallax_2=&nbsp;&raquo;off&nbsp;&raquo; parallax_method_2=&nbsp;&raquo;off&nbsp;&raquo; parallax_3=&nbsp;&raquo;off&nbsp;&raquo; parallax_method_3=&nbsp;&raquo;off&nbsp;&raquo; background_position=&nbsp;&raquo;top_left&nbsp;&raquo; background_repeat=&nbsp;&raquo;repeat&nbsp;&raquo; background_size=&nbsp;&raquo;initial&nbsp;&raquo;][et_pb_column type=&nbsp;&raquo;1_4&Prime;][\/et_pb_column][et_pb_column type=&nbsp;&raquo;1_2&Prime;][et_pb_text admin_label=&nbsp;&raquo;Text &#8211; Faksimiles &#8211; Prospektanforderung FR&nbsp;&raquo; background_layout=&nbsp;&raquo;light&nbsp;&raquo; use_border_color=&nbsp;&raquo;off&nbsp;&raquo; background_position=&nbsp;&raquo;top_left&nbsp;&raquo; background_repeat=&nbsp;&raquo;repeat&nbsp;&raquo; background_size=&nbsp;&raquo;initial&nbsp;&raquo; _builder_version=&nbsp;&raquo;3.0.96&Prime;] \u00c9ditions en fac-simil\u00e9<\/p>\n","protected":false},"author":1,"featured_media":0,"parent":11112,"menu_order":90,"comment_status":"closed","ping_status":"closed","template":"","meta":[],"_links":{"self":[{"href":"https:\/\/quaternio.ch\/fr\/wp-json\/wp\/v2\/pages\/12271"}],"collection":[{"href":"https:\/\/quaternio.ch\/fr\/wp-json\/wp\/v2\/pages"}],"about":[{"href":"https:\/\/quaternio.ch\/fr\/wp-json\/wp\/v2\/types\/page"}],"author":[{"embeddable":true,"href":"https:\/\/quaternio.ch\/fr\/wp-json\/wp\/v2\/users\/1"}],"replies":[{"embeddable":true,"href":"https:\/\/quaternio.ch\/fr\/wp-json\/wp\/v2\/comments?post=12271"}],"version-history":[{"count":4,"href":"https:\/\/quaternio.ch\/fr\/wp-json\/wp\/v2\/pages\/12271\/revisions"}],"predecessor-version":[{"id":14061,"href":"https:\/\/quaternio.ch\/fr\/wp-json\/wp\/v2\/pages\/12271\/revisions\/14061"}],"up":[{"embeddable":true,"href":"https:\/\/quaternio.ch\/fr\/wp-json\/wp\/v2\/pages\/11112"}],"wp:attachment":[{"href":"https:\/\/quaternio.ch\/fr\/wp-json\/wp\/v2\/media?parent=12271"}],"curies":[{"name":"wp","href":"https:\/\/api.w.org\/{rel}","templated":true}]}}