{"id":12283,"date":"2018-09-03T08:19:43","date_gmt":"2018-09-03T08:19:43","guid":{"rendered":"https:\/\/quaternio.ch\/?page_id=12283\/"},"modified":"2018-09-03T12:46:49","modified_gmt":"2018-09-03T12:46:49","slug":"prospektanforderung-xxi-fr","status":"publish","type":"page","link":"https:\/\/quaternio.ch\/fr\/editions-en-fac-simile\/tresors-de-reichenau\/prospektanforderung-xxi-fr\/","title":{"rendered":"Prospektanforderung XXI &#8211; Sch\u00e4tze der Reichenauer Buchmalerei FR"},"content":{"rendered":"<p>[et_pb_section bb_built=&nbsp;&raquo;1&Prime; fullwidth=&nbsp;&raquo;off&nbsp;&raquo; specialty=&nbsp;&raquo;off&nbsp;&raquo;][et_pb_row custom_padding=&nbsp;&raquo;15px||15px|&nbsp;&raquo; custom_padding_last_edited=&nbsp;&raquo;on|desktop&nbsp;&raquo; parallax_method=&nbsp;&raquo;off&nbsp;&raquo; parallax_method_1=&nbsp;&raquo;off&nbsp;&raquo; parallax_method_2=&nbsp;&raquo;off&nbsp;&raquo; parallax_method_3=&nbsp;&raquo;off&nbsp;&raquo; background_position=&nbsp;&raquo;top_left&nbsp;&raquo; background_repeat=&nbsp;&raquo;repeat&nbsp;&raquo; background_size=&nbsp;&raquo;initial&nbsp;&raquo; _builder_version=&nbsp;&raquo;3.0.96&Prime;][et_pb_column type=&nbsp;&raquo;1_4&Prime;][\/et_pb_column][et_pb_column type=&nbsp;&raquo;1_2&Prime;][et_pb_text admin_label=&nbsp;&raquo;Text &#8211; \u00dcberschriften &#8211; Prospektanforderung OTT FR&nbsp;&raquo; background_layout=&nbsp;&raquo;light&nbsp;&raquo; use_border_color=&nbsp;&raquo;off&nbsp;&raquo; _builder_version=&nbsp;&raquo;3.0.96&Prime;]<\/p>\n<h1 style=\"text-align: left;\"><strong><span style=\"font-size: 18pt;\">Tresors d&rsquo;enluminure d&rsquo;\u00eele de Reichenau<\/span><\/strong><\/h1>\n<h2 style=\"text-align: left;\"><span style=\"font-size: 14pt;\"><emDemande d\u2019informations<\/em><\/span><\/h2>\n<p>[\/et_pb_text][\/et_pb_column][et_pb_column type=&nbsp;&raquo;1_4&Prime;][\/et_pb_column][\/et_pb_row][et_pb_row][et_pb_column type=&nbsp;&raquo;1_4&Prime;][\/et_pb_column][et_pb_column type=&nbsp;&raquo;1_2&Prime;][et_pb_text admin_label=&nbsp;&raquo;Text &#8211; Kontaktformular Prospektanforderung Preisanfrage OTT&nbsp;&raquo; background_layout=&nbsp;&raquo;light&nbsp;&raquo; use_border_color=&nbsp;&raquo;off&nbsp;&raquo; background_position=&nbsp;&raquo;top_left&nbsp;&raquo; background_repeat=&nbsp;&raquo;repeat&nbsp;&raquo; background_size=&nbsp;&raquo;initial&nbsp;&raquo; _builder_version=&nbsp;&raquo;3.0.96&Prime;]<\/p>\n<div role=\"form\" class=\"wpcf7\" id=\"wpcf7-f12399-o1\" lang=\"de-DE\" dir=\"ltr\">\n<div class=\"screen-reader-response\"><p role=\"status\" aria-live=\"polite\" aria-atomic=\"true\"><\/p> <ul><\/ul><\/div>\n<form action=\"\/fr\/wp-json\/wp\/v2\/pages\/12283#wpcf7-f12399-o1\" method=\"post\" class=\"wpcf7-form init\" novalidate=\"novalidate\" data-status=\"init\">\n<div style=\"display: none;\">\n<input type=\"hidden\" name=\"_wpcf7\" value=\"12399\" \/>\n<input type=\"hidden\" name=\"_wpcf7_version\" value=\"5.5.2\" \/>\n<input type=\"hidden\" name=\"_wpcf7_locale\" value=\"de_DE\" \/>\n<input type=\"hidden\" name=\"_wpcf7_unit_tag\" value=\"wpcf7-f12399-o1\" \/>\n<input type=\"hidden\" name=\"_wpcf7_container_post\" value=\"0\" \/>\n<input type=\"hidden\" name=\"_wpcf7_posted_data_hash\" value=\"\" \/>\n<\/div>\n<p><strong><span style=\"color: #333333;\">Je m'int\u00e9resse \u00e0 l'\u00e9dition en fac-simil\u00e9 des <em>Tresors d'enluminure d'\u00eele de Reichenau<\/em>.<br \/>\nVeuillez me faire parvenir davantage d'informations gratuites de cette \u00e9dition&nbsp;!<\/span><\/strong>\n<p>\n&nbsp;<\/p>\n<p>Civilit\u00e9<br \/>\n    <span class=\"wpcf7-form-control-wrap menu-138\"><select name=\"menu-138\" class=\"wpcf7-form-control wpcf7-select\" aria-invalid=\"false\"><option value=\"Monsieur\">Monsieur<\/option><option value=\"Madame\">Madame<\/option><option value=\"Mademoiselle\">Mademoiselle<\/option><\/select><\/span> <\/p>\n<p>Titre<br \/>\n    <span class=\"wpcf7-form-control-wrap titel\"><input type=\"text\" name=\"titel\" value=\"\" size=\"40\" class=\"wpcf7-form-control wpcf7-text\" aria-invalid=\"false\" \/><\/span> <\/p>\n<p>Votre pr\u00e9nom*<br \/>\n    <span class=\"wpcf7-form-control-wrap your-vorname\"><input type=\"text\" name=\"your-vorname\" value=\"\" size=\"40\" class=\"wpcf7-form-control wpcf7-text wpcf7-validates-as-required\" aria-required=\"true\" aria-invalid=\"false\" \/><\/span> <\/p>\n<p>Votre nom*<br \/>\n    <span class=\"wpcf7-form-control-wrap your-name\"><input type=\"text\" name=\"your-name\" value=\"\" size=\"40\" class=\"wpcf7-form-control wpcf7-text wpcf7-validates-as-required\" aria-required=\"true\" aria-invalid=\"false\" \/><\/span> <\/p>\n<p>Courriel<br \/>\n    <span class=\"wpcf7-form-control-wrap your-email\"><input type=\"email\" name=\"your-email\" value=\"\" size=\"40\" class=\"wpcf7-form-control wpcf7-text wpcf7-email wpcf7-validates-as-email\" aria-invalid=\"false\" \/><\/span> <\/p>\n<p>Rue et num\u00e9ro (pour l'envoi postal)*<br \/>\n    <span class=\"wpcf7-form-control-wrap strasse_haus\"><input type=\"text\" name=\"strasse_haus\" value=\"\" size=\"40\" class=\"wpcf7-form-control wpcf7-text wpcf7-validates-as-required\" aria-required=\"true\" aria-invalid=\"false\" \/><\/span> <\/p>\n<p>Code postal et lieu (pour l'envoi postal)*<br \/>\n    <span class=\"wpcf7-form-control-wrap plz_ort\"><input type=\"text\" name=\"plz_ort\" value=\"\" size=\"40\" class=\"wpcf7-form-control wpcf7-text wpcf7-validates-as-required\" aria-required=\"true\" aria-invalid=\"false\" \/><\/span> <\/p>\n<p>Pays (pour l'envoi postal)*<br \/>\n    <span class=\"wpcf7-form-control-wrap land\"><input type=\"text\" name=\"land\" value=\"\" size=\"40\" class=\"wpcf7-form-control wpcf7-text wpcf7-validates-as-required\" aria-required=\"true\" aria-invalid=\"false\" \/><\/span> <\/p>\n<p>Votre num\u00e9ro de t\u00e9l\u00e9phone (en cas de questions)<br \/>\n    <span class=\"wpcf7-form-control-wrap tel-556\"><input type=\"tel\" name=\"tel-556\" value=\"\" size=\"40\" class=\"wpcf7-form-control wpcf7-text wpcf7-tel wpcf7-validates-as-tel\" aria-invalid=\"false\" \/><\/span> <\/p>\n<p>Sujet<br \/>\n    <span class=\"wpcf7-form-control-wrap text-subject\"><input type=\"text\" name=\"text-subject\" value=\"Tresors d&#039;enluminure d&#039;\u00eele de Reichenau - Demande d&#039;informations\" size=\"40\" class=\"wpcf7-form-control wpcf7-text\" aria-invalid=\"false\" \/><\/span> <\/p>\n<p>&nbsp;<br \/>\nVotre message&nbsp;:<br \/>\n    <span class=\"wpcf7-form-control-wrap your-message\"><textarea name=\"your-message\" cols=\"40\" rows=\"5\" class=\"wpcf7-form-control wpcf7-textarea\" aria-invalid=\"false\"><\/textarea><\/span><\/p>\n<p><span style=\"font-size: 8pt;\">*Les champs avec un ast\u00e9risque sont obligatoires.<\/span><\/p>\n<p>&nbsp;<\/p>\n<p>Je souhaite \u00e0 l'avenir \u00eatre tenu(e) inform\u00e9(e) par voie postale et par courriel sur :<br \/>\n&nbsp;<br \/>\n<span class=\"wpcf7-form-control-wrap checkbox-800\"><span class=\"wpcf7-form-control wpcf7-checkbox\"><span class=\"wpcf7-list-item first\"><label><input type=\"checkbox\" name=\"checkbox-800[]\" value=\"Vos \u00e9ditions en fac-simil\u00e9\" \/><span class=\"wpcf7-list-item-label\">Vos \u00e9ditions en fac-simil\u00e9<\/span><\/label><\/span><span class=\"wpcf7-list-item\"><label><input type=\"checkbox\" name=\"checkbox-800[]\" value=\"Vos \u00e9ditions en livre d&#039;art\" \/><span class=\"wpcf7-list-item-label\">Vos \u00e9ditions en livre d&#039;art<\/span><\/label><\/span><span class=\"wpcf7-list-item last\"><label><input type=\"checkbox\" name=\"checkbox-800[]\" value=\"Les futures manifestations\" \/><span class=\"wpcf7-list-item-label\">Les futures manifestations<\/span><\/label><\/span><\/span><\/span><br \/>\nSi plus tard je ne souhaite plus recevoir ces informations, je pourrai simplement  les d\u00e9commander. Pour ce faire il suffit de cliquer sur le bouton pr\u00e9vu \u00e0 cet effet ou d\u2019envoyer un message aux \u00c9ditions Quaternio Lucerne.<\/p>\n<p>Les \u00c9ditions Quaternio Lucerne ne c\u00e8deront \u00e0 un tiers aucune information fournie sans votre consentement expr\u00e8s. L'utilisation des donn\u00e9es est r\u00e9serv\u00e9e \u00e0 un usage strictement interne. Pour en savoir plus sur notre politique de confidentialit\u00e9 cliquez \u2192 <a href=\"https:\/\/quaternio.ch\/datenschutz\/\" target=\"_blank\">ici<\/a>.<\/p>\n<p>&nbsp;<\/p>\n<p><input type=\"submit\" value=\"Envoi\" class=\"wpcf7-form-control has-spinner wpcf7-submit\" \/><\/p>\n<p>&nbsp;<\/p>\n<div class=\"wpcf7-response-output\" aria-hidden=\"true\"><\/div><\/form><\/div>\n<p>[\/et_pb_text][\/et_pb_column][et_pb_column type=&nbsp;&raquo;1_4&Prime;][\/et_pb_column][\/et_pb_row][\/et_pb_section]<\/p>\n","protected":false},"excerpt":{"rendered":"<p>[et_pb_section bb_built=&nbsp;&raquo;1&Prime; fullwidth=&nbsp;&raquo;off&nbsp;&raquo; specialty=&nbsp;&raquo;off&nbsp;&raquo;][et_pb_row custom_padding=&nbsp;&raquo;15px||15px|&nbsp;&raquo; custom_padding_last_edited=&nbsp;&raquo;on|desktop&nbsp;&raquo; parallax_method=&nbsp;&raquo;off&nbsp;&raquo; parallax_method_1=&nbsp;&raquo;off&nbsp;&raquo; parallax_method_2=&nbsp;&raquo;off&nbsp;&raquo; parallax_method_3=&nbsp;&raquo;off&nbsp;&raquo; background_position=&nbsp;&raquo;top_left&nbsp;&raquo; background_repeat=&nbsp;&raquo;repeat&nbsp;&raquo; background_size=&nbsp;&raquo;initial&nbsp;&raquo; _builder_version=&nbsp;&raquo;3.0.96&Prime;][et_pb_column type=&nbsp;&raquo;1_4&Prime;][\/et_pb_column][et_pb_column type=&nbsp;&raquo;1_2&Prime;][et_pb_text admin_label=&nbsp;&raquo;Text &#8211; \u00dcberschriften &#8211; Prospektanforderung OTT FR&nbsp;&raquo; background_layout=&nbsp;&raquo;light&nbsp;&raquo; use_border_color=&nbsp;&raquo;off&nbsp;&raquo; _builder_version=&nbsp;&raquo;3.0.96&Prime;] Tresors d&rsquo;enluminure d&rsquo;\u00eele de Reichenau<\/p>\n","protected":false},"author":1,"featured_media":0,"parent":12279,"menu_order":1,"comment_status":"closed","ping_status":"closed","template":"","meta":[],"_links":{"self":[{"href":"https:\/\/quaternio.ch\/fr\/wp-json\/wp\/v2\/pages\/12283"}],"collection":[{"href":"https:\/\/quaternio.ch\/fr\/wp-json\/wp\/v2\/pages"}],"about":[{"href":"https:\/\/quaternio.ch\/fr\/wp-json\/wp\/v2\/types\/page"}],"author":[{"embeddable":true,"href":"https:\/\/quaternio.ch\/fr\/wp-json\/wp\/v2\/users\/1"}],"replies":[{"embeddable":true,"href":"https:\/\/quaternio.ch\/fr\/wp-json\/wp\/v2\/comments?post=12283"}],"version-history":[{"count":5,"href":"https:\/\/quaternio.ch\/fr\/wp-json\/wp\/v2\/pages\/12283\/revisions"}],"predecessor-version":[{"id":12403,"href":"https:\/\/quaternio.ch\/fr\/wp-json\/wp\/v2\/pages\/12283\/revisions\/12403"}],"up":[{"embeddable":true,"href":"https:\/\/quaternio.ch\/fr\/wp-json\/wp\/v2\/pages\/12279"}],"wp:attachment":[{"href":"https:\/\/quaternio.ch\/fr\/wp-json\/wp\/v2\/media?parent=12283"}],"curies":[{"name":"wp","href":"https:\/\/api.w.org\/{rel}","templated":true}]}}