{"id":12291,"date":"2016-04-24T20:39:04","date_gmt":"2016-04-24T20:39:04","guid":{"rendered":"https:\/\/quaternio.ch\/?page_id=12291\/"},"modified":"2025-10-13T13:14:15","modified_gmt":"2025-10-13T13:14:15","slug":"ueber-uns-wer-wir-sind","status":"publish","type":"page","link":"https:\/\/quaternio.ch\/fr\/ueber-uns-wer-wir-sind\/","title":{"rendered":"\u00dcber uns &#8211; Mitarbeiter, Partner und Medien"},"content":{"rendered":"<p>[et_pb_section fb_built=&nbsp;&raquo;1&Prime; background_color=&nbsp;&raquo;#ffffff&nbsp;&raquo; use_custom_width=&nbsp;&raquo;on&nbsp;&raquo; make_equal=&nbsp;&raquo;on&nbsp;&raquo; specialty=&nbsp;&raquo;on&nbsp;&raquo; parallax_method_1=&nbsp;&raquo;off&nbsp;&raquo; parallax_method_2=&nbsp;&raquo;off&nbsp;&raquo; background_color_1=&nbsp;&raquo;#f5f5f5&Prime; padding_top_1=&nbsp;&raquo;34px&nbsp;&raquo; padding_left_1=&nbsp;&raquo;23px&nbsp;&raquo; padding_1_tablet=&nbsp;&raquo;|||23px&nbsp;&raquo; padding_1_last_edited=&nbsp;&raquo;on|desktop&nbsp;&raquo; custom_padding_last_edited=&nbsp;&raquo;on|&nbsp;&raquo; _builder_version=&nbsp;&raquo;3.0.47&Prime; transparent_background=&nbsp;&raquo;off&nbsp;&raquo; padding_mobile=&nbsp;&raquo;on&nbsp;&raquo;][et_pb_column type=&nbsp;&raquo;1_4&Prime; _builder_version=&nbsp;&raquo;3.0.47&Prime; padding_tablet=&nbsp;&raquo;|||23px&nbsp;&raquo; padding_last_edited=&nbsp;&raquo;on|desktop&nbsp;&raquo; padding_left=&nbsp;&raquo;23px&nbsp;&raquo; padding_top=&nbsp;&raquo;34px&nbsp;&raquo; background_color=&nbsp;&raquo;#f5f5f5&Prime; parallax=&nbsp;&raquo;off&nbsp;&raquo; parallax_method=&nbsp;&raquo;off&nbsp;&raquo;][et_pb_text admin_label=&nbsp;&raquo;Text &#8211; Inaktiver Link Team&nbsp;&raquo; _builder_version=&nbsp;&raquo;3.0.47&Prime; text_font_size=&nbsp;&raquo;15&Prime; text_line_height=&nbsp;&raquo;1.8em&nbsp;&raquo; background_size=&nbsp;&raquo;initial&nbsp;&raquo; background_position=&nbsp;&raquo;top_left&nbsp;&raquo; background_repeat=&nbsp;&raquo;repeat&nbsp;&raquo; custom_padding_last_edited=&nbsp;&raquo;off|desktop&nbsp;&raquo; use_border_color=&nbsp;&raquo;off&nbsp;&raquo; border_color=&nbsp;&raquo;#ffffff&nbsp;&raquo; border_style=&nbsp;&raquo;solid&nbsp;&raquo; saved_tabs=&nbsp;&raquo;all&nbsp;&raquo;]<span style=\"font-size: 12pt; color: #333333;\"><strong>Team<\/strong><\/span><br \/>\n[\/et_pb_text][et_pb_text admin_label=&nbsp;&raquo;Text &#8211; Link Unsere Partner&nbsp;&raquo; _builder_version=&nbsp;&raquo;3.0.47&Prime; text_font_size=&nbsp;&raquo;15&Prime; text_line_height=&nbsp;&raquo;1.8em&nbsp;&raquo; background_size=&nbsp;&raquo;initial&nbsp;&raquo; background_position=&nbsp;&raquo;top_left&nbsp;&raquo; background_repeat=&nbsp;&raquo;repeat&nbsp;&raquo; custom_padding_last_edited=&nbsp;&raquo;off|desktop&nbsp;&raquo; use_border_color=&nbsp;&raquo;off&nbsp;&raquo; border_color=&nbsp;&raquo;#ffffff&nbsp;&raquo; border_style=&nbsp;&raquo;solid&nbsp;&raquo; saved_tabs=&nbsp;&raquo;all&nbsp;&raquo;]<a href=\"https:\/\/quaternio.ch\/ueber-uns-wer-wir-sind\/unsere-partner\/\"><span style=\"font-size: 12pt;\"><strong>Unsere Partner<\/strong><\/span><\/a><br \/>\n[\/et_pb_text][et_pb_text admin_label=&nbsp;&raquo;Text &#8211; Link Stimmen zum Verlag&nbsp;&raquo; _builder_version=&nbsp;&raquo;3.0.47&Prime; text_font_size=&nbsp;&raquo;15&Prime; text_line_height=&nbsp;&raquo;1.8em&nbsp;&raquo; background_size=&nbsp;&raquo;initial&nbsp;&raquo; background_position=&nbsp;&raquo;top_left&nbsp;&raquo; background_repeat=&nbsp;&raquo;repeat&nbsp;&raquo; custom_padding_last_edited=&nbsp;&raquo;off|desktop&nbsp;&raquo; use_border_color=&nbsp;&raquo;off&nbsp;&raquo; border_color=&nbsp;&raquo;#ffffff&nbsp;&raquo; border_style=&nbsp;&raquo;solid&nbsp;&raquo; saved_tabs=&nbsp;&raquo;all&nbsp;&raquo;]<a href=\"https:\/\/quaternio.ch\/ueber-uns-wer-wir-sind\/stimmen-zum-verlag\/\"><span style=\"font-size: 12pt;\"><strong>Stimmen zum Verlag<\/strong><\/span><\/a><br \/>\n[\/et_pb_text][\/et_pb_column][et_pb_column type=&nbsp;&raquo;3_4&Prime; specialty_columns=&nbsp;&raquo;3&Prime; _builder_version=&nbsp;&raquo;3.0.47&Prime; parallax=&nbsp;&raquo;off&nbsp;&raquo; parallax_method=&nbsp;&raquo;off&nbsp;&raquo;][et_pb_row_inner custom_padding=&nbsp;&raquo;||0px|&nbsp;&raquo; padding_mobile=&nbsp;&raquo;off&nbsp;&raquo; column_padding_mobile=&nbsp;&raquo;on&nbsp;&raquo; parallax_method_1=&nbsp;&raquo;off&nbsp;&raquo; admin_label=&nbsp;&raquo;Zeile&nbsp;&raquo; custom_padding_last_edited=&nbsp;&raquo;off|&nbsp;&raquo; _builder_version=&nbsp;&raquo;3.0.47&Prime;][et_pb_column_inner type=&nbsp;&raquo;4_4&Prime; saved_specialty_column_type=&nbsp;&raquo;3_4&Prime; _builder_version=&nbsp;&raquo;3.0.47&Prime; box_shadow_position=&nbsp;&raquo;outer&nbsp;&raquo; column_padding_mobile=&nbsp;&raquo;on&nbsp;&raquo; parallax=&nbsp;&raquo;off&nbsp;&raquo; parallax_method=&nbsp;&raquo;off&nbsp;&raquo;][et_pb_text admin_label=&nbsp;&raquo;Text &#8211; \u00dcberschrift Teamseite&nbsp;&raquo; _builder_version=&nbsp;&raquo;3.0.47&Prime; background_size=&nbsp;&raquo;initial&nbsp;&raquo; background_position=&nbsp;&raquo;top_left&nbsp;&raquo; background_repeat=&nbsp;&raquo;repeat&nbsp;&raquo; use_border_color=&nbsp;&raquo;off&nbsp;&raquo; border_color=&nbsp;&raquo;#ffffff&nbsp;&raquo; border_style=&nbsp;&raquo;solid&nbsp;&raquo;]<\/p>\n<h1><span style=\"font-size: 18pt;\"><strong>\u00dcber uns &#8211; Wer wir sind<\/strong><\/span><\/h1>\n<h2><em><span style=\"font-size: 14pt;\">Das Team des Quaternio Verlags Luzern<\/span><\/em><\/h2>\n<p>[\/et_pb_text][\/et_pb_column_inner][\/et_pb_row_inner][et_pb_row_inner custom_padding=&nbsp;&raquo;25px|||&nbsp;&raquo; padding_mobile=&nbsp;&raquo;off&nbsp;&raquo; column_padding_mobile=&nbsp;&raquo;on&nbsp;&raquo; parallax_method_1=&nbsp;&raquo;off&nbsp;&raquo; parallax_method_2=&nbsp;&raquo;off&nbsp;&raquo; admin_label=&nbsp;&raquo;Zeile&nbsp;&raquo; _builder_version=&nbsp;&raquo;3.0.47&Prime;][et_pb_column_inner type=&nbsp;&raquo;1_2&Prime; saved_specialty_column_type=&nbsp;&raquo;3_4&Prime; _builder_version=&nbsp;&raquo;3.0.47&Prime; box_shadow_position=&nbsp;&raquo;outer&nbsp;&raquo; column_padding_mobile=&nbsp;&raquo;on&nbsp;&raquo; parallax=&nbsp;&raquo;off&nbsp;&raquo; parallax_method=&nbsp;&raquo;off&nbsp;&raquo;][et_pb_text admin_label=&nbsp;&raquo;Text &#8211; Einleitung Team &#8211; Teil 1 NEU&nbsp;&raquo; _builder_version=&nbsp;&raquo;3.0.47&Prime; background_size=&nbsp;&raquo;initial&nbsp;&raquo; background_position=&nbsp;&raquo;top_left&nbsp;&raquo; background_repeat=&nbsp;&raquo;repeat&nbsp;&raquo; use_border_color=&nbsp;&raquo;off&nbsp;&raquo; border_color=&nbsp;&raquo;#ffffff&nbsp;&raquo; border_style=&nbsp;&raquo;solid&nbsp;&raquo;]Das Team des Quaternio Verlags Luzern setzt sich aus Kennern und Spezialisten der Branche zusammen, die durch die Liebe zum alten Buch verbunden sind und diese Liebe sehr gern mit anderen teilen. Gemeinsam verf\u00fcgen wir \u00fcber jahrzehntelange Faksimile-Erfahrung. 2009 haben wir den Schritt in die Selbstst\u00e4ndigkeit gewagt und einen neuen Verlag gegr\u00fcndet. Aus dem urspr\u00fcnglichen Vierer-Team ist l\u00e4ngst ein vielk\u00f6pfiges geworden.<br \/>\n[\/et_pb_text][\/et_pb_column_inner][et_pb_column_inner type=&nbsp;&raquo;1_2&Prime; saved_specialty_column_type=&nbsp;&raquo;3_4&Prime; _builder_version=&nbsp;&raquo;3.0.47&Prime; box_shadow_position=&nbsp;&raquo;outer&nbsp;&raquo; column_padding_mobile=&nbsp;&raquo;on&nbsp;&raquo; parallax=&nbsp;&raquo;off&nbsp;&raquo; parallax_method=&nbsp;&raquo;off&nbsp;&raquo;][et_pb_text admin_label=&nbsp;&raquo;Text &#8211; Einleitung Team &#8211; Teil 2 NEU&nbsp;&raquo; _builder_version=&nbsp;&raquo;3.0.47&Prime; background_size=&nbsp;&raquo;initial&nbsp;&raquo; background_position=&nbsp;&raquo;top_left&nbsp;&raquo; background_repeat=&nbsp;&raquo;repeat&nbsp;&raquo; use_border_color=&nbsp;&raquo;off&nbsp;&raquo; border_color=&nbsp;&raquo;#ffffff&nbsp;&raquo; border_style=&nbsp;&raquo;solid&nbsp;&raquo;]Der Quaternio Verlag Luzern ist der einzige Faksimile-Verlag der Schweiz und hat sich bei seinen Kunden und in der Bibliothekswelt rasch einen hervorragenden Ruf erworben. Mit dem hohen Qualit\u00e4tsanspruch, f\u00fcr den jedes einzelne Teammitglied einsteht, sei es bei der Herstellung der \u2192 <a href=\"https:\/\/quaternio.ch\/faksimile-editionen\/\">Faksimile-Editionen<\/a>, <a href=\"https:\/\/quaternio.ch\/edition-buch-kunst\/kunstbuecher\/\">Kunstb\u00fccher<\/a> und <a href=\"https:\/\/quaternio.ch\/edition-buch-kunst\/kataloge\/\">Kataloge<\/a> oder beim Service und in der individuellen Beratung, m\u00f6chten wir unsere Kunden jeden Tag aufs Neue begeistern.<br \/>\n[\/et_pb_text][\/et_pb_column_inner][\/et_pb_row_inner][et_pb_row_inner admin_label=&nbsp;&raquo;Zeile&nbsp;&raquo; _builder_version=&nbsp;&raquo;3.0.47&Prime;][et_pb_column_inner type=&nbsp;&raquo;1_3&Prime; saved_specialty_column_type=&nbsp;&raquo;3_4&Prime; _builder_version=&nbsp;&raquo;3.0.47&Prime; box_shadow_position=&nbsp;&raquo;outer&nbsp;&raquo; parallax=&nbsp;&raquo;off&nbsp;&raquo; parallax_method=&nbsp;&raquo;on&nbsp;&raquo;][et_pb_image src=&nbsp;&raquo;https:\/\/quaternio.ch\/wp-content\/uploads\/2016\/12\/Maria.png&nbsp;&raquo; alt=&nbsp;&raquo;Maria Bamberger &#8211; \u00dcber uns &#8211; Mitarbeiterin beim Quaternio Verlag Luzern&nbsp;&raquo; title_text=&nbsp;&raquo;Maria Bamberger&nbsp;&raquo; admin_label=&nbsp;&raquo;Bild &#8211; Maria Bamberger&nbsp;&raquo; _builder_version=&nbsp;&raquo;3.0.47&Prime; use_border_color=&nbsp;&raquo;off&nbsp;&raquo; border_color=&nbsp;&raquo;#ffffff&nbsp;&raquo; border_style=&nbsp;&raquo;solid&nbsp;&raquo; animation=&nbsp;&raquo;off&nbsp;&raquo; sticky=&nbsp;&raquo;off&nbsp;&raquo; saved_tabs=&nbsp;&raquo;all&nbsp;&raquo;][\/et_pb_image][et_pb_text admin_label=&nbsp;&raquo;Text &#8211; Bildunterschrift Maria Bamberger&nbsp;&raquo; _builder_version=&nbsp;&raquo;3.0.96&Prime; background_size=&nbsp;&raquo;initial&nbsp;&raquo; background_position=&nbsp;&raquo;top_left&nbsp;&raquo; background_repeat=&nbsp;&raquo;repeat&nbsp;&raquo; text_orientation=&nbsp;&raquo;center&nbsp;&raquo; module_alignment=&nbsp;&raquo;center&nbsp;&raquo; use_border_color=&nbsp;&raquo;off&nbsp;&raquo; border_color=&nbsp;&raquo;#ffffff&nbsp;&raquo; border_style=&nbsp;&raquo;solid&nbsp;&raquo; saved_tabs=&nbsp;&raquo;all&nbsp;&raquo;]<\/p>\n<h2><span style=\"font-size: 14pt;\">Maria Bamberger<\/span><\/h2>\n<p><em>Kundenberatung<\/em><\/p>\n<p><span style=\"font-size: 10pt;\"><a href=\"mailto:maria.bamberger@quaternio.ch\">maria.bamberger@quaternio.ch<\/a><\/span><br \/> <span style=\"font-size: 10pt;\">Telefon: +43 (0)4227 84632 11<\/span><\/p>\n<p>[\/et_pb_text][\/et_pb_column_inner][et_pb_column_inner type=&nbsp;&raquo;1_3&Prime; saved_specialty_column_type=&nbsp;&raquo;3_4&Prime; _builder_version=&nbsp;&raquo;3.0.47&Prime; box_shadow_position=&nbsp;&raquo;outer&nbsp;&raquo; parallax=&nbsp;&raquo;off&nbsp;&raquo; parallax_method=&nbsp;&raquo;on&nbsp;&raquo;][et_pb_image src=&nbsp;&raquo;https:\/\/quaternio.ch\/wp-content\/uploads\/2016\/04\/Dieter_neu.png&nbsp;&raquo; alt=&nbsp;&raquo;Dieter Pomp &#8211; \u00dcber uns &#8211; Mitarbeiter beim Quaternio Verlag Luzern&nbsp;&raquo; title_text=&nbsp;&raquo;Dr. Dieter Pomp&nbsp;&raquo; admin_label=&nbsp;&raquo;Bild &#8211; Dieter Pomp&nbsp;&raquo; _builder_version=&nbsp;&raquo;3.0.96&Prime; use_border_color=&nbsp;&raquo;off&nbsp;&raquo; saved_tabs=&nbsp;&raquo;all&nbsp;&raquo;][\/et_pb_image][et_pb_text admin_label=&nbsp;&raquo;Text &#8211; Bildunterschrift Dieter Pomp&nbsp;&raquo; _builder_version=&nbsp;&raquo;3.0.96&Prime; text_orientation=&nbsp;&raquo;center&nbsp;&raquo; use_border_color=&nbsp;&raquo;off&nbsp;&raquo; saved_tabs=&nbsp;&raquo;all&nbsp;&raquo;]<\/p>\n<h2><span style=\"font-size: 14pt;\">Dr. Dieter Pomp<\/span><\/h2>\n<p><em>Kundenberatung<\/em><\/p>\n<p><span style=\"font-size: 10pt;\"><a href=\"mailto:dieter.pomp@quaternio.ch\">dieter.pomp@quaternio.ch<\/a><\/span><br \/>\n<span style=\"font-size: 10pt;\">Telefon: +49 (0)371 336 46 47<\/span><br \/>\n[\/et_pb_text][\/et_pb_column_inner][et_pb_column_inner type=&nbsp;&raquo;1_3&Prime; saved_specialty_column_type=&nbsp;&raquo;3_4&Prime; _builder_version=&nbsp;&raquo;3.0.47&Prime; box_shadow_position=&nbsp;&raquo;outer&nbsp;&raquo; parallax=&nbsp;&raquo;off&nbsp;&raquo; parallax_method=&nbsp;&raquo;on&nbsp;&raquo;][et_pb_image src=&nbsp;&raquo;https:\/\/quaternio.ch\/wp-content\/uploads\/2016\/12\/Peter.png&nbsp;&raquo; alt=&nbsp;&raquo;Peter Muschiol &#8211; \u00dcber uns &#8211; Mitarbeiter beim Quaternio Verlag Luzern&nbsp;&raquo; title_text=&nbsp;&raquo;Peter Muschiol&nbsp;&raquo; admin_label=&nbsp;&raquo;Bild &#8211; Peter Muschiol&nbsp;&raquo; _builder_version=&nbsp;&raquo;3.0.47&Prime; use_border_color=&nbsp;&raquo;off&nbsp;&raquo; border_color=&nbsp;&raquo;#ffffff&nbsp;&raquo; border_style=&nbsp;&raquo;solid&nbsp;&raquo; animation=&nbsp;&raquo;off&nbsp;&raquo; sticky=&nbsp;&raquo;off&nbsp;&raquo; saved_tabs=&nbsp;&raquo;all&nbsp;&raquo;][\/et_pb_image][et_pb_text admin_label=&nbsp;&raquo;Text &#8211; Bildunterschrift Peter Muschiol&nbsp;&raquo; _builder_version=&nbsp;&raquo;3.0.47&Prime; background_size=&nbsp;&raquo;initial&nbsp;&raquo; background_position=&nbsp;&raquo;top_left&nbsp;&raquo; background_repeat=&nbsp;&raquo;repeat&nbsp;&raquo; text_orientation=&nbsp;&raquo;center&nbsp;&raquo; module_alignment=&nbsp;&raquo;center&nbsp;&raquo; use_border_color=&nbsp;&raquo;off&nbsp;&raquo; border_color=&nbsp;&raquo;#ffffff&nbsp;&raquo; border_style=&nbsp;&raquo;solid&nbsp;&raquo; saved_tabs=&nbsp;&raquo;all&nbsp;&raquo;]<\/p>\n<h2><span style=\"font-size: 14pt;\">Peter Muschiol<\/span><\/h2>\n<p><em>Kundenberatung<\/em><\/p>\n<p><span style=\"font-size: 10pt;\"><a href=\"peter.muschiol@quaternio.ch\">peter.muschiol@quaternio.ch<\/a><\/span><br \/>\n<span style=\"font-size: 10pt;\">Telefon: +49 (0)368 413 11 10<\/span><br \/>\n[\/et_pb_text][\/et_pb_column_inner][\/et_pb_row_inner][et_pb_row_inner admin_label=&nbsp;&raquo;Zeile&nbsp;&raquo; _builder_version=&nbsp;&raquo;3.0.47&Prime;][et_pb_column_inner type=&nbsp;&raquo;1_3&Prime; saved_specialty_column_type=&nbsp;&raquo;3_4&Prime; _builder_version=&nbsp;&raquo;3.0.47&Prime; box_shadow_position=&nbsp;&raquo;outer&nbsp;&raquo; parallax=&nbsp;&raquo;off&nbsp;&raquo; parallax_method=&nbsp;&raquo;on&nbsp;&raquo;][et_pb_image src=&nbsp;&raquo;https:\/\/quaternio.ch\/wp-content\/uploads\/2016\/04\/Alfred.png&nbsp;&raquo; alt=&nbsp;&raquo;Alfred Schuster &#8211; \u00dcber uns &#8211; Mitarbeiter beim Quaternio Verlag Luzern&nbsp;&raquo; title_text=&nbsp;&raquo;Dr. Alfred Schuster&nbsp;&raquo; admin_label=&nbsp;&raquo;Bild &#8211; Alfred Schuster&nbsp;&raquo; _builder_version=&nbsp;&raquo;3.0.96&Prime; use_border_color=&nbsp;&raquo;off&nbsp;&raquo; saved_tabs=&nbsp;&raquo;all&nbsp;&raquo;][\/et_pb_image][et_pb_text admin_label=&nbsp;&raquo;Text &#8211; Bildunterschrift Alfred Schuster&nbsp;&raquo; _builder_version=&nbsp;&raquo;3.0.96&Prime; text_orientation=&nbsp;&raquo;center&nbsp;&raquo; use_border_color=&nbsp;&raquo;off&nbsp;&raquo; saved_tabs=&nbsp;&raquo;all&nbsp;&raquo;]<\/p>\n<h2><span style=\"font-size: 14pt;\">Dr. Alfred Schuster<\/span><\/h2>\n<p><em>Projektarbeit<\/em><\/p>\n<p><span style=\"font-size: 10pt;\"><a href=\"mailto:alfred.schuster@quaternio.ch\">alfred.schuster@quaternio.ch<\/a><\/span><br \/>\n<span style=\"font-size: 10pt;\">Telefon: +49 (0)351 204 37 57<\/span><br \/>\n[\/et_pb_text][\/et_pb_column_inner][et_pb_column_inner type=&nbsp;&raquo;1_3&Prime; saved_specialty_column_type=&nbsp;&raquo;3_4&Prime; _builder_version=&nbsp;&raquo;3.0.47&Prime; box_shadow_position=&nbsp;&raquo;outer&nbsp;&raquo; parallax=&nbsp;&raquo;off&nbsp;&raquo; parallax_method=&nbsp;&raquo;on&nbsp;&raquo;][et_pb_image src=&nbsp;&raquo;https:\/\/quaternio.ch\/wp-content\/uploads\/2016\/12\/Gunter.png&nbsp;&raquo; alt=&nbsp;&raquo;Gunter Tampe &#8211; \u00dcber uns &#8211; Mitarbeiter beim Quaternio Verlag Luzern&nbsp;&raquo; title_text=&nbsp;&raquo;Gunter Tampe&nbsp;&raquo; admin_label=&nbsp;&raquo;Bild &#8211; Gunter Tampe&nbsp;&raquo; _builder_version=&nbsp;&raquo;3.0.47&Prime; use_border_color=&nbsp;&raquo;off&nbsp;&raquo; border_color=&nbsp;&raquo;#ffffff&nbsp;&raquo; border_style=&nbsp;&raquo;solid&nbsp;&raquo; animation=&nbsp;&raquo;off&nbsp;&raquo; sticky=&nbsp;&raquo;off&nbsp;&raquo; saved_tabs=&nbsp;&raquo;all&nbsp;&raquo;][\/et_pb_image][et_pb_text admin_label=&nbsp;&raquo;Text &#8211; Bildunterschrift Gunter Tampe&nbsp;&raquo; _builder_version=&nbsp;&raquo;3.0.47&Prime; background_size=&nbsp;&raquo;initial&nbsp;&raquo; background_position=&nbsp;&raquo;top_left&nbsp;&raquo; background_repeat=&nbsp;&raquo;repeat&nbsp;&raquo; text_orientation=&nbsp;&raquo;center&nbsp;&raquo; module_alignment=&nbsp;&raquo;center&nbsp;&raquo; use_border_color=&nbsp;&raquo;off&nbsp;&raquo; border_color=&nbsp;&raquo;#ffffff&nbsp;&raquo; border_style=&nbsp;&raquo;solid&nbsp;&raquo; saved_tabs=&nbsp;&raquo;all&nbsp;&raquo;]<\/p>\n<h2><span style=\"font-size: 14pt;\">Gunter Tampe<\/span><\/h2>\n<p><em>Verlagsleitung, Herstellung<\/em><\/p>\n<p><span style=\"font-size: 10pt;\"><a href=\"mailto:gunter.tampe@quaternio.ch\">gunter.tampe@quaternio.ch<\/a><\/span><br \/>\n<span style=\"font-size: 10pt;\">Telefon: +41 (0)41 318 40 23<\/span><br \/>\n[\/et_pb_text][\/et_pb_column_inner][et_pb_column_inner type=&nbsp;&raquo;1_3&Prime; saved_specialty_column_type=&nbsp;&raquo;3_4&Prime; _builder_version=&nbsp;&raquo;3.0.47&Prime; box_shadow_position=&nbsp;&raquo;outer&nbsp;&raquo; parallax=&nbsp;&raquo;off&nbsp;&raquo; parallax_method=&nbsp;&raquo;on&nbsp;&raquo;][et_pb_image src=&nbsp;&raquo;https:\/\/quaternio.ch\/wp-content\/uploads\/2020\/04\/Fabio2.png&nbsp;&raquo; alt=&nbsp;&raquo;Fabio Zini&nbsp;&raquo; title_text=&nbsp;&raquo;Fabio Zini&nbsp;&raquo; admin_label=&nbsp;&raquo;Bild &#8211; Fabio Zini&nbsp;&raquo; _builder_version=&nbsp;&raquo;3.0.96&Prime; use_border_color=&nbsp;&raquo;off&nbsp;&raquo; saved_tabs=&nbsp;&raquo;all&nbsp;&raquo;][\/et_pb_image][et_pb_text admin_label=&nbsp;&raquo;Text &#8211; Bildunterschrift Fabio Zini&nbsp;&raquo; _builder_version=&nbsp;&raquo;3.0.96&Prime; text_orientation=&nbsp;&raquo;center&nbsp;&raquo; use_border_color=&nbsp;&raquo;off&nbsp;&raquo; saved_tabs=&nbsp;&raquo;all&nbsp;&raquo;]<\/p>\n<h2><span style=\"font-size: 14pt;\">Fabio Zini<\/span><\/h2>\n<p><em>Administration<\/em><\/p>\n<p><span style=\"font-size: 10pt;\"><a href=\"mailto:fabio.zini@quaternio.ch\">fabio.zini@quaternio.ch<\/a><\/span><br \/>\n<span style=\"font-size: 10pt;\">Telefon: +41 (0)41 318 40 28<\/span><br \/>\n[\/et_pb_text][\/et_pb_column_inner][\/et_pb_row_inner][et_pb_row_inner padding_mobile=&nbsp;&raquo;off&nbsp;&raquo; column_padding_mobile=&nbsp;&raquo;on&nbsp;&raquo; parallax_method_1=&nbsp;&raquo;off&nbsp;&raquo; admin_label=&nbsp;&raquo;Zeile&nbsp;&raquo; custom_padding_last_edited=&nbsp;&raquo;off|desktop&nbsp;&raquo; _builder_version=&nbsp;&raquo;3.0.47&Prime;][et_pb_column_inner type=&nbsp;&raquo;4_4&Prime; saved_specialty_column_type=&nbsp;&raquo;3_4&Prime; _builder_version=&nbsp;&raquo;3.0.47&Prime; box_shadow_position=&nbsp;&raquo;outer&nbsp;&raquo; column_padding_mobile=&nbsp;&raquo;on&nbsp;&raquo; parallax=&nbsp;&raquo;off&nbsp;&raquo; parallax_method=&nbsp;&raquo;off&nbsp;&raquo;][et_pb_divider color=&nbsp;&raquo;#eaeaea&nbsp;&raquo; show_divider=&nbsp;&raquo;on&nbsp;&raquo; height=&nbsp;&raquo;15&Prime; _builder_version=&nbsp;&raquo;3.0.47&Prime; hide_on_mobile=&nbsp;&raquo;off&nbsp;&raquo;][\/et_pb_divider][et_pb_text admin_label=&nbsp;&raquo;Text &#8211; Verweis auf Kontakt und Newsletter&nbsp;&raquo; _builder_version=&nbsp;&raquo;3.0.47&Prime; text_font_size_last_edited=&nbsp;&raquo;off|desktop&nbsp;&raquo; background_size=&nbsp;&raquo;initial&nbsp;&raquo; background_position=&nbsp;&raquo;top_left&nbsp;&raquo; background_repeat=&nbsp;&raquo;repeat&nbsp;&raquo; use_border_color=&nbsp;&raquo;off&nbsp;&raquo; border_color=&nbsp;&raquo;#ffffff&nbsp;&raquo; border_style=&nbsp;&raquo;solid&nbsp;&raquo; saved_tabs=&nbsp;&raquo;all&nbsp;&raquo;]Haben Sie Fragen, W\u00fcnsche oder Kritik? Dann nehmen Sie gern \u2192 <span style=\"color: #666666;\"><strong><a style=\"color: #666666;\" href=\"https:\/\/quaternio.ch\/kontakt\/\">Kontakt<\/a><\/strong><\/span> mit uns auf.\u00a0Wir freuen uns auf Sie.<\/p>\n<p>M\u00f6chten Sie regelm\u00e4\u00dfig \u00fcber das Programm und die Aktivit\u00e4ten des Quaternio Verlags Luzern informiert werden?<br \/>\nDann melden Sie sich am besten gleich f\u00fcr unseren \u2192 <span style=\"color: #666666;\"><strong><a style=\"color: #666666;\" href=\"https:\/\/quaternio.ch\/kontakt\/newsletter\/\">Newsletter<\/a><\/strong><\/span> an.<br \/>\n[\/et_pb_text][\/et_pb_column_inner][\/et_pb_row_inner][\/et_pb_column][\/et_pb_section]<\/p>\n","protected":false},"excerpt":{"rendered":"<p>[et_pb_section fb_built=&nbsp;&raquo;1&Prime; background_color=&nbsp;&raquo;#ffffff&nbsp;&raquo; use_custom_width=&nbsp;&raquo;on&nbsp;&raquo; make_equal=&nbsp;&raquo;on&nbsp;&raquo; specialty=&nbsp;&raquo;on&nbsp;&raquo; parallax_method_1=&nbsp;&raquo;off&nbsp;&raquo; parallax_method_2=&nbsp;&raquo;off&nbsp;&raquo; background_color_1=&nbsp;&raquo;#f5f5f5&Prime; padding_top_1=&nbsp;&raquo;34px&nbsp;&raquo; padding_left_1=&nbsp;&raquo;23px&nbsp;&raquo; padding_1_tablet=&nbsp;&raquo;|||23px&nbsp;&raquo; padding_1_last_edited=&nbsp;&raquo;on|desktop&nbsp;&raquo; custom_padding_last_edited=&nbsp;&raquo;on|&nbsp;&raquo; _builder_version=&nbsp;&raquo;3.0.47&Prime; transparent_background=&nbsp;&raquo;off&nbsp;&raquo; padding_mobile=&nbsp;&raquo;on&nbsp;&raquo;][et_pb_column type=&nbsp;&raquo;1_4&Prime; _builder_version=&nbsp;&raquo;3.0.47&Prime; padding_tablet=&nbsp;&raquo;|||23px&nbsp;&raquo; padding_last_edited=&nbsp;&raquo;on|desktop&nbsp;&raquo; padding_left=&nbsp;&raquo;23px&nbsp;&raquo; padding_top=&nbsp;&raquo;34px&nbsp;&raquo; background_color=&nbsp;&raquo;#f5f5f5&Prime; parallax=&nbsp;&raquo;off&nbsp;&raquo; parallax_method=&nbsp;&raquo;off&nbsp;&raquo;][et_pb_text admin_label=&nbsp;&raquo;Text &#8211; Inaktiver Link Team&nbsp;&raquo; _builder_version=&nbsp;&raquo;3.0.47&Prime; text_font_size=&nbsp;&raquo;15&Prime; text_line_height=&nbsp;&raquo;1.8em&nbsp;&raquo; background_size=&nbsp;&raquo;initial&nbsp;&raquo; background_position=&nbsp;&raquo;top_left&nbsp;&raquo; background_repeat=&nbsp;&raquo;repeat&nbsp;&raquo; custom_padding_last_edited=&nbsp;&raquo;off|desktop&nbsp;&raquo; use_border_color=&nbsp;&raquo;off&nbsp;&raquo; border_color=&nbsp;&raquo;#ffffff&nbsp;&raquo; border_style=&nbsp;&raquo;solid&nbsp;&raquo; saved_tabs=&nbsp;&raquo;all&nbsp;&raquo;]Team [\/et_pb_text][et_pb_text admin_label=&nbsp;&raquo;Text &#8211; Link Unsere Partner&nbsp;&raquo; _builder_version=&nbsp;&raquo;3.0.47&Prime; text_font_size=&nbsp;&raquo;15&Prime; text_line_height=&nbsp;&raquo;1.8em&nbsp;&raquo; background_size=&nbsp;&raquo;initial&nbsp;&raquo; background_position=&nbsp;&raquo;top_left&nbsp;&raquo; background_repeat=&nbsp;&raquo;repeat&nbsp;&raquo; custom_padding_last_edited=&nbsp;&raquo;off|desktop&nbsp;&raquo; [&hellip;]<\/p>\n","protected":false},"author":1,"featured_media":0,"parent":0,"menu_order":400,"comment_status":"closed","ping_status":"closed","template":"","meta":[],"_links":{"self":[{"href":"https:\/\/quaternio.ch\/fr\/wp-json\/wp\/v2\/pages\/12291"}],"collection":[{"href":"https:\/\/quaternio.ch\/fr\/wp-json\/wp\/v2\/pages"}],"about":[{"href":"https:\/\/quaternio.ch\/fr\/wp-json\/wp\/v2\/types\/page"}],"author":[{"embeddable":true,"href":"https:\/\/quaternio.ch\/fr\/wp-json\/wp\/v2\/users\/1"}],"replies":[{"embeddable":true,"href":"https:\/\/quaternio.ch\/fr\/wp-json\/wp\/v2\/comments?post=12291"}],"version-history":[{"count":34,"href":"https:\/\/quaternio.ch\/fr\/wp-json\/wp\/v2\/pages\/12291\/revisions"}],"predecessor-version":[{"id":19141,"href":"https:\/\/quaternio.ch\/fr\/wp-json\/wp\/v2\/pages\/12291\/revisions\/19141"}],"wp:attachment":[{"href":"https:\/\/quaternio.ch\/fr\/wp-json\/wp\/v2\/media?parent=12291"}],"curies":[{"name":"wp","href":"https:\/\/api.w.org\/{rel}","templated":true}]}}