{"id":12293,"date":"2018-09-03T08:30:20","date_gmt":"2018-09-03T08:30:20","guid":{"rendered":"https:\/\/quaternio.ch\/?page_id=12293\/"},"modified":"2024-07-25T12:46:24","modified_gmt":"2024-07-25T12:46:24","slug":"unsere-partner-bibliotheken-archive-museen-fr","status":"publish","type":"page","link":"https:\/\/quaternio.ch\/fr\/ueber-uns-wer-wir-sind\/unsere-partner-bibliotheken-archive-museen-fr\/","title":{"rendered":"Unsere Partner: Bibliotheken, Archive, Museen, Antiquariate FR"},"content":{"rendered":"<p>[et_pb_section fb_built=&nbsp;&raquo;1&Prime; background_color=&nbsp;&raquo;#ffffff&nbsp;&raquo; make_equal=&nbsp;&raquo;on&nbsp;&raquo; specialty=&nbsp;&raquo;on&nbsp;&raquo; background_color_1=&nbsp;&raquo;#f5f5f5&Prime; padding_top_1=&nbsp;&raquo;34px&nbsp;&raquo; padding_left_1=&nbsp;&raquo;23px&nbsp;&raquo; padding_1_tablet=&nbsp;&raquo;|||23px&nbsp;&raquo; padding_1_last_edited=&nbsp;&raquo;on|tablet&nbsp;&raquo; _builder_version=&nbsp;&raquo;3.0.96&Prime;][et_pb_column type=&nbsp;&raquo;1_4&Prime; _builder_version=&nbsp;&raquo;3.0.47&Prime; padding_tablet=&nbsp;&raquo;|||23px&nbsp;&raquo; padding_last_edited=&nbsp;&raquo;on|tablet&nbsp;&raquo; padding_left=&nbsp;&raquo;23px&nbsp;&raquo; padding_top=&nbsp;&raquo;34px&nbsp;&raquo; background_color=&nbsp;&raquo;#f5f5f5&Prime; parallax=&nbsp;&raquo;off&nbsp;&raquo; parallax_method=&nbsp;&raquo;on&nbsp;&raquo;][et_pb_text admin_label=&nbsp;&raquo;Text &#8211; Link Team FR&nbsp;&raquo; _builder_version=&nbsp;&raquo;3.0.96&Prime; text_font_size=&nbsp;&raquo;15&Prime; text_line_height=&nbsp;&raquo;1.8em&nbsp;&raquo; background_size=&nbsp;&raquo;initial&nbsp;&raquo; background_position=&nbsp;&raquo;top_left&nbsp;&raquo; background_repeat=&nbsp;&raquo;repeat&nbsp;&raquo; custom_padding_last_edited=&nbsp;&raquo;off|desktop&nbsp;&raquo; use_border_color=&nbsp;&raquo;off&nbsp;&raquo; saved_tabs=&nbsp;&raquo;all&nbsp;&raquo;]<a href=\"https:\/\/quaternio.ch\/fr\/ueber-uns-mitarbeiter-partner-und-medien-fr\/\"><span style=\"font-size: 12pt;\"><strong>\u00c9quippe<\/strong><\/span><\/a><br \/>\n[\/et_pb_text][et_pb_text admin_label=&nbsp;&raquo;Text &#8211; Link Unsere Partner FR&nbsp;&raquo; _builder_version=&nbsp;&raquo;3.0.96&Prime; text_font_size=&nbsp;&raquo;15&Prime; text_line_height=&nbsp;&raquo;1.8em&nbsp;&raquo; background_size=&nbsp;&raquo;initial&nbsp;&raquo; background_position=&nbsp;&raquo;top_left&nbsp;&raquo; background_repeat=&nbsp;&raquo;repeat&nbsp;&raquo; custom_padding_last_edited=&nbsp;&raquo;on|desktop&nbsp;&raquo; use_border_color=&nbsp;&raquo;off&nbsp;&raquo; saved_tabs=&nbsp;&raquo;all&nbsp;&raquo;]<span style=\"font-size: 12pt; color: #333333;\"><strong>Partenaires<\/strong><\/span><br \/>\n[\/et_pb_text][et_pb_text admin_label=&nbsp;&raquo;Text &#8211; Link Stimmen zum Verlag FR&nbsp;&raquo; _builder_version=&nbsp;&raquo;3.0.96&Prime; text_font_size=&nbsp;&raquo;15&Prime; text_line_height=&nbsp;&raquo;1.8em&nbsp;&raquo; background_size=&nbsp;&raquo;initial&nbsp;&raquo; background_position=&nbsp;&raquo;top_left&nbsp;&raquo; background_repeat=&nbsp;&raquo;repeat&nbsp;&raquo; custom_padding_last_edited=&nbsp;&raquo;off|desktop&nbsp;&raquo; use_border_color=&nbsp;&raquo;off&nbsp;&raquo; saved_tabs=&nbsp;&raquo;all&nbsp;&raquo;]<a href=\"https:\/\/quaternio.ch\/ueber-uns-wer-wir-sind\/stimmen-zum-verlag\/\"><span style=\"font-size: 12pt;\"><strong>\u00c9chos<\/strong><\/span><\/a><br \/>\n[\/et_pb_text][\/et_pb_column][et_pb_column type=&nbsp;&raquo;3_4&Prime; specialty_columns=&nbsp;&raquo;3&Prime; _builder_version=&nbsp;&raquo;3.0.47&Prime; parallax=&nbsp;&raquo;off&nbsp;&raquo; parallax_method=&nbsp;&raquo;on&nbsp;&raquo;][et_pb_row_inner admin_label=&nbsp;&raquo;Zeile&nbsp;&raquo; _builder_version=&nbsp;&raquo;3.0.47&Prime;][et_pb_column_inner type=&nbsp;&raquo;4_4&Prime; saved_specialty_column_type=&nbsp;&raquo;3_4&Prime; _builder_version=&nbsp;&raquo;3.0.47&Prime; box_shadow_position=&nbsp;&raquo;outer&nbsp;&raquo; parallax=&nbsp;&raquo;off&nbsp;&raquo; parallax_method=&nbsp;&raquo;on&nbsp;&raquo;][et_pb_text admin_label=&nbsp;&raquo;Text &#8211; \u00dcberschriften Partner FR&nbsp;&raquo; _builder_version=&nbsp;&raquo;3.0.96&Prime; use_border_color=&nbsp;&raquo;off&nbsp;&raquo;]<\/p>\n<h1><span style=\"font-size: 18pt;\"><strong>Nos Partenaires<\/strong><\/span><\/h1>\n<h2><em><span style=\"font-size: 14pt;\">R\u00e9seau \u00abRe-mediating the early book: pasts and futures\u00bb<\/span><\/em><\/h2>\n<p>[\/et_pb_text][et_pb_image src=&nbsp;&raquo;https:\/\/quaternio.ch\/wp-content\/uploads\/2024\/07\/REBPAF_Logo_EP_RGB_2024.png&nbsp;&raquo; url=&nbsp;&raquo;https:\/\/www.universityofgalway.ie\/rebpaf\/&nbsp;&raquo; url_new_window=&nbsp;&raquo;on&nbsp;&raquo; _builder_version=&nbsp;&raquo;3.0.96&Prime;][\/et_pb_image][et_pb_text _builder_version=&nbsp;&raquo;3.0.96&Prime;]<\/p>\n<p><span style=\"color: #666666;\"><span style=\"font-size: 12pt;\">Les \u00c9ditions Quaternio Lucerne sont fi\u00e8res de participer en tant que &laquo;&nbsp;Industry Partner&nbsp;&raquo; s\u00e9lectionn\u00e9 \u00e0 l&rsquo;un des prestigieux r\u00e9seaux doctoraux Marie Sk\u0142odowska-Curie Actions : &laquo;&nbsp;Re-mediating the Early Book : Pasts and Futures (REBPAF)&nbsp;&raquo;. Ce projet fascinant, qui \u00e9tudie la transformation des m\u00e9dias au Moyen-\u00c2ge, des livres manuscrits aux livres imprim\u00e9s, est financ\u00e9 par l&rsquo;Union europ\u00e9enne, le Secr\u00e9tariat d&rsquo;\u00c9tat suisse \u00e0 la formation, \u00e0 la recherche et \u00e0 l&rsquo;innovation, ainsi que par UK Research and Innovation.<\/span><\/span><br \/> <span style=\"color: #666666;\"><span style=\"font-size: 12pt;\"><br \/> En tant que &laquo;&nbsp;Industry Partner&nbsp;&raquo;, nous offrons \u00e0 un doctorant de l&rsquo;Universit\u00e9 de Zurich l&rsquo;occasion unique de d\u00e9couvrir, dans le cadre d&rsquo;un stage pratique en dehors de l&rsquo;universit\u00e9, les multiples t\u00e2ches et processus d&rsquo;une maison d&rsquo;\u00e9dition sp\u00e9cialis\u00e9e dans la publication d&rsquo;\u00e9ditions en fac-simil\u00e9 de manuscrits m\u00e9di\u00e9vaux fid\u00e8les \u00e0 l&rsquo;original.<br \/> <\/span><\/span><span style=\"color: #666666;\"><span style=\"font-size: 12pt;\"><br \/>La maison d&rsquo;\u00e9dition elle-m\u00eame ne re\u00e7oit pas d&rsquo;aide financi\u00e8re pour ce projet. L&rsquo;appr\u00e9ciation r\u00e9side plut\u00f4t dans la possibilit\u00e9 d&rsquo;apporter, gr\u00e2ce \u00e0 cette coop\u00e9ration, une contribution pr\u00e9cieuse \u00e0 l&rsquo;\u00e9change de connaissances entre la science et l&rsquo;\u00e9conomie et de renforcer le dialogue entre la recherche et la pratique. C&rsquo;est justement ce lien avec la pratique qui est souvent n\u00e9glig\u00e9 dans le quotidien des \u00e9tudes.<br \/> <\/span><\/span><\/p>\n<p><span style=\"color: #666666;\"><span style=\"font-size: 12pt;\"><a href=\"https:\/\/www.universityofgalway.ie\/rebpaf\/\" target=\"_blank\" rel=\"noopener noreferrer\">REBPAF Homepage<\/a><br \/> <a href=\"https:\/\/rebpaf.wordpress.com\/\" target=\"_blank\" rel=\"noopener noreferrer\">REBPAF Blog<\/a><br \/> <a href=\"https:\/\/www.sglp.uzh.ch\/de\/research\/mlat\/re-mediating.html\" target=\"_blank\" rel=\"noopener noreferrer\">REBPAF \u00e0 l&rsquo;Universit\u00e9 de Zurich<\/a><br \/> <\/span><\/span><\/p>\n<p>[\/et_pb_text][et_pb_image src=&nbsp;&raquo;https:\/\/quaternio.ch\/wp-content\/uploads\/2024\/07\/linee.jpg&nbsp;&raquo; _builder_version=&nbsp;&raquo;3.0.96&Prime;][\/et_pb_image][et_pb_text admin_label=&nbsp;&raquo;Text &#8211; \u00dcberschriften Partner FR&nbsp;&raquo; _builder_version=&nbsp;&raquo;3.0.96&Prime; use_border_color=&nbsp;&raquo;off&nbsp;&raquo;]<\/p>\n<h2><em><span style=\"font-size: 14pt;\">Biblioth\u00e8ques, Archives, Mus\u00e9es, Librairies de livres anciens<\/p>\n<p><\/span><\/em><\/h2>\n<p>[\/et_pb_text][et_pb_image src=&nbsp;&raquo;https:\/\/quaternio.ch\/wp-content\/uploads\/2024\/07\/Icon_Bibliothek-1.png&nbsp;&raquo; _builder_version=&nbsp;&raquo;3.0.96&Prime;][\/et_pb_image][et_pb_text admin_label=&nbsp;&raquo;Text &#8211; Verlinkte Liste der Institutionen FR&nbsp;&raquo; _builder_version=&nbsp;&raquo;3.0.96&Prime; use_border_color=&nbsp;&raquo;off&nbsp;&raquo;]<\/p>\n<h3><span style=\"color: #666666;\"><a style=\"color: #b666666;\" href=\"http:\/\/www.library.wales\" target=\"_blank\" rel=\"noopener\"><span style=\"font-size: 12pt;\">National Library of Wales, Aberystwyth, Royaume-Uni<\/span><\/a><\/span><\/h3>\n<h3><span style=\"color: #666666;\"><a style=\"color: #b666666;\" href=\"https:\/\/www.aachener-domschatz.de\" target=\"_blank\" rel=\"noopener\"><span style=\"font-size: 12pt;\">Domschatzkammer Aachen, Allemagne<\/span><\/a><\/span><\/h3>\n<h3><span style=\"color: #666666;\"><a style=\"color: #b666666;\" href=\"http:\/\/www.hofbibliothek-ab.de\/\" target=\"_blank\" rel=\"noopener\"><span style=\"font-size: 12pt;\">Hofbibliothek Aschaffenburg, Allemagne<\/span><\/a><\/span><\/h3>\n<h3><span style=\"color: #666666;\"><a style=\"color: #666666;\" href=\"http:\/\/kunstsammlungen-museen.augsburg.de\/maximilianmuseum\" target=\"_blank\" rel=\"noopener\"><span style=\"font-size: 12pt;\">Maximilianmuseum Augsburg, Allemagne<\/span><\/a><\/span><\/h3>\n<h3><span style=\"color: #666666;\"><a style=\"color: #666666;\" href=\"https:\/\/www.sustb-augsburg.de\/\" target=\"_blank\" rel=\"noopener\"><span style=\"font-size: 12pt;\">Staats- und Stadtbibliothek Augsburg, Allemagne<\/span><\/a><\/span><\/h3>\n<h3><span style=\"color: #666666;\"><a style=\"color: #666666;\" href=\"https:\/\/thewalters.org\/\" target=\"_blank\" rel=\"noopener\"><span style=\"font-size: 12pt;\">Walters Art Museum, Baltimore, \u00c9tats-Unis<\/span><\/a><\/span><\/h3>\n<h3><span style=\"color: #666666;\"><a style=\"color: #666666;\" href=\"https:\/\/www.staatsbibliothek-bamberg.de\/index.php?id=312\" target=\"_blank\" rel=\"noopener\"><span style=\"font-size: 12pt;\">Staatsbibliothek Bamberg, Allemagne<\/span><\/a><\/span><\/h3>\n<h3><span style=\"color: #666666;\"><a style=\"color: #666666;\" href=\"https:\/\/guenther-rarebooks.com\/\" target=\"_blank\" rel=\"noopener\"><span style=\"font-size: 12pt;\">Dr. J\u00f6rn G\u00fcnther Rare Books, Basel (B\u00e2le), Suisse<\/span><\/a><\/span><\/h3>\n<h3><span style=\"color: #666666;\"><a style=\"color: #666666;\" href=\"http:\/\/www.bm-besancon.fr\/#\" target=\"_blank\" rel=\"noopener\"><span style=\"font-size: 12pt;\">Biblioth\u00e8que municipale de Besan\u00e7on, France<\/span><\/a><\/span><\/h3>\n<h3><span style=\"color: #666666;\"><a style=\"color: #666666;\" href=\"https:\/\/www.dom-brandenburg.de\" target=\"_blank\" rel=\"noopener\"><span style=\"font-size: 12pt;\">Domstift Brandenburg, Allemagne<\/span><\/a><\/span><\/h3>\n<h3><span style=\"color: #666666;\"><a style=\"color: #666666;\" href=\"https:\/\/www.kbr.be\/fr\/\" target=\"_blank\" rel=\"noopener\"><span style=\"font-size: 12pt;\">Biblioth\u00e8que royale de Belgique, Bruxelles, Belgique<\/span><\/a><\/span><\/h3>\n<h3><span style=\"color: #666666;\"><a style=\"color: #666666;\" href=\"http:\/\/www.mediathequedecambrai.fr\/\" target=\"_blank\" rel=\"noopener\"><span style=\"font-size: 12pt;\">M\u00e9diath\u00e8que d&rsquo;Agglom\u00e9ration de Cambrai, France<\/span><\/a><\/span><\/h3>\n<h3><span style=\"color: #666666;\"><a style=\"color: #666666;\" href=\"http:\/\/www.corpus.cam.ac.uk\/\" target=\"_blank\" rel=\"noopener\"><span style=\"font-size: 12pt;\">Corpus Christi College, Cambridge, Royaume-Uni<\/span><\/a><\/span><\/h3>\n<h3><span style=\"color: #666666;\"><a style=\"color: #666666;\" href=\"http:\/\/www.fitzmuseum.cam.ac.uk\/\" target=\"_blank\" rel=\"noopener\"><span style=\"font-size: 12pt;\">Fitzwilliam Museum, Cambridge, Royaume-Uni<\/span><\/a><\/span><\/h3>\n<h3><span style=\"color: #666666;\"><a style=\"color: #666666;\" href=\"https:\/\/www.museoarcheologicocividale.beniculturali.it\/\" target=\"_blank\" rel=\"noopener\"><span style=\"font-size: 12pt;\">Museo Archeologico Nazionale Cividale del Friuli, Italie <\/span><\/a><\/span><\/h3>\n<h3><span style=\"color: #666666;\"><a style=\"color: #666666;\" href=\"http:\/\/www.kloster-einsiedeln.ch\/?id=154\" target=\"_blank\" rel=\"noopener\"><span style=\"font-size: 12pt;\">Stiftsbibliothek Kloster Einsiedeln, Suisse<\/span><\/a><\/span><\/h3>\n<h3><span style=\"color: #666666;\"><a style=\"color: #666666;\" href=\"https:\/\/www.uni-erfurt.de\/bibliothek\/fb\/\" target=\"_blank\" rel=\"noopener\"><span style=\"font-size: 12pt;\">Forschungsbibliothek Gotha, Allemagne<\/span><\/a><\/span><\/h3>\n<h3><span style=\"color: #666666;\"><a style=\"color: #666666;\" href=\"https:\/\/www.teylersmuseum.nl\/en\/\" target=\"_blank\" rel=\"noopener\"><span style=\"font-size: 12pt;\">Teylers Museum, Haarlem, Pays-Bas<\/span><\/a><\/span><\/h3>\n<h3><span style=\"color: #666666;\"><a style=\"color: #666666;\" href=\"https:\/\/www.blb-karlsruhe.de\/\" target=\"_blank\" rel=\"noopener\"><span style=\"font-size: 12pt;\">Badische Landesbibliothek, Karlsruhe (Carlsruhe), Allemagne<\/span><\/a><\/span><\/h3>\n<h3><span style=\"color: #666666;\"><a style=\"color: #666666;\" href=\"http:\/\/www.dombibliothek-koeln.de\/\" target=\"_blank\" rel=\"noopener\"><span style=\"font-size: 12pt;\">Erzbisch\u00f6fliche Di\u00f6zesan- und Dombibliothek K\u00f6ln (Cologne), Allemagne<\/span><\/a><\/span><\/h3>\n<h3><span style=\"color: #666666;\"><a style=\"color: #666666;\" href=\"http:\/\/www.bl.uk\/\" target=\"_blank\" rel=\"noopener\"><span style=\"font-size: 12pt;\">British Library, Londres, Royaume-Uni<\/span><\/a><\/span><\/h3>\n<h3><span style=\"color: #666666;\"><a style=\"color: #666666;\" href=\"http:\/\/www.getty.edu\/museum\/\" target=\"_blank\" rel=\"noopener\"><span style=\"font-size: 12pt;\">J. Paul Getty Museum, Los Angeles, \u00c9tats-Unis<\/span><\/a><\/span><\/h3>\n<h3><span style=\"color: #666666;\"><a style=\"color: #666666;\" href=\"http:\/\/www.zhbluzern.ch\/home\/\" target=\"_blank\" rel=\"noopener\"><span style=\"font-size: 12pt;\">Zentral- und Hochschulbibliothek Luzern (Lucerne), Suisse<\/span><\/a><\/span><\/h3>\n<h3><span style=\"color: #666666;\"><a style=\"color: #666666;\" href=\"https:\/\/www.bsb-muenchen.de\/index.php\" target=\"_blank\" rel=\"noopener\"><span style=\"font-size: 12pt;\">Bayerische Staatsbibliothek, M\u00fcnchen (Munich), Allemagne<\/span><\/a><\/span><\/h3>\n<h3><span style=\"color: #666666;\"><a style=\"color: #666666;\" href=\"http:\/\/beinecke.library.yale.edu\/\" target=\"_blank\" rel=\"noopener\"><span style=\"font-size: 12pt;\">Beinecke Rare Books &amp; Manuscript Library, Yale University, New Haven, \u00c9tats-Unis<\/span><\/a><\/span><\/h3>\n<h3><span style=\"color: #666666;\"><a style=\"color: #666666;\" href=\"http:\/\/www.themorgan.org\/\" target=\"_blank\" rel=\"noopener\"><span style=\"font-size: 12pt;\">The Morgan Library &amp; Museum, New York, \u00c9tats-Unis<\/span><\/a><\/span><\/h3>\n<h3><span style=\"color: #666666;\"><a style=\"color: #666666;\" href=\"http:\/\/www.bistum-osnabrueck.de\/kultur\/dioezesanarchiv.html\" target=\"_blank\" rel=\"noopener\"><span style=\"font-size: 12pt;\">Di\u00f6zesanarchiv Osnabr\u00fcck, Allemagne<\/span><\/a><\/span><\/h3>\n<h3><span style=\"color: #666666;\"><a style=\"color: #666666;\" href=\"http:\/\/www.bodleian.ox.ac.uk\/home\" target=\"_blank\" rel=\"noopener\"><span style=\"font-size: 12pt;\">Bodleian Libraries, Oxford, Royaume-Uni<\/span><\/a><\/span><\/h3>\n<h3><span style=\"color: #666666;\"><a style=\"color: #666666;\" href=\"http:\/\/www.bnf.fr\/en\/tools\/a.welcome_to_the_bnf.html\" target=\"_blank\" rel=\"noopener\"><span style=\"font-size: 12pt;\">Biblioth\u00e8que nationale de France, Paris, France<\/span><\/a><\/span><\/h3>\n<h3><span style=\"color: #666666;\"><a style=\"color: #666666;\" href=\"http:\/\/archiv.abtei-muri.ch\/\" target=\"_blank\" rel=\"noopener\"><span style=\"font-size: 12pt;\">Stiftsarchiv Muri-Gries, Sarnen, Suisse<\/span><\/a><\/span><\/h3>\n<h3><span style=\"color: #666666;\"><a style=\"color: #666666;\" href=\"https:\/\/www.allerheiligen.ch\/de\/\" target=\"_blank\" rel=\"noopener\"><span style=\"font-size: 12pt;\">Museum zu Allerheiligen Schaffhausen, Suisse<\/span><\/a><\/span><\/h3>\n<h3><span style=\"color: #666666;\"><a style=\"color: #666666;\" href=\"http:\/\/www.staatsgalerie.de\/\" target=\"_blank\" rel=\"noopener\"><span style=\"font-size: 12pt;\">Staatsgalerie Stuttgart, Allemagne<\/span><\/a><\/span><\/h3>\n<h3><span style=\"color: #666666;\"><a style=\"color: #666666;\" href=\"http:\/\/www.stadtbibliothek-weberbach.de\/stadtbibliothek-trier\/\" target=\"_blank\" rel=\"noopener\"><span style=\"font-size: 12pt;\">Stadtbibliothek Trier (Tr\u00e8ves), Allemagne<\/span><\/a><\/span><\/h3>\n<h3><span style=\"color: #666666;\"><a style=\"color: #666666;\" href=\"https:\/\/www.onb.ac.at\" target=\"_blank\" rel=\"noopener\"><span style=\"font-size: 12pt;\">\u00d6sterreichische Nationalbibliothek, Vienne, Autriche<\/span><\/a><\/span><\/h3>\n<h3><span style=\"color: #666666;\"><a style=\"color: #666666;\" href=\"https:\/\/www.rct.uk\/collection\/about-the-collection\/the-royal-library-and-royal-archives\" target=\"_blank\" rel=\"noopener\"><span style=\"font-size: 12pt;\">Royal Library, Windsor Castle, Windsor, Royaume-Uni<\/span><\/a><\/span><\/h3>\n<h3><span style=\"color: #666666;\"><a style=\"color: #666666;\" href=\"http:\/\/www.zb.uzh.ch\/\" target=\"_blank\" rel=\"noopener\"><span style=\"font-size: 12pt;\">Zentralbibliothek Z\u00fcrich (Zurich), Suisse<\/span><\/a><\/span><\/h3>\n<p>[\/et_pb_text][\/et_pb_column_inner][\/et_pb_row_inner][\/et_pb_column][\/et_pb_section]<\/p>\n","protected":false},"excerpt":{"rendered":"<p>[et_pb_section fb_built=&nbsp;&raquo;1&Prime; background_color=&nbsp;&raquo;#ffffff&nbsp;&raquo; make_equal=&nbsp;&raquo;on&nbsp;&raquo; specialty=&nbsp;&raquo;on&nbsp;&raquo; background_color_1=&nbsp;&raquo;#f5f5f5&Prime; padding_top_1=&nbsp;&raquo;34px&nbsp;&raquo; padding_left_1=&nbsp;&raquo;23px&nbsp;&raquo; padding_1_tablet=&nbsp;&raquo;|||23px&nbsp;&raquo; padding_1_last_edited=&nbsp;&raquo;on|tablet&nbsp;&raquo; _builder_version=&nbsp;&raquo;3.0.96&Prime;][et_pb_column type=&nbsp;&raquo;1_4&Prime; _builder_version=&nbsp;&raquo;3.0.47&Prime; padding_tablet=&nbsp;&raquo;|||23px&nbsp;&raquo; padding_last_edited=&nbsp;&raquo;on|tablet&nbsp;&raquo; padding_left=&nbsp;&raquo;23px&nbsp;&raquo; padding_top=&nbsp;&raquo;34px&nbsp;&raquo; background_color=&nbsp;&raquo;#f5f5f5&Prime; parallax=&nbsp;&raquo;off&nbsp;&raquo; parallax_method=&nbsp;&raquo;on&nbsp;&raquo;][et_pb_text admin_label=&nbsp;&raquo;Text &#8211; Link Team FR&nbsp;&raquo; _builder_version=&nbsp;&raquo;3.0.96&Prime; text_font_size=&nbsp;&raquo;15&Prime; text_line_height=&nbsp;&raquo;1.8em&nbsp;&raquo; background_size=&nbsp;&raquo;initial&nbsp;&raquo; background_position=&nbsp;&raquo;top_left&nbsp;&raquo; background_repeat=&nbsp;&raquo;repeat&nbsp;&raquo; custom_padding_last_edited=&nbsp;&raquo;off|desktop&nbsp;&raquo; use_border_color=&nbsp;&raquo;off&nbsp;&raquo; saved_tabs=&nbsp;&raquo;all&nbsp;&raquo;]\u00c9quippe [\/et_pb_text][et_pb_text admin_label=&nbsp;&raquo;Text &#8211; Link Unsere Partner FR&nbsp;&raquo; _builder_version=&nbsp;&raquo;3.0.96&Prime; text_font_size=&nbsp;&raquo;15&Prime; text_line_height=&nbsp;&raquo;1.8em&nbsp;&raquo; background_size=&nbsp;&raquo;initial&nbsp;&raquo; background_position=&nbsp;&raquo;top_left&nbsp;&raquo; background_repeat=&nbsp;&raquo;repeat&nbsp;&raquo; custom_padding_last_edited=&nbsp;&raquo;on|desktop&nbsp;&raquo; use_border_color=&nbsp;&raquo;off&nbsp;&raquo; saved_tabs=&nbsp;&raquo;all&nbsp;&raquo;]Partenaires [\/et_pb_text][et_pb_text admin_label=&nbsp;&raquo;Text &#8211; Link Stimmen [&hellip;]<\/p>\n","protected":false},"author":1,"featured_media":0,"parent":12291,"menu_order":10,"comment_status":"closed","ping_status":"closed","template":"","meta":[],"_links":{"self":[{"href":"https:\/\/quaternio.ch\/fr\/wp-json\/wp\/v2\/pages\/12293"}],"collection":[{"href":"https:\/\/quaternio.ch\/fr\/wp-json\/wp\/v2\/pages"}],"about":[{"href":"https:\/\/quaternio.ch\/fr\/wp-json\/wp\/v2\/types\/page"}],"author":[{"embeddable":true,"href":"https:\/\/quaternio.ch\/fr\/wp-json\/wp\/v2\/users\/1"}],"replies":[{"embeddable":true,"href":"https:\/\/quaternio.ch\/fr\/wp-json\/wp\/v2\/comments?post=12293"}],"version-history":[{"count":19,"href":"https:\/\/quaternio.ch\/fr\/wp-json\/wp\/v2\/pages\/12293\/revisions"}],"predecessor-version":[{"id":17598,"href":"https:\/\/quaternio.ch\/fr\/wp-json\/wp\/v2\/pages\/12293\/revisions\/17598"}],"up":[{"embeddable":true,"href":"https:\/\/quaternio.ch\/fr\/wp-json\/wp\/v2\/pages\/12291"}],"wp:attachment":[{"href":"https:\/\/quaternio.ch\/fr\/wp-json\/wp\/v2\/media?parent=12293"}],"curies":[{"name":"wp","href":"https:\/\/api.w.org\/{rel}","templated":true}]}}