{"id":12506,"date":"2018-09-19T13:57:05","date_gmt":"2018-09-19T13:57:05","guid":{"rendered":"https:\/\/quaternio.ch\/?page_id=12506\/"},"modified":"2020-02-26T11:32:29","modified_gmt":"2020-02-26T11:32:29","slug":"kontakt-wir-freuen-uns-auf-sie","status":"publish","type":"page","link":"https:\/\/quaternio.ch\/fr\/kontakt-wir-freuen-uns-auf-sie\/","title":{"rendered":"Kontakt &#8211; Wir freuen uns auf Sie"},"content":{"rendered":"<p>[et_pb_section bb_built=&nbsp;&raquo;1&Prime; fullwidth=&nbsp;&raquo;off&nbsp;&raquo; specialty=&nbsp;&raquo;on&nbsp;&raquo; transparent_background=&nbsp;&raquo;off&nbsp;&raquo; background_color=&nbsp;&raquo;#ffffff&nbsp;&raquo; allow_player_pause=&nbsp;&raquo;off&nbsp;&raquo; inner_shadow=&nbsp;&raquo;off&nbsp;&raquo; parallax=&nbsp;&raquo;off&nbsp;&raquo; parallax_method=&nbsp;&raquo;off&nbsp;&raquo; padding_mobile=&nbsp;&raquo;off&nbsp;&raquo; make_fullwidth=&nbsp;&raquo;off&nbsp;&raquo; use_custom_width=&nbsp;&raquo;on&nbsp;&raquo; width_unit=&nbsp;&raquo;on&nbsp;&raquo; make_equal=&nbsp;&raquo;on&nbsp;&raquo; use_custom_gutter=&nbsp;&raquo;off&nbsp;&raquo; parallax_1=&nbsp;&raquo;off&nbsp;&raquo; parallax_method_1=&nbsp;&raquo;off&nbsp;&raquo; background_color_1=&nbsp;&raquo;#f5f5f5&Prime; padding_top_1=&nbsp;&raquo;38px&nbsp;&raquo; padding_left_1=&nbsp;&raquo;23px&nbsp;&raquo; padding_1_tablet=&nbsp;&raquo;|||23px&nbsp;&raquo; padding_1_last_edited=&nbsp;&raquo;on|desktop&nbsp;&raquo; parallax_2=&nbsp;&raquo;off&nbsp;&raquo; parallax_method_2=&nbsp;&raquo;off&nbsp;&raquo; parallax_3=&nbsp;&raquo;off&nbsp;&raquo; parallax_method_3=&nbsp;&raquo;off&nbsp;&raquo; padding_top_3=&nbsp;&raquo;35px&nbsp;&raquo; padding_3_last_edited=&nbsp;&raquo;on|desktop&nbsp;&raquo; custom_padding_last_edited=&nbsp;&raquo;off|desktop&nbsp;&raquo; custom_padding_tablet=&nbsp;&raquo;50px|0|50px|0&Prime;][et_pb_column type=&nbsp;&raquo;1_4&Prime;][et_pb_text admin_label=&nbsp;&raquo;Text &#8211; QVL-Kontaktdaten FR&nbsp;&raquo; background_layout=&nbsp;&raquo;light&nbsp;&raquo; use_border_color=&nbsp;&raquo;off&nbsp;&raquo; custom_padding_last_edited=&nbsp;&raquo;on|phone&nbsp;&raquo; text_line_height=&nbsp;&raquo;1.4em&nbsp;&raquo; text_font_size_last_edited=&nbsp;&raquo;on|desktop&nbsp;&raquo; saved_tabs=&nbsp;&raquo;all&nbsp;&raquo; text_line_height_last_edited=&nbsp;&raquo;on|tablet&nbsp;&raquo; text_line_height_tablet=&nbsp;&raquo;1.7em&nbsp;&raquo; background_position=&nbsp;&raquo;top_left&nbsp;&raquo; background_repeat=&nbsp;&raquo;repeat&nbsp;&raquo; background_size=&nbsp;&raquo;initial&nbsp;&raquo; _builder_version=&nbsp;&raquo;3.0.96&Prime;]<\/p>\n<p><span style=\"color: #b30033;\"><strong><span style=\"font-size: 11pt;\">Quaternio Verlag Luzern<\/span><\/strong><\/span><br \/>\n<span style=\"font-size: 10pt; color: #333333;\"> Obergrundstrasse 98<\/span><br \/>\n<span style=\"font-size: 10pt; color: #333333;\"> 6005 Luzern<\/span><br \/>\n<span style=\"font-size: 10pt; color: #333333;\"> Suisse<\/span><\/p>\n<p><strong><span style=\"font-size: 10pt; color: #333333;\">Tel.: <\/span><\/strong><br \/>\n<span style=\"font-size: 10pt; color: #333333;\"> +41 (0)41 318 40 20<\/span><\/p>\n<p><strong><span style=\"font-size: 10pt; color: #333333;\">Fax: <\/span><\/strong><br \/>\n<span style=\"font-size: 10pt; color: #333333;\"> +41 (0)41 318 40 25<\/span><\/p>\n<p><span style=\"font-size: 10pt; color: #333333;\"><strong> E-Mail:<\/strong>&nbsp;<\/span><br \/>\n<span style=\"font-size: 10pt; color: #333333;\"> <a style=\"color: #333333;\" href=\"mailto:info@quaternio.ch\" target=\"_blank\">info@quaternio.ch<\/a><\/span><\/span><\/p>\n<p>[\/et_pb_text][et_pb_divider color=&nbsp;&raquo;#ffffff&nbsp;&raquo; show_divider=&nbsp;&raquo;off&nbsp;&raquo; disabled=&nbsp;&raquo;off&nbsp;&raquo; disabled_on=&nbsp;&raquo;on|on|off&nbsp;&raquo; divider_style=&nbsp;&raquo;solid&nbsp;&raquo; divider_position=&nbsp;&raquo;top&nbsp;&raquo; hide_on_mobile=&nbsp;&raquo;on&nbsp;&raquo; height=&nbsp;&raquo;5&Prime; \/][et_pb_text admin_label=&nbsp;&raquo;Text &#8211; Link zur Wegbeschreibung FR&nbsp;&raquo; background_layout=&nbsp;&raquo;light&nbsp;&raquo; use_border_color=&nbsp;&raquo;off&nbsp;&raquo; border_color=&nbsp;&raquo;#ffffff&nbsp;&raquo; border_style=&nbsp;&raquo;solid&nbsp;&raquo; custom_padding_last_edited=&nbsp;&raquo;off|desktop&nbsp;&raquo; text_line_height=&nbsp;&raquo;1.8em&nbsp;&raquo; text_font_size=&nbsp;&raquo;15&Prime; saved_tabs=&nbsp;&raquo;all&nbsp;&raquo; background_position=&nbsp;&raquo;top_left&nbsp;&raquo; background_repeat=&nbsp;&raquo;repeat&nbsp;&raquo; background_size=&nbsp;&raquo;initial&nbsp;&raquo; _builder_version=&nbsp;&raquo;3.0.96&Prime;]<\/p>\n<p><span style=\"font-size: 12pt;\"><strong><a href=\"https:\/\/quaternio.ch\/kontakt\/wegbeschreibung\/\">Plan d\u2019acc\u00e8s<\/a><\/strong><\/span><\/p>\n<p>[\/et_pb_text][et_pb_text admin_label=&nbsp;&raquo;Text &#8211; Link Newsletter-Anmeldung&nbsp;&raquo; background_layout=&nbsp;&raquo;light&nbsp;&raquo; use_border_color=&nbsp;&raquo;off&nbsp;&raquo; border_color=&nbsp;&raquo;#ffffff&nbsp;&raquo; border_style=&nbsp;&raquo;solid&nbsp;&raquo; custom_padding_last_edited=&nbsp;&raquo;off|desktop&nbsp;&raquo; text_line_height=&nbsp;&raquo;1.8em&nbsp;&raquo; text_font_size=&nbsp;&raquo;15&Prime; saved_tabs=&nbsp;&raquo;all&nbsp;&raquo; background_position=&nbsp;&raquo;top_left&nbsp;&raquo; background_repeat=&nbsp;&raquo;repeat&nbsp;&raquo; background_size=&nbsp;&raquo;initial&nbsp;&raquo; _builder_version=&nbsp;&raquo;3.0.96&Prime;]<\/p>\n<p><span style=\"font-size: 12pt;\"><strong><a href=\"https:\/\/quaternio.ch\/kontakt\/newsletter\/\">Newsletter<\/a><\/strong><\/span><\/p>\n<p>[\/et_pb_text][et_pb_text admin_label=&nbsp;&raquo;Text &#8211; Link Social Media&nbsp;&raquo; background_layout=&nbsp;&raquo;light&nbsp;&raquo; use_border_color=&nbsp;&raquo;off&nbsp;&raquo; border_color=&nbsp;&raquo;#ffffff&nbsp;&raquo; border_style=&nbsp;&raquo;solid&nbsp;&raquo; custom_padding_last_edited=&nbsp;&raquo;off|desktop&nbsp;&raquo; text_line_height=&nbsp;&raquo;1.8em&nbsp;&raquo; text_font_size=&nbsp;&raquo;15&Prime; saved_tabs=&nbsp;&raquo;all&nbsp;&raquo; background_position=&nbsp;&raquo;top_left&nbsp;&raquo; background_repeat=&nbsp;&raquo;repeat&nbsp;&raquo; background_size=&nbsp;&raquo;initial&nbsp;&raquo; _builder_version=&nbsp;&raquo;3.0.96&Prime;]<\/p>\n<p><span style=\"font-size: 12pt;\"><strong><a href=\"#socialmediafolgen\">Social Media<\/a><\/strong><\/span><\/p>\n<p>[\/et_pb_text][\/et_pb_column][et_pb_column type=&nbsp;&raquo;1_2&Prime; specialty_columns=&nbsp;&raquo;2&Prime;][et_pb_row_inner admin_label=&nbsp;&raquo;Zeile&nbsp;&raquo; custom_padding=&nbsp;&raquo;||0px|&nbsp;&raquo; use_custom_gutter=&nbsp;&raquo;off&nbsp;&raquo; column_padding_mobile=&nbsp;&raquo;on&nbsp;&raquo; make_equal=&nbsp;&raquo;off&nbsp;&raquo; parallax_1=&nbsp;&raquo;off&nbsp;&raquo; parallax_method_1=&nbsp;&raquo;off&nbsp;&raquo; custom_padding_last_edited=&nbsp;&raquo;on|desktop&nbsp;&raquo;][et_pb_column_inner type=&nbsp;&raquo;4_4&Prime; saved_specialty_column_type=&nbsp;&raquo;1_2&Prime;][et_pb_text admin_label=&nbsp;&raquo;Text &#8211; \u00dcberschrift &#8211; Schreiben Sie uns FR&nbsp;&raquo; background_layout=&nbsp;&raquo;light&nbsp;&raquo; use_border_color=&nbsp;&raquo;off&nbsp;&raquo; _builder_version=&nbsp;&raquo;3.0.96&Prime;]<\/p>\n<h1><span style=\"font-size: 18pt;\"><strong>Contact<\/strong><\/span><\/h1>\n<h2><span style=\"font-size: 14pt;\"><em>Nous nous r\u00e9jouissons de votre message<\/em><\/span><\/h2>\n<p>[\/et_pb_text][\/et_pb_column_inner][\/et_pb_row_inner][et_pb_row_inner admin_label=&nbsp;&raquo;Zeile&nbsp;&raquo; custom_padding=&nbsp;&raquo;10px|||&nbsp;&raquo; padding_mobile=&nbsp;&raquo;off&nbsp;&raquo; use_custom_gutter=&nbsp;&raquo;off&nbsp;&raquo; column_padding_mobile=&nbsp;&raquo;on&nbsp;&raquo; make_equal=&nbsp;&raquo;off&nbsp;&raquo; parallax_1=&nbsp;&raquo;off&nbsp;&raquo; parallax_method_1=&nbsp;&raquo;off&nbsp;&raquo;][et_pb_column_inner type=&nbsp;&raquo;4_4&Prime; saved_specialty_column_type=&nbsp;&raquo;1_2&Prime;][et_pb_text admin_label=&nbsp;&raquo;Text &#8211; Kontaktformular FR&nbsp;&raquo; background_layout=&nbsp;&raquo;light&nbsp;&raquo; use_border_color=&nbsp;&raquo;off&nbsp;&raquo; text_line_height_last_edited=&nbsp;&raquo;off|desktop&nbsp;&raquo; _builder_version=&nbsp;&raquo;3.0.96&Prime;]<\/p>\n<div role=\"form\" class=\"wpcf7\" id=\"wpcf7-f12505-o1\" lang=\"de-DE\" dir=\"ltr\">\n<div class=\"screen-reader-response\"><p role=\"status\" aria-live=\"polite\" aria-atomic=\"true\"><\/p> <ul><\/ul><\/div>\n<form action=\"\/fr\/wp-json\/wp\/v2\/pages\/12506#wpcf7-f12505-o1\" method=\"post\" class=\"wpcf7-form init\" novalidate=\"novalidate\" data-status=\"init\">\n<div style=\"display: none;\">\n<input type=\"hidden\" name=\"_wpcf7\" value=\"12505\" \/>\n<input type=\"hidden\" name=\"_wpcf7_version\" value=\"5.5.2\" \/>\n<input type=\"hidden\" name=\"_wpcf7_locale\" value=\"de_DE\" \/>\n<input type=\"hidden\" name=\"_wpcf7_unit_tag\" value=\"wpcf7-f12505-o1\" \/>\n<input type=\"hidden\" name=\"_wpcf7_container_post\" value=\"0\" \/>\n<input type=\"hidden\" name=\"_wpcf7_posted_data_hash\" value=\"\" \/>\n<\/div>\n<p>Civilit\u00e9* <br \/>\n    <span class=\"wpcf7-form-control-wrap menu-138\"><select name=\"menu-138\" class=\"wpcf7-form-control wpcf7-select wpcf7-validates-as-required\" aria-required=\"true\" aria-invalid=\"false\"><option value=\"Monsieur\">Monsieur<\/option><option value=\"Madame\">Madame<\/option><option value=\"Mademoiselle\">Mademoiselle<\/option><\/select><\/span> <\/p>\n<p>Titre<br \/>\n    <span class=\"wpcf7-form-control-wrap titel\"><input type=\"text\" name=\"titel\" value=\"\" size=\"40\" class=\"wpcf7-form-control wpcf7-text\" aria-invalid=\"false\" \/><\/span> <\/p>\n<p>Votre pr\u00e9nom<br \/>\n    <span class=\"wpcf7-form-control-wrap your-vorname\"><input type=\"text\" name=\"your-vorname\" value=\"\" size=\"40\" class=\"wpcf7-form-control wpcf7-text\" aria-invalid=\"false\" \/><\/span> <\/p>\n<p>Votre nom*<br \/>\n    <span class=\"wpcf7-form-control-wrap your-name\"><input type=\"text\" name=\"your-name\" value=\"\" size=\"40\" class=\"wpcf7-form-control wpcf7-text wpcf7-validates-as-required\" aria-required=\"true\" aria-invalid=\"false\" \/><\/span> <\/p>\n<p>Courriel*<br \/>\n    <span class=\"wpcf7-form-control-wrap your-email\"><input type=\"email\" name=\"your-email\" value=\"\" size=\"40\" class=\"wpcf7-form-control wpcf7-text wpcf7-email wpcf7-validates-as-required wpcf7-validates-as-email\" aria-required=\"true\" aria-invalid=\"false\" \/><\/span> <\/p>\n<p>Rue et num\u00e9ro <br \/>\n    <span class=\"wpcf7-form-control-wrap strasse_haus\"><input type=\"text\" name=\"strasse_haus\" value=\"\" size=\"40\" class=\"wpcf7-form-control wpcf7-text\" aria-invalid=\"false\" \/><\/span> <\/p>\n<p>Code postal et lieu <br \/>\n    <span class=\"wpcf7-form-control-wrap plz_ort\"><input type=\"text\" name=\"plz_ort\" value=\"\" size=\"40\" class=\"wpcf7-form-control wpcf7-text\" aria-invalid=\"false\" \/><\/span> <\/p>\n<p>Pays <br \/>\n    <span class=\"wpcf7-form-control-wrap land\"><input type=\"text\" name=\"land\" value=\"\" size=\"40\" class=\"wpcf7-form-control wpcf7-text\" aria-invalid=\"false\" \/><\/span> <\/p>\n<p>Votre num\u00e9ro de t\u00e9l\u00e9phone (en cas de questions)<br \/>\n    <span class=\"wpcf7-form-control-wrap tel-556\"><input type=\"tel\" name=\"tel-556\" value=\"\" size=\"40\" class=\"wpcf7-form-control wpcf7-text wpcf7-tel wpcf7-validates-as-tel\" aria-invalid=\"false\" \/><\/span> <\/p>\n<p>Sujet<br \/>\n    <span class=\"wpcf7-form-control-wrap text-subject\"><input type=\"text\" name=\"text-subject\" value=\"Mon message aux Quaternio \u00c9ditons Lucerne\" size=\"40\" class=\"wpcf7-form-control wpcf7-text\" aria-invalid=\"false\" \/><\/span> <\/p>\n<p>Votre message <br \/>\n    <span class=\"wpcf7-form-control-wrap your-message\"><textarea name=\"your-message\" cols=\"40\" rows=\"10\" class=\"wpcf7-form-control wpcf7-textarea\" aria-invalid=\"false\"><\/textarea><\/span><br \/>\n<span style=\"font-size: 8pt;\">*Les champs avec une ast\u00e9risque (*) sont obligatoires<\/span> <\/p>\n<p>Je souhaite \u00e0 l\u2019avenir \u00eatre tenu(e) inform\u00e9(e) par voie postale et par courriel sur :<br \/>\n&nbsp;<br \/>\n<span class=\"wpcf7-form-control-wrap checkbox-800\"><span class=\"wpcf7-form-control wpcf7-checkbox\"><span class=\"wpcf7-list-item first\"><label><input type=\"checkbox\" name=\"checkbox-800[]\" value=\"Vos \u00e9ditions en fac-simil\u00e9\" \/><span class=\"wpcf7-list-item-label\">Vos \u00e9ditions en fac-simil\u00e9<\/span><\/label><\/span><span class=\"wpcf7-list-item\"><label><input type=\"checkbox\" name=\"checkbox-800[]\" value=\"Vos \u00e9ditions en livre d\u2019art\" \/><span class=\"wpcf7-list-item-label\">Vos \u00e9ditions en livre d\u2019art<\/span><\/label><\/span><span class=\"wpcf7-list-item last\"><label><input type=\"checkbox\" name=\"checkbox-800[]\" value=\"Les futures manifestations\" \/><span class=\"wpcf7-list-item-label\">Les futures manifestations<\/span><\/label><\/span><\/span><\/span><br \/>\nSi plus tard je ne souhaite plus recevoir ces informations, je pourrai simplement les d\u00e9commander. Pour ce faire il suffit de cliquer sur le bouton pr\u00e9vu \u00e0 cet effet ou d\u2019envoyer un message aux \u00c9ditions Quaternio Lucerne.<\/p>\n<p>Les \u00c9ditions Quaternio Lucerne ne c\u00e8deront \u00e0 un tiers aucune information fournie sans votre consentement expr\u00e8s. L'utilisation des donn\u00e9es est r\u00e9serv\u00e9e \u00e0 un usage strictement interne. Pour en savoir plus sur notre politique de confidentialit\u00e9 cliquez \u2192 <a href=\"https:\/\/quaternio.ch\/datenschutz\/\" target=\"_blank\">ici.<\/a><\/p>\n<p>&nbsp;<\/p>\n<p><input type=\"submit\" value=\"Envoi\" class=\"wpcf7-form-control has-spinner wpcf7-submit\" \/><\/p>\n<div class=\"wpcf7-response-output\" aria-hidden=\"true\"><\/div><\/form><\/div>\n<p>[\/et_pb_text][\/et_pb_column_inner][\/et_pb_row_inner][et_pb_row_inner admin_label=&nbsp;&raquo;Zeile&nbsp;&raquo; custom_padding=&nbsp;&raquo;40px||20px|&nbsp;&raquo; use_custom_gutter=&nbsp;&raquo;off&nbsp;&raquo; column_padding_mobile=&nbsp;&raquo;on&nbsp;&raquo; make_equal=&nbsp;&raquo;off&nbsp;&raquo; parallax_1=&nbsp;&raquo;off&nbsp;&raquo; parallax_method_1=&nbsp;&raquo;off&nbsp;&raquo; custom_padding_last_edited=&nbsp;&raquo;on|desktop&nbsp;&raquo; disabled=&nbsp;&raquo;off&nbsp;&raquo; disabled_on=&nbsp;&raquo;on|on|&nbsp;&raquo;][et_pb_column_inner type=&nbsp;&raquo;4_4&Prime; saved_specialty_column_type=&nbsp;&raquo;1_2&Prime;][et_pb_divider color=&nbsp;&raquo;#eaeaea&nbsp;&raquo; show_divider=&nbsp;&raquo;on&nbsp;&raquo; divider_style=&nbsp;&raquo;solid&nbsp;&raquo; divider_position=&nbsp;&raquo;top&nbsp;&raquo; hide_on_mobile=&nbsp;&raquo;on&nbsp;&raquo; \/][\/et_pb_column_inner][\/et_pb_row_inner][et_pb_row_inner admin_label=&nbsp;&raquo;Zeile&nbsp;&raquo; custom_padding=&nbsp;&raquo;||25px|&nbsp;&raquo; padding_mobile=&nbsp;&raquo;off&nbsp;&raquo; use_custom_gutter=&nbsp;&raquo;off&nbsp;&raquo; column_padding_mobile=&nbsp;&raquo;on&nbsp;&raquo; make_equal=&nbsp;&raquo;off&nbsp;&raquo; parallax_1=&nbsp;&raquo;off&nbsp;&raquo; parallax_method_1=&nbsp;&raquo;off&nbsp;&raquo;][et_pb_column_inner type=&nbsp;&raquo;4_4&Prime; saved_specialty_column_type=&nbsp;&raquo;1_2&Prime;][et_pb_text admin_label=&nbsp;&raquo;Text &#8211; Abonnieren Sie uns FR&nbsp;&raquo; background_layout=&nbsp;&raquo;light&nbsp;&raquo; use_border_color=&nbsp;&raquo;off&nbsp;&raquo; border_color=&nbsp;&raquo;#ffffff&nbsp;&raquo; border_style=&nbsp;&raquo;solid&nbsp;&raquo; _builder_version=&nbsp;&raquo;3.0.96&Prime;]<\/p>\n<h2><em><span style=\"font-size: 14pt;\">Inscrivez-vous \u00e0 la newsletter<\/span><\/em><\/h2>\n<p>[\/et_pb_text][et_pb_text admin_label=&nbsp;&raquo;Text &#8211; Link zur Newsletter-Anmeldung FR&nbsp;&raquo; background_layout=&nbsp;&raquo;light&nbsp;&raquo; use_border_color=&nbsp;&raquo;off&nbsp;&raquo; border_color=&nbsp;&raquo;#ffffff&nbsp;&raquo; border_style=&nbsp;&raquo;solid&nbsp;&raquo; _builder_version=&nbsp;&raquo;3.0.96&Prime;]<\/p>\n<p>Pour d\u00e9couvrir les derni\u00e8res nouvelles du programme et les \u00e9v\u00e9nements, inscrivez-vous \u00e0 la newsletter (en allemand). \u2192&nbsp;<a href=\"https:\/\/quaternio.ch\/kontakt\/newsletter\/\">Newsletter<\/a><\/p>\n<p>[\/et_pb_text][\/et_pb_column_inner][\/et_pb_row_inner][et_pb_row_inner admin_label=&nbsp;&raquo;Zeile&nbsp;&raquo; custom_padding=&nbsp;&raquo;35px||35px|&nbsp;&raquo; padding_mobile=&nbsp;&raquo;off&nbsp;&raquo; use_custom_gutter=&nbsp;&raquo;off&nbsp;&raquo; column_padding_mobile=&nbsp;&raquo;on&nbsp;&raquo; make_equal=&nbsp;&raquo;off&nbsp;&raquo; parallax_1=&nbsp;&raquo;off&nbsp;&raquo; parallax_method_1=&nbsp;&raquo;off&nbsp;&raquo; disabled=&nbsp;&raquo;off&nbsp;&raquo; disabled_on=&nbsp;&raquo;on|on|&nbsp;&raquo;][et_pb_column_inner type=&nbsp;&raquo;4_4&Prime; saved_specialty_column_type=&nbsp;&raquo;1_2&Prime;][et_pb_divider color=&nbsp;&raquo;#eaeaea&nbsp;&raquo; show_divider=&nbsp;&raquo;on&nbsp;&raquo; divider_style=&nbsp;&raquo;solid&nbsp;&raquo; divider_position=&nbsp;&raquo;top&nbsp;&raquo; hide_on_mobile=&nbsp;&raquo;on&nbsp;&raquo; \/][\/et_pb_column_inner][\/et_pb_row_inner][et_pb_row_inner admin_label=&nbsp;&raquo;Zeile&nbsp;&raquo; custom_padding=&nbsp;&raquo;0px||35px|&nbsp;&raquo; padding_mobile=&nbsp;&raquo;off&nbsp;&raquo; use_custom_gutter=&nbsp;&raquo;off&nbsp;&raquo; column_padding_mobile=&nbsp;&raquo;on&nbsp;&raquo; make_equal=&nbsp;&raquo;off&nbsp;&raquo; parallax_1=&nbsp;&raquo;off&nbsp;&raquo; parallax_method_1=&nbsp;&raquo;off&nbsp;&raquo; custom_padding_tablet=&nbsp;&raquo;0px||25px|&nbsp;&raquo; custom_padding_last_edited=&nbsp;&raquo;on|desktop&nbsp;&raquo;][et_pb_column_inner type=&nbsp;&raquo;4_4&Prime; saved_specialty_column_type=&nbsp;&raquo;1_2&Prime;][et_pb_text admin_label=&nbsp;&raquo;Text &#8211; Folgen Sie uns FR&nbsp;&raquo; background_layout=&nbsp;&raquo;light&nbsp;&raquo; use_border_color=&nbsp;&raquo;off&nbsp;&raquo; _builder_version=&nbsp;&raquo;3.0.96&Prime;]<\/p>\n<p id=\"socialmediafolgen\"><span style=\"color: #ffffff;\">Contact Social Media<\/span><\/p>\n<h2><em><span style=\"font-size: 14pt;\">Suivez-nous<\/span><\/em><\/h2>\n<p>[\/et_pb_text][et_pb_social_media_follow background_layout=&nbsp;&raquo;light&nbsp;&raquo; url_new_window=&nbsp;&raquo;on&nbsp;&raquo; follow_button=&nbsp;&raquo;off&nbsp;&raquo; _builder_version=&nbsp;&raquo;3.0.96&Prime;][et_pb_social_media_follow_network social_network=&nbsp;&raquo;facebook&nbsp;&raquo; url=&nbsp;&raquo;https:\/\/www.facebook.com\/QuaternioVerlagLuzern\/&nbsp;&raquo; skype_action=&nbsp;&raquo;call&nbsp;&raquo; background_color=&nbsp;&raquo;#3b5998&Prime; _builder_version=&nbsp;&raquo;3.0.96&Prime;]<\/p>\n<p>Facebook<\/p>\n<p>[\/et_pb_social_media_follow_network][et_pb_social_media_follow_network social_network=&nbsp;&raquo;youtube&nbsp;&raquo; skype_action=&nbsp;&raquo;call&nbsp;&raquo; url=&nbsp;&raquo;https:\/\/www.youtube.com\/channel\/UCc2KFLp-16iWi3_PEnBOMtQ&nbsp;&raquo; background_color=&nbsp;&raquo;#a82400&Prime; _builder_version=&nbsp;&raquo;3.0.96&Prime;]<\/p>\n<p>Youtube<\/p>\n<p>[\/et_pb_social_media_follow_network][\/et_pb_social_media_follow][\/et_pb_column_inner][\/et_pb_row_inner][\/et_pb_column][et_pb_column type=&nbsp;&raquo;1_4&Prime;][et_pb_image admin_label=&nbsp;&raquo;Bild &#8211; Evangelist Matth\u00e4us&nbsp;&raquo; src=&nbsp;&raquo;https:\/\/quaternio.ch\/wp-content\/uploads\/2016\/03\/HMO_15r_Matthaeus_Illustration_Kontakt.png&nbsp;&raquo; alt=&nbsp;&raquo;Stundenbuch der Margarete von Orl\u00e9ans, fol. 15r, Evangelist Matth\u00e4us &#8211; Illustration Kontakt&nbsp;&raquo; title_text=&nbsp;&raquo;Stundenbuch der Margarete von Orl\u00e9ans, fol. 15r (Evangelist Matth\u00e4us)&nbsp;&raquo; show_in_lightbox=&nbsp;&raquo;off&nbsp;&raquo; url_new_window=&nbsp;&raquo;off&nbsp;&raquo; use_overlay=&nbsp;&raquo;off&nbsp;&raquo; animation=&nbsp;&raquo;off&nbsp;&raquo; sticky=&nbsp;&raquo;off&nbsp;&raquo; align=&nbsp;&raquo;left&nbsp;&raquo; force_fullwidth=&nbsp;&raquo;off&nbsp;&raquo; always_center_on_mobile=&nbsp;&raquo;on&nbsp;&raquo; use_border_color=&nbsp;&raquo;off&nbsp;&raquo; border_color=&nbsp;&raquo;#ffffff&nbsp;&raquo; border_style=&nbsp;&raquo;solid&nbsp;&raquo; \/][\/et_pb_column][\/et_pb_section]<\/p>\n","protected":false},"excerpt":{"rendered":"<p>[et_pb_section bb_built=&nbsp;&raquo;1&Prime; fullwidth=&nbsp;&raquo;off&nbsp;&raquo; specialty=&nbsp;&raquo;on&nbsp;&raquo; transparent_background=&nbsp;&raquo;off&nbsp;&raquo; background_color=&nbsp;&raquo;#ffffff&nbsp;&raquo; allow_player_pause=&nbsp;&raquo;off&nbsp;&raquo; inner_shadow=&nbsp;&raquo;off&nbsp;&raquo; parallax=&nbsp;&raquo;off&nbsp;&raquo; parallax_method=&nbsp;&raquo;off&nbsp;&raquo; padding_mobile=&nbsp;&raquo;off&nbsp;&raquo; make_fullwidth=&nbsp;&raquo;off&nbsp;&raquo; use_custom_width=&nbsp;&raquo;on&nbsp;&raquo; width_unit=&nbsp;&raquo;on&nbsp;&raquo; make_equal=&nbsp;&raquo;on&nbsp;&raquo; use_custom_gutter=&nbsp;&raquo;off&nbsp;&raquo; parallax_1=&nbsp;&raquo;off&nbsp;&raquo; parallax_method_1=&nbsp;&raquo;off&nbsp;&raquo; background_color_1=&nbsp;&raquo;#f5f5f5&Prime; padding_top_1=&nbsp;&raquo;38px&nbsp;&raquo; padding_left_1=&nbsp;&raquo;23px&nbsp;&raquo; padding_1_tablet=&nbsp;&raquo;|||23px&nbsp;&raquo; padding_1_last_edited=&nbsp;&raquo;on|desktop&nbsp;&raquo; parallax_2=&nbsp;&raquo;off&nbsp;&raquo; parallax_method_2=&nbsp;&raquo;off&nbsp;&raquo; parallax_3=&nbsp;&raquo;off&nbsp;&raquo; parallax_method_3=&nbsp;&raquo;off&nbsp;&raquo; padding_top_3=&nbsp;&raquo;35px&nbsp;&raquo; padding_3_last_edited=&nbsp;&raquo;on|desktop&nbsp;&raquo; custom_padding_last_edited=&nbsp;&raquo;off|desktop&nbsp;&raquo; custom_padding_tablet=&nbsp;&raquo;50px|0|50px|0&Prime;][et_pb_column type=&nbsp;&raquo;1_4&Prime;][et_pb_text admin_label=&nbsp;&raquo;Text &#8211; QVL-Kontaktdaten FR&nbsp;&raquo; background_layout=&nbsp;&raquo;light&nbsp;&raquo; use_border_color=&nbsp;&raquo;off&nbsp;&raquo; custom_padding_last_edited=&nbsp;&raquo;on|phone&nbsp;&raquo; text_line_height=&nbsp;&raquo;1.4em&nbsp;&raquo; text_font_size_last_edited=&nbsp;&raquo;on|desktop&nbsp;&raquo; saved_tabs=&nbsp;&raquo;all&nbsp;&raquo; text_line_height_last_edited=&nbsp;&raquo;on|tablet&nbsp;&raquo; text_line_height_tablet=&nbsp;&raquo;1.7em&nbsp;&raquo; background_position=&nbsp;&raquo;top_left&nbsp;&raquo; background_repeat=&nbsp;&raquo;repeat&nbsp;&raquo; background_size=&nbsp;&raquo;initial&nbsp;&raquo; _builder_version=&nbsp;&raquo;3.0.96&Prime;] Quaternio Verlag Luzern Obergrundstrasse 98 6005 Luzern [&hellip;]<\/p>\n","protected":false},"author":3,"featured_media":0,"parent":0,"menu_order":450,"comment_status":"closed","ping_status":"closed","template":"","meta":[],"_links":{"self":[{"href":"https:\/\/quaternio.ch\/fr\/wp-json\/wp\/v2\/pages\/12506"}],"collection":[{"href":"https:\/\/quaternio.ch\/fr\/wp-json\/wp\/v2\/pages"}],"about":[{"href":"https:\/\/quaternio.ch\/fr\/wp-json\/wp\/v2\/types\/page"}],"author":[{"embeddable":true,"href":"https:\/\/quaternio.ch\/fr\/wp-json\/wp\/v2\/users\/3"}],"replies":[{"embeddable":true,"href":"https:\/\/quaternio.ch\/fr\/wp-json\/wp\/v2\/comments?post=12506"}],"version-history":[{"count":6,"href":"https:\/\/quaternio.ch\/fr\/wp-json\/wp\/v2\/pages\/12506\/revisions"}],"predecessor-version":[{"id":14092,"href":"https:\/\/quaternio.ch\/fr\/wp-json\/wp\/v2\/pages\/12506\/revisions\/14092"}],"wp:attachment":[{"href":"https:\/\/quaternio.ch\/fr\/wp-json\/wp\/v2\/media?parent=12506"}],"curies":[{"name":"wp","href":"https:\/\/api.w.org\/{rel}","templated":true}]}}