{"id":14850,"date":"2021-01-26T14:15:07","date_gmt":"2021-01-26T14:15:07","guid":{"rendered":"https:\/\/quaternio.ch\/shop\/"},"modified":"2021-03-19T10:21:36","modified_gmt":"2021-03-19T10:21:36","slug":"shop","status":"publish","type":"page","link":"https:\/\/quaternio.ch\/fr\/shop\/","title":{"rendered":"Boutique en ligne"},"content":{"rendered":"<p>[et_pb_section bb_built=&nbsp;&raquo;1&Prime; admin_label=&nbsp;&raquo;section&nbsp;&raquo; transparent_background=&nbsp;&raquo;off&nbsp;&raquo; background_color=&nbsp;&raquo;#ffffff&nbsp;&raquo; allow_player_pause=&nbsp;&raquo;off&nbsp;&raquo; inner_shadow=&nbsp;&raquo;off&nbsp;&raquo; parallax=&nbsp;&raquo;off&nbsp;&raquo; parallax_method=&nbsp;&raquo;off&nbsp;&raquo; custom_padding_last_edited=&nbsp;&raquo;off|desktop&nbsp;&raquo; padding_mobile=&nbsp;&raquo;off&nbsp;&raquo; make_fullwidth=&nbsp;&raquo;off&nbsp;&raquo; use_custom_width=&nbsp;&raquo;off&nbsp;&raquo; width_unit=&nbsp;&raquo;on&nbsp;&raquo; make_equal=&nbsp;&raquo;off&nbsp;&raquo; use_custom_gutter=&nbsp;&raquo;off&nbsp;&raquo; custom_padding_tablet=&nbsp;&raquo;50px|0|50px|0&Prime; _builder_version=&nbsp;&raquo;3.0.96&Prime;][et_pb_row make_fullwidth=&nbsp;&raquo;off&nbsp;&raquo; use_custom_width=&nbsp;&raquo;off&nbsp;&raquo; width_unit=&nbsp;&raquo;on&nbsp;&raquo; use_custom_gutter=&nbsp;&raquo;off&nbsp;&raquo; custom_padding=&nbsp;&raquo;||30px|&nbsp;&raquo; custom_padding_last_edited=&nbsp;&raquo;on|desktop&nbsp;&raquo; padding_mobile=&nbsp;&raquo;off&nbsp;&raquo; allow_player_pause=&nbsp;&raquo;off&nbsp;&raquo; parallax=&nbsp;&raquo;off&nbsp;&raquo; parallax_method=&nbsp;&raquo;off&nbsp;&raquo; make_equal=&nbsp;&raquo;off&nbsp;&raquo; parallax_1=&nbsp;&raquo;off&nbsp;&raquo; parallax_method_1=&nbsp;&raquo;off&nbsp;&raquo; column_padding_mobile=&nbsp;&raquo;on&nbsp;&raquo; background_position=&nbsp;&raquo;top_left&nbsp;&raquo; background_repeat=&nbsp;&raquo;repeat&nbsp;&raquo; background_size=&nbsp;&raquo;initial&nbsp;&raquo;][et_pb_column type=&nbsp;&raquo;4_4&Prime;][et_pb_text admin_label=&nbsp;&raquo;Text &#8211; \u00dcberschriften Shop FR&nbsp;&raquo; background_layout=&nbsp;&raquo;light&nbsp;&raquo; text_orientation=&nbsp;&raquo;center&nbsp;&raquo; use_border_color=&nbsp;&raquo;off&nbsp;&raquo; background_position=&nbsp;&raquo;top_left&nbsp;&raquo; background_repeat=&nbsp;&raquo;repeat&nbsp;&raquo; background_size=&nbsp;&raquo;initial&nbsp;&raquo; module_alignment=&nbsp;&raquo;center&nbsp;&raquo; _builder_version=&nbsp;&raquo;3.0.96&Prime;]<\/p>\n<h1><span style=\"font-size: 18pt\"><strong>Boutique en ligne<\/strong><\/span><\/h1>\n<h2><span style=\"font-size: 14pt\"><em>\u00c9ditions Quaternio Lucerne<\/em><\/span><\/h2>\n<p>[\/et_pb_text][et_pb_text admin_label=&nbsp;&raquo;Text Einf\u00fchrung FR&nbsp;&raquo; _builder_version=&nbsp;&raquo;3.0.96&Prime; background_layout=&nbsp;&raquo;light&nbsp;&raquo;]<\/p>\n<p>Merci de l&rsquo;int\u00e9r\u00eat que vous portez \u00e0 \u00c9ditions Quaternio Lucerne. Pour acc\u00e9der \u00e0 la boutique, cliquez sur le drapeau correspondant et vous serez automatiquement redirig\u00e9. Amusez-vous bien en faisant vos achats !<\/p>\n<p>[\/et_pb_text][\/et_pb_column][\/et_pb_row][et_pb_row make_fullwidth=&nbsp;&raquo;off&nbsp;&raquo; use_custom_width=&nbsp;&raquo;off&nbsp;&raquo; width_unit=&nbsp;&raquo;on&nbsp;&raquo; use_custom_gutter=&nbsp;&raquo;off&nbsp;&raquo; custom_padding=&nbsp;&raquo;||45px|&nbsp;&raquo; custom_padding_last_edited=&nbsp;&raquo;on|phone&nbsp;&raquo; disabled=&nbsp;&raquo;off&nbsp;&raquo; disabled_on=&nbsp;&raquo;on|on|&nbsp;&raquo; allow_player_pause=&nbsp;&raquo;off&nbsp;&raquo; parallax=&nbsp;&raquo;off&nbsp;&raquo; parallax_method=&nbsp;&raquo;off&nbsp;&raquo; make_equal=&nbsp;&raquo;off&nbsp;&raquo; parallax_1=&nbsp;&raquo;off&nbsp;&raquo; parallax_method_1=&nbsp;&raquo;off&nbsp;&raquo; column_padding_mobile=&nbsp;&raquo;on&nbsp;&raquo; background_position=&nbsp;&raquo;top_left&nbsp;&raquo; background_repeat=&nbsp;&raquo;repeat&nbsp;&raquo; background_size=&nbsp;&raquo;initial&nbsp;&raquo; _builder_version=&nbsp;&raquo;3.0.96&Prime;][et_pb_column type=&nbsp;&raquo;4_4&Prime;][et_pb_divider admin_label=&nbsp;&raquo;Teiler NEU&nbsp;&raquo; color=&nbsp;&raquo;#eaeaea&nbsp;&raquo; show_divider=&nbsp;&raquo;on&nbsp;&raquo; divider_style=&nbsp;&raquo;solid&nbsp;&raquo; divider_position=&nbsp;&raquo;top&nbsp;&raquo; hide_on_mobile=&nbsp;&raquo;on&nbsp;&raquo; disabled_on=&nbsp;&raquo;on|on|off&nbsp;&raquo; _builder_version=&nbsp;&raquo;3.0.96&Prime; \/][\/et_pb_column][\/et_pb_row][et_pb_row parallax_method=&nbsp;&raquo;off&nbsp;&raquo; parallax_method_1=&nbsp;&raquo;off&nbsp;&raquo; padding_right_1=&nbsp;&raquo;10px&nbsp;&raquo; padding_left_1=&nbsp;&raquo;10px&nbsp;&raquo; parallax_method_2=&nbsp;&raquo;off&nbsp;&raquo; padding_right_2=&nbsp;&raquo;10px&nbsp;&raquo; padding_left_2=&nbsp;&raquo;10px&nbsp;&raquo; parallax_method_3=&nbsp;&raquo;off&nbsp;&raquo; padding_right_3=&nbsp;&raquo;10px&nbsp;&raquo; padding_left_3=&nbsp;&raquo;10px&nbsp;&raquo; custom_padding=&nbsp;&raquo;||45px|&nbsp;&raquo; custom_padding_last_edited=&nbsp;&raquo;on|desktop&nbsp;&raquo; padding_1_last_edited=&nbsp;&raquo;on|desktop&nbsp;&raquo; background_position=&nbsp;&raquo;top_left&nbsp;&raquo; background_repeat=&nbsp;&raquo;repeat&nbsp;&raquo; background_size=&nbsp;&raquo;initial&nbsp;&raquo; _builder_version=&nbsp;&raquo;3.0.96&Prime; padding_bottom_3=&nbsp;&raquo;15px&nbsp;&raquo;][et_pb_column type=&nbsp;&raquo;1_2&Prime;][et_pb_image admin_label=&nbsp;&raquo;Bild Shop Schweiz&nbsp;&raquo; _builder_version=&nbsp;&raquo;3.0.96&Prime; src=&nbsp;&raquo;https:\/\/quaternio.ch\/wp-content\/uploads\/2021\/01\/Schweiz-Flagge.png&nbsp;&raquo; show_in_lightbox=&nbsp;&raquo;off&nbsp;&raquo; url=&nbsp;&raquo;https:\/\/www.shop-quaternio.ch\/&nbsp;&raquo; url_new_window=&nbsp;&raquo;off&nbsp;&raquo; use_overlay=&nbsp;&raquo;off&nbsp;&raquo; align=&nbsp;&raquo;center&nbsp;&raquo; always_center_on_mobile=&nbsp;&raquo;on&nbsp;&raquo; force_fullwidth=&nbsp;&raquo;off&nbsp;&raquo; show_bottom_space=&nbsp;&raquo;on&nbsp;&raquo; max_width=&nbsp;&raquo;50%&nbsp;&raquo; \/][et_pb_blurb admin_label=&nbsp;&raquo;Shopbestellung Schweiz FR&nbsp;&raquo; title=&nbsp;&raquo;Boutique en ligne Suisse&nbsp;&raquo; url=&nbsp;&raquo;https:\/\/www.shop-quaternio.ch\/&nbsp;&raquo; url_new_window=&nbsp;&raquo;off&nbsp;&raquo; use_icon=&nbsp;&raquo;off&nbsp;&raquo; icon_color=&nbsp;&raquo;#9e9e9e&nbsp;&raquo; use_circle=&nbsp;&raquo;on&nbsp;&raquo; circle_color=&nbsp;&raquo;#b30033&Prime; use_circle_border=&nbsp;&raquo;off&nbsp;&raquo; circle_border_color=&nbsp;&raquo;#000000&Prime; icon_placement=&nbsp;&raquo;top&nbsp;&raquo; animation=&nbsp;&raquo;off&nbsp;&raquo; background_layout=&nbsp;&raquo;light&nbsp;&raquo; text_orientation=&nbsp;&raquo;center&nbsp;&raquo; use_icon_font_size=&nbsp;&raquo;on&nbsp;&raquo; use_border_color=&nbsp;&raquo;off&nbsp;&raquo; header_font=&nbsp;&raquo;|700|||||||&nbsp;&raquo; header_line_height=&nbsp;&raquo;3em&nbsp;&raquo; background_position=&nbsp;&raquo;top_left&nbsp;&raquo; background_repeat=&nbsp;&raquo;repeat&nbsp;&raquo; background_size=&nbsp;&raquo;initial&nbsp;&raquo; _builder_version=&nbsp;&raquo;3.0.96&Prime; font_icon=&nbsp;&raquo;%%114%%&nbsp;&raquo; header_font_size=&nbsp;&raquo;25&Prime; header_text_color=&nbsp;&raquo;#b30033&Prime; icon_font_size=&nbsp;&raquo;120px&nbsp;&raquo; body_font_size=&nbsp;&raquo;20&Prime; \/][\/et_pb_column][et_pb_column type=&nbsp;&raquo;1_2&Prime;][et_pb_image admin_label=&nbsp;&raquo;Bild Shop EU&nbsp;&raquo; _builder_version=&nbsp;&raquo;3.0.96&Prime; src=&nbsp;&raquo;https:\/\/quaternio.ch\/wp-content\/uploads\/2021\/01\/EU-Flagge.jpg&nbsp;&raquo; show_in_lightbox=&nbsp;&raquo;off&nbsp;&raquo; url_new_window=&nbsp;&raquo;off&nbsp;&raquo; use_overlay=&nbsp;&raquo;off&nbsp;&raquo; always_center_on_mobile=&nbsp;&raquo;on&nbsp;&raquo; force_fullwidth=&nbsp;&raquo;off&nbsp;&raquo; module_alignment=&nbsp;&raquo;center&nbsp;&raquo; show_bottom_space=&nbsp;&raquo;on&nbsp;&raquo; max_width=&nbsp;&raquo;50%&nbsp;&raquo; url=&nbsp;&raquo;https:\/\/www.shop-quaternio.de\/&nbsp;&raquo; \/][et_pb_blurb admin_label=&nbsp;&raquo;Shopbestellung EU&nbsp;&raquo; title=&nbsp;&raquo;Boutique en ligne UE&nbsp;&raquo; url=&nbsp;&raquo;https:\/\/www.shop-quaternio.de\/&nbsp;&raquo; url_new_window=&nbsp;&raquo;off&nbsp;&raquo; use_icon=&nbsp;&raquo;off&nbsp;&raquo; icon_color=&nbsp;&raquo;#9e9e9e&nbsp;&raquo; use_circle=&nbsp;&raquo;on&nbsp;&raquo; circle_color=&nbsp;&raquo;#b30033&Prime; use_circle_border=&nbsp;&raquo;off&nbsp;&raquo; circle_border_color=&nbsp;&raquo;#000000&Prime; icon_placement=&nbsp;&raquo;top&nbsp;&raquo; animation=&nbsp;&raquo;off&nbsp;&raquo; background_layout=&nbsp;&raquo;light&nbsp;&raquo; text_orientation=&nbsp;&raquo;center&nbsp;&raquo; use_icon_font_size=&nbsp;&raquo;on&nbsp;&raquo; use_border_color=&nbsp;&raquo;off&nbsp;&raquo; header_font=&nbsp;&raquo;|700|||||||&nbsp;&raquo; header_line_height=&nbsp;&raquo;3em&nbsp;&raquo; background_position=&nbsp;&raquo;top_left&nbsp;&raquo; background_repeat=&nbsp;&raquo;repeat&nbsp;&raquo; background_size=&nbsp;&raquo;initial&nbsp;&raquo; _builder_version=&nbsp;&raquo;3.0.96&Prime; font_icon=&nbsp;&raquo;%%114%%&nbsp;&raquo; header_font_size=&nbsp;&raquo;25&Prime; header_text_color=&nbsp;&raquo;#b30033&Prime; icon_font_size=&nbsp;&raquo;120px&nbsp;&raquo; body_font_size=&nbsp;&raquo;20&Prime; \/][\/et_pb_column][\/et_pb_row][et_pb_row make_fullwidth=&nbsp;&raquo;off&nbsp;&raquo; use_custom_width=&nbsp;&raquo;off&nbsp;&raquo; width_unit=&nbsp;&raquo;on&nbsp;&raquo; use_custom_gutter=&nbsp;&raquo;off&nbsp;&raquo; custom_padding=&nbsp;&raquo;||45px|&nbsp;&raquo; custom_padding_last_edited=&nbsp;&raquo;on|phone&nbsp;&raquo; disabled=&nbsp;&raquo;off&nbsp;&raquo; disabled_on=&nbsp;&raquo;on|on|&nbsp;&raquo; allow_player_pause=&nbsp;&raquo;off&nbsp;&raquo; parallax=&nbsp;&raquo;off&nbsp;&raquo; parallax_method=&nbsp;&raquo;off&nbsp;&raquo; make_equal=&nbsp;&raquo;off&nbsp;&raquo; parallax_1=&nbsp;&raquo;off&nbsp;&raquo; parallax_method_1=&nbsp;&raquo;off&nbsp;&raquo; column_padding_mobile=&nbsp;&raquo;on&nbsp;&raquo; background_position=&nbsp;&raquo;top_left&nbsp;&raquo; background_repeat=&nbsp;&raquo;repeat&nbsp;&raquo; background_size=&nbsp;&raquo;initial&nbsp;&raquo; _builder_version=&nbsp;&raquo;3.0.96&Prime;][et_pb_column type=&nbsp;&raquo;4_4&Prime;][et_pb_divider admin_label=&nbsp;&raquo;Teiler NEU&nbsp;&raquo; color=&nbsp;&raquo;#eaeaea&nbsp;&raquo; show_divider=&nbsp;&raquo;on&nbsp;&raquo; divider_style=&nbsp;&raquo;solid&nbsp;&raquo; divider_position=&nbsp;&raquo;top&nbsp;&raquo; hide_on_mobile=&nbsp;&raquo;on&nbsp;&raquo; disabled_on=&nbsp;&raquo;on|on|off&nbsp;&raquo; \/][\/et_pb_column][\/et_pb_row][et_pb_row make_fullwidth=&nbsp;&raquo;off&nbsp;&raquo; use_custom_width=&nbsp;&raquo;off&nbsp;&raquo; width_unit=&nbsp;&raquo;on&nbsp;&raquo; use_custom_gutter=&nbsp;&raquo;off&nbsp;&raquo; custom_padding=&nbsp;&raquo;|150px|35px|150px&nbsp;&raquo; allow_player_pause=&nbsp;&raquo;off&nbsp;&raquo; parallax=&nbsp;&raquo;off&nbsp;&raquo; parallax_method=&nbsp;&raquo;off&nbsp;&raquo; make_equal=&nbsp;&raquo;off&nbsp;&raquo; parallax_1=&nbsp;&raquo;off&nbsp;&raquo; parallax_method_1=&nbsp;&raquo;off&nbsp;&raquo; column_padding_mobile=&nbsp;&raquo;on&nbsp;&raquo; custom_padding_tablet=&nbsp;&raquo;|0px|35px|0px&nbsp;&raquo; custom_padding_last_edited=&nbsp;&raquo;on|desktop&nbsp;&raquo; background_position=&nbsp;&raquo;top_left&nbsp;&raquo; background_repeat=&nbsp;&raquo;repeat&nbsp;&raquo; background_size=&nbsp;&raquo;initial&nbsp;&raquo;][et_pb_column type=&nbsp;&raquo;4_4&Prime;][et_pb_text admin_label=&nbsp;&raquo;Text &#8211; Verweis auf Kontakt und Newsletter FR&nbsp;&raquo; background_layout=&nbsp;&raquo;light&nbsp;&raquo; text_orientation=&nbsp;&raquo;center&nbsp;&raquo; use_border_color=&nbsp;&raquo;off&nbsp;&raquo; text_font_size_last_edited=&nbsp;&raquo;off|desktop&nbsp;&raquo; saved_tabs=&nbsp;&raquo;all&nbsp;&raquo; background_position=&nbsp;&raquo;top_left&nbsp;&raquo; background_repeat=&nbsp;&raquo;repeat&nbsp;&raquo; background_size=&nbsp;&raquo;initial&nbsp;&raquo; _builder_version=&nbsp;&raquo;3.0.96&Prime;]<\/p>\n<p>Vous souhaitez en savoir davantage ? Vous avez un souhait, une question, une suggestion ?<br \/>\nN&rsquo;h\u00e9sitez pas \u00e0 nous \u2192&nbsp;<span style=\"color: #666666;\"><strong><a style=\"color: #666666;\" href=\"https:\/\/quaternio.ch\/kontakt\/\">contacter<\/a><\/strong><\/span>, en ligne ou par t\u00e9l\u00e9phone !<\/p>\n<p>Pour d\u00e9couvrir les derni\u00e8res nouvelles du programme et les \u00e9v\u00e9nements, inscrivez-vous \u00e0 la \u2192&nbsp;<span style=\"color: #666666;\"><strong><a style=\"color: #666666;\" href=\"https:\/\/quaternio.ch\/kontakt\/newsletter\/\">newsletter<\/a><\/strong><\/span>.<\/p>\n<p>[\/et_pb_text][\/et_pb_column][\/et_pb_row][\/et_pb_section]<\/p>\n","protected":false},"excerpt":{"rendered":"<p>[et_pb_section bb_built=&nbsp;&raquo;1&Prime; admin_label=&nbsp;&raquo;section&nbsp;&raquo; transparent_background=&nbsp;&raquo;off&nbsp;&raquo; background_color=&nbsp;&raquo;#ffffff&nbsp;&raquo; allow_player_pause=&nbsp;&raquo;off&nbsp;&raquo; inner_shadow=&nbsp;&raquo;off&nbsp;&raquo; parallax=&nbsp;&raquo;off&nbsp;&raquo; parallax_method=&nbsp;&raquo;off&nbsp;&raquo; custom_padding_last_edited=&nbsp;&raquo;off|desktop&nbsp;&raquo; padding_mobile=&nbsp;&raquo;off&nbsp;&raquo; make_fullwidth=&nbsp;&raquo;off&nbsp;&raquo; use_custom_width=&nbsp;&raquo;off&nbsp;&raquo; width_unit=&nbsp;&raquo;on&nbsp;&raquo; make_equal=&nbsp;&raquo;off&nbsp;&raquo; use_custom_gutter=&nbsp;&raquo;off&nbsp;&raquo; custom_padding_tablet=&nbsp;&raquo;50px|0|50px|0&Prime; _builder_version=&nbsp;&raquo;3.0.96&Prime;][et_pb_row make_fullwidth=&nbsp;&raquo;off&nbsp;&raquo; use_custom_width=&nbsp;&raquo;off&nbsp;&raquo; width_unit=&nbsp;&raquo;on&nbsp;&raquo; use_custom_gutter=&nbsp;&raquo;off&nbsp;&raquo; custom_padding=&nbsp;&raquo;||30px|&nbsp;&raquo; custom_padding_last_edited=&nbsp;&raquo;on|desktop&nbsp;&raquo; padding_mobile=&nbsp;&raquo;off&nbsp;&raquo; allow_player_pause=&nbsp;&raquo;off&nbsp;&raquo; parallax=&nbsp;&raquo;off&nbsp;&raquo; parallax_method=&nbsp;&raquo;off&nbsp;&raquo; make_equal=&nbsp;&raquo;off&nbsp;&raquo; parallax_1=&nbsp;&raquo;off&nbsp;&raquo; parallax_method_1=&nbsp;&raquo;off&nbsp;&raquo; column_padding_mobile=&nbsp;&raquo;on&nbsp;&raquo; background_position=&nbsp;&raquo;top_left&nbsp;&raquo; background_repeat=&nbsp;&raquo;repeat&nbsp;&raquo; background_size=&nbsp;&raquo;initial&nbsp;&raquo;][et_pb_column type=&nbsp;&raquo;4_4&Prime;][et_pb_text admin_label=&nbsp;&raquo;Text &#8211; \u00dcberschriften Shop FR&nbsp;&raquo; background_layout=&nbsp;&raquo;light&nbsp;&raquo; text_orientation=&nbsp;&raquo;center&nbsp;&raquo; use_border_color=&nbsp;&raquo;off&nbsp;&raquo; background_position=&nbsp;&raquo;top_left&nbsp;&raquo; background_repeat=&nbsp;&raquo;repeat&nbsp;&raquo; background_size=&nbsp;&raquo;initial&nbsp;&raquo; module_alignment=&nbsp;&raquo;center&nbsp;&raquo; _builder_version=&nbsp;&raquo;3.0.96&Prime;] Boutique en ligne \u00c9ditions Quaternio Lucerne [&hellip;]<\/p>\n","protected":false},"author":3,"featured_media":0,"parent":0,"menu_order":350,"comment_status":"closed","ping_status":"closed","template":"","meta":[],"_links":{"self":[{"href":"https:\/\/quaternio.ch\/fr\/wp-json\/wp\/v2\/pages\/14850"}],"collection":[{"href":"https:\/\/quaternio.ch\/fr\/wp-json\/wp\/v2\/pages"}],"about":[{"href":"https:\/\/quaternio.ch\/fr\/wp-json\/wp\/v2\/types\/page"}],"author":[{"embeddable":true,"href":"https:\/\/quaternio.ch\/fr\/wp-json\/wp\/v2\/users\/3"}],"replies":[{"embeddable":true,"href":"https:\/\/quaternio.ch\/fr\/wp-json\/wp\/v2\/comments?post=14850"}],"version-history":[{"count":5,"href":"https:\/\/quaternio.ch\/fr\/wp-json\/wp\/v2\/pages\/14850\/revisions"}],"predecessor-version":[{"id":14866,"href":"https:\/\/quaternio.ch\/fr\/wp-json\/wp\/v2\/pages\/14850\/revisions\/14866"}],"wp:attachment":[{"href":"https:\/\/quaternio.ch\/fr\/wp-json\/wp\/v2\/media?parent=14850"}],"curies":[{"name":"wp","href":"https:\/\/api.w.org\/{rel}","templated":true}]}}