{"id":18024,"date":"2024-08-19T12:51:26","date_gmt":"2024-08-19T12:51:26","guid":{"rendered":"https:\/\/quaternio.ch\/?page_id=18024\/"},"modified":"2024-08-20T11:14:06","modified_gmt":"2024-08-20T11:14:06","slug":"editions-en-fac-simile-sujet","status":"publish","type":"page","link":"https:\/\/quaternio.ch\/fr\/editions-en-fac-simile\/editions-en-fac-simile-sujet\/","title":{"rendered":"\u00c9ditions en fac-simil\u00e9 class\u00e9es en fonction du sujet"},"content":{"rendered":"<p>[et_pb_section fb_built=&nbsp;&raquo;1&Prime; background_color=&nbsp;&raquo;#ffffff&nbsp;&raquo; make_equal=&nbsp;&raquo;on&nbsp;&raquo; specialty=&nbsp;&raquo;on&nbsp;&raquo; parallax_method_1=&nbsp;&raquo;off&nbsp;&raquo; parallax_method_2=&nbsp;&raquo;off&nbsp;&raquo; parallax_method_3=&nbsp;&raquo;off&nbsp;&raquo; background_color_1=&nbsp;&raquo;#f5f5f5&Prime; bg_img_3=&nbsp;&raquo;https:\/\/quaternio.ch\/wp-content\/uploads\/2016\/02\/Seitenleiste_Inhalt.jpg&nbsp;&raquo; padding_top_1=&nbsp;&raquo;35px&nbsp;&raquo; padding_right_1=&nbsp;&raquo;10px&nbsp;&raquo; padding_left_1=&nbsp;&raquo;30px&nbsp;&raquo; padding_right_3=&nbsp;&raquo;10px&nbsp;&raquo; padding_left_3=&nbsp;&raquo;30px&nbsp;&raquo; padding_1_tablet=&nbsp;&raquo;|10px||30px&nbsp;&raquo; padding_1_last_edited=&nbsp;&raquo;on|desktop&nbsp;&raquo; padding_2_last_edited=&nbsp;&raquo;off|phone&nbsp;&raquo; padding_3_last_edited=&nbsp;&raquo;on|phone&nbsp;&raquo; custom_padding_last_edited=&nbsp;&raquo;on|desktop&nbsp;&raquo; _builder_version=&nbsp;&raquo;3.0.96&Prime; custom_padding_tablet=&nbsp;&raquo;50px|0|50px|0&Prime;][et_pb_column type=&nbsp;&raquo;1_4&Prime; _builder_version=&nbsp;&raquo;3.0.47&Prime; padding_tablet=&nbsp;&raquo;|10px||30px&nbsp;&raquo; padding_last_edited=&nbsp;&raquo;on|desktop&nbsp;&raquo; padding_left=&nbsp;&raquo;30px&nbsp;&raquo; padding_right=&nbsp;&raquo;10px&nbsp;&raquo; padding_top=&nbsp;&raquo;35px&nbsp;&raquo; background_color=&nbsp;&raquo;#f5f5f5&Prime; parallax=&nbsp;&raquo;off&nbsp;&raquo; parallax_method=&nbsp;&raquo;off&nbsp;&raquo;][et_pb_text admin_label=&nbsp;&raquo;Text &#8211; simuliertes Men\u00fc &#8211; Links Sortierungen&nbsp;&raquo; _builder_version=&nbsp;&raquo;3.0.96&Prime; text_font=&nbsp;&raquo;|on|||&nbsp;&raquo; text_font_size_last_edited=&nbsp;&raquo;on|desktop&nbsp;&raquo; text_line_height_last_edited=&nbsp;&raquo;on|desktop&nbsp;&raquo; background_size=&nbsp;&raquo;initial&nbsp;&raquo; background_position=&nbsp;&raquo;top_left&nbsp;&raquo; background_repeat=&nbsp;&raquo;repeat&nbsp;&raquo; custom_padding=&nbsp;&raquo;0px|||&nbsp;&raquo; custom_padding_last_edited=&nbsp;&raquo;on|phone&nbsp;&raquo; use_border_color=&nbsp;&raquo;off&nbsp;&raquo; saved_tabs=&nbsp;&raquo;all&nbsp;&raquo;]<span style=\"font-size: 12pt; color: #b30033;\"><strong>\u00c9ditions class\u00e9es par<\/strong><\/span><\/p>\n<p><\/p>\n<p><span style=\"color: #333333;\"><a style=\"color: #b30033;\" href=\"https:\/\/quaternio.ch\/fr\/editions-en-fac-simile\/editions-en-fac-simile-titre\/\">Titre<\/a><\/span><br \/>\n<br \/>\n<span style=\"color: #333333;\"><a style=\"color: #b30033;\" href=\"https:\/\/quaternio.ch\/fr\/editions-en-fac-simile\/editions-en-fac-simile-sujet\/\">Sujet<\/a><\/span><br \/>\n<P><\/p>\n<p><span style=\"color: #333333;\">&#8211; <a style=\"font-size: 10pt; color: #333333;\" href=\"https:\/\/quaternio.ch\/fr\/editions-en-fac-simile\/livres-heures-et-de-prieres\/\">Livres d\u2019heures<br \/>\u00a0\u00a0 et de pri\u00e8res<\/a><\/span><\/p>\n<p><span style=\"color: #333333;\">&#8211; <a style=\"font-size: 10pt; color: #333333;\" href=\"https:\/\/quaternio.ch\/fr\/editions-en-fac-simile\/psautiers\/\">Psautiers<\/a><\/span><\/p>\n<p><span style=\"color: #333333;\">&#8211; <a style=\"font-size: 10pt; color: #333333;\" href=\"https:\/\/quaternio.ch\/fr\/editions-en-fac-simile\/manuscrits-liturgiques-et-bibliques\/\">Manuscrits liturgiques<br \/>\u00a0\u00a0 et bibliques<\/a><\/span><\/p>\n<p><span style=\"color: #333333;\">&#8211; <a style=\"font-size: 10pt; color: #333333;\" href=\"https:\/\/quaternio.ch\/fr\/editions-en-fac-simile\/apocalypses-et-manuscrits-astrologiques-astronomiques\/\">Apocalypses<\/a><\/span><\/p>\n<p><a style=\"font-size: 10pt; color: #333333;\" href=\"https:\/\/quaternio.ch\/fr\/editions-en-fac-simile\/apocalypses-et-manuscrits-astrologiques-astronomiques\/\">&#8211; Manuscrits<br \/>\u00a0\u00a0 astrologiques-<br \/>\u00a0\u00a0 astronomiques<\/a><\/p>\n<p><span style=\"color: #333333;\">&#8211; <a style=\"font-size: 10pt; color: #333333;\" href=\"https:\/\/quaternio.ch\/fr\/editions-en-fac-simile\/litterature-edifiante-et-le-divertissement-manuels-pour-enfants\/\">Litt\u00e9rature \u00e9difiante et<br \/>\u00a0\u00a0 le divertissement<\/a><\/span><\/p>\n<p><a style=\"font-size: 10pt; color: #333333;\" href=\"https:\/\/quaternio.ch\/fr\/editions-en-fac-simile\/litterature-edifiante-et-le-divertissement-manuels-pour-enfants\/\">&#8211; Manuels pour enfants<\/a><\/p>\n<\/p>\n<p><span style=\"color: #333333;\"><a style=\"color: #b30033;\" href=\"https:\/\/quaternio.ch\/faksimile-editionen\/faksimiles-geographisch\/\">Lieu de production<\/a><\/span>[\/et_pb_text][\/et_pb_column][et_pb_column type=&nbsp;&raquo;1_2&Prime; specialty_columns=&nbsp;&raquo;2&Prime; _builder_version=&nbsp;&raquo;3.0.47&Prime; padding_last_edited=&nbsp;&raquo;off|phone&nbsp;&raquo; parallax=&nbsp;&raquo;off&nbsp;&raquo; parallax_method=&nbsp;&raquo;off&nbsp;&raquo;][et_pb_row_inner admin_label=&nbsp;&raquo;Zeile&nbsp;&raquo; _builder_version=&nbsp;&raquo;3.0.47&Prime;][et_pb_column_inner type=&nbsp;&raquo;4_4&Prime; saved_specialty_column_type=&nbsp;&raquo;1_2&Prime; _builder_version=&nbsp;&raquo;3.0.47&Prime; box_shadow_position=&nbsp;&raquo;outer&nbsp;&raquo; parallax=&nbsp;&raquo;off&nbsp;&raquo; parallax_method=&nbsp;&raquo;on&nbsp;&raquo;][et_pb_text admin_label=&nbsp;&raquo;Text &#8211; \u00dcberschrift EN&nbsp;&raquo; _builder_version=&nbsp;&raquo;3.0.96&Prime; custom_padding=&nbsp;&raquo;||30px|&nbsp;&raquo; custom_padding_last_edited=&nbsp;&raquo;on|desktop&nbsp;&raquo; use_border_color=&nbsp;&raquo;off&nbsp;&raquo;]<\/p>\n<h1 style=\"text-align: center;\"><strong><span style=\"font-size: 18pt;\">\u00c9ditions en fac-simil\u00e9<\/span><\/strong><\/h1>\n<h2 style=\"text-align: center;\"><em><span style=\"font-size: 14pt;\">tri\u00e9s en fonction du contenu et du type de manuscrit<\/span><\/em><\/h2>\n<p>[\/et_pb_text][et_pb_text admin_label=&nbsp;&raquo;Text &#8211; Auflistung Faksimiles EN&nbsp;&raquo; _builder_version=&nbsp;&raquo;3.0.96&Prime; text_font=&nbsp;&raquo;|on|||&nbsp;&raquo; text_font_size_tablet=&nbsp;&raquo;13&Prime; text_font_size_last_edited=&nbsp;&raquo;on|desktop&nbsp;&raquo; text_line_height=&nbsp;&raquo;2em&nbsp;&raquo; text_line_height_last_edited=&nbsp;&raquo;on|phone&nbsp;&raquo; use_border_color=&nbsp;&raquo;off&nbsp;&raquo;]<\/p>\n<h3 style=\"padding-left: 30px;\"><span style=\"font-size: 12pt; color: #333333;\"><strong>Apocalypses<\/strong><\/span><\/h3>\n<hr \/>\n<p style=\"padding-left: 60px;\"><span style=\"color: #666666;\"><em><a style=\"color: #666666;\" href=\"editions-en-fac-simile\/apocalypse-de-cambrai\/\">L&rsquo;Apocalypse de Cambrai<\/a><\/em><\/span><br \/>\n<span style=\"color: #666666;\"><em><a style=\"color: #666666;\" href=\"editions-en-fac-simile\/apocalypse-corpus-christi-college\/\">L\u2019Apocalypse de Corpus Christi College<\/a><\/em><\/span><\/p>\n<h3 style=\"padding-left: 30px;\"><span style=\"font-size: 12pt; color: #333333;\"><strong>Manuscrits astronomiques<br \/>\n<\/strong><\/span><\/h3>\n<hr \/>\n<p style=\"padding-left: 60px;\">\n<span style=\"color: #666666;\"><a style=\"color: #666666;\" href=\"editions-en-fac-simile\/un-calendrier-astrologique-et-medical\/\"><em>Un calendrier astrologique et m\u00e9dical<\/em><\/a><\/span><br \/>\n<span style=\"color: #666666;\"><em><a style=\"color: #666666;\" href=\"editions-en-fac-simile\/constellations\/\">Constellations de l\u2019Antiquit\u00e9<\/a><\/em><\/span><\/p>\n<h3 style=\"padding-left: 30px;\"><span style=\"font-size: 12pt; color: #333333;\"><strong>Manuscripts liturgiques et bibliques, psautiers<br \/>\n<\/strong><\/span><\/h3>\n<hr \/>\n<p style=\"padding-left: 60px;\"><span style=\"color: #666666;\"><em><a style=\"color: #666666;\" href=\"editions-en-fac-simile\/la-bible-historiee-de-padoue\/\">La Bible histori\u00e9e de Padoue<\/a><\/em><\/span><br \/>\n<span style=\"color: #666666;\"><em><a style=\"color: #666666;\" href=\"editions-en-fac-simile\/codex-gisle\/\">Le Codex Gisle<\/a><\/em><\/span><br \/>\n<span style=\"color: #666666;\"><em><a style=\"color: #666666;\" href=\"editions-en-fac-simile\/evangeliaire-de-brandebourg\/\">L\u2019\u00c9vang\u00e9liaire de Brandebourg<\/a><\/em><\/span><br \/>\n<span style=\"color: #666666;\"><em><a style=\"color: #666666;\" href=\"editions-en-fac-simile\/evangeliaire-de-passau\/\">L\u2019\u00c9vang\u00e9liaire de Passau<\/a><\/em><\/span><br \/>\n<span style=\"color: #666666;\"><em><a style=\"color: #666666;\" href=\"editions-en-fac-simile\/evangeliaire-de-spire\/\">L\u2019\u00c9vang\u00e9liaire de Spire<\/a><\/em><\/span><br \/>\n<span style=\"color: #666666;\"><em><a style=\"color: #666666;\" href=\"editions-en-fac-simile\/la-genese-de-vienne\/\">La Gen\u00e8se de Vienne<\/a><\/em><\/span><br \/>\n<span style=\"color: #666666;\"><em><a style=\"color: #666666;\" href=\"editions-en-fac-simile\/le-missel-de-stammheim\/\">Le Missel de Stammheim<\/a><\/em><\/span><br \/>\n<span style=\"color: #666666;\"><em><a style=\"color: #666666;\" href=\"editions-en-fac-simile\/le-psautier-de-bamberg\/\">Le Psautier de Bamberg<\/a><\/em><\/span><br \/>\n<span style=\"color: #666666;\"><em><a style=\"color: #666666;\" href=\"editions-en-fac-simile\/psautier-de-breslau\/\">Le Psautier de Breslau<\/a><\/em><\/span><br \/>\n<span style=\"color: #666666;\"><em><a style=\"color: #666666;\" href=\"editions-en-fac-simile\/le-psautier-de-marie-tudor\/\">Le Psautier de Marie Tudor<\/a><\/em><\/span><br \/>\n<span style=\"color: #666666;\"><em><a style=\"color: #666666;\" href=\"editions-en-fac-simile\/psautier-de-peterborough\/\">Le Psautier de Peterborough<\/a><\/em><\/span><br \/>\n<span style=\"color: #666666;\"><em><a style=\"color: #666666;\" href=\"editions-en-fac-simile\/psautier-dore-de-munich\/\">Le Psautier dor\u00e9 de Munich<\/a><\/em><\/span><\/p>\n<h3 style=\"padding-left: 30px;\"><span style=\"font-size: 12pt; color: #333333;\"><strong>Livres d\u2019heures et de pri\u00e8res<\/strong><\/span><\/h3>\n<hr \/>\n<p style=\"padding-left: 60px;\">\n<span style=\"color: #666666;\"><em><a style=\"color: #666666;\" href=\"editions-en-fac-simile\/heures-marguerite-orleans\/\">Les Heures de Marguerite d\u2019Orl\u00e9ans<\/a><\/em><\/span><br \/>\n<span style=\"color: #666666;\"><em><a style=\"color: #666666;\" href=\"editions-en-fac-simile\/les-heures-de-savoie\/\">Les Heures de Savoie<\/a><\/em><\/span><br \/>\n<span style=\"color: #666666;\"><em><a style=\"color: #666666;\" href=\".editions-en-fac-simile\/heures-sobieski\/\">Les Heures Sobieski<\/a><\/em><\/span><br \/>\n<span style=\"color: #666666;\"><em><a style=\"color: #666666;\" href=\"editions-en-fac-simile\/livre-de-prieres-de-claude-de-france\/\">Le Livre de pri\u00e8res de Claude de France<\/a><\/em><\/span><br \/>\n<span style=\"color: #666666;\"><em><a style=\"color: #666666;\" href=\"editions-en-fac-simile\/livre-heures-flamand-marie-de-medicis\/\">Le Livre d\u2019heures flamand de Marie de M\u00e9dicis<\/a><\/em><\/span><\/p>\n<h3 style=\"padding-left: 30px;\"><span style=\"font-size: 12pt; color: #333333;\"><strong>Litt\u00e9rature d\u00e9votionnelle chr\u00e9tienne<\/strong><\/span><\/h3>\n<hr \/>\n<p style=\"padding-left: 60px;\">\n<span style=\"color: #666666;\"><em><a style=\"color: #666666;\" href=\"editions-en-fac-simile\/legendier-des-sforza\/\">Le L\u00e9gendier des Sforza<\/a><\/em><\/span><br \/>\n<span style=\"color: #666666;\"><em><a style=\"color: #666666;\" href=\"editions-en-fac-simile\/miroir-humaine-salvation-einsiedeln\/\">Le Miroir de l\u2019humaine salvation de l\u2019abbaye d\u2019Einsiedeln<\/a><\/em><\/span>\n<\/p>\n<h3 style=\"padding-left: 30px;\"><span style=\"font-size: 12pt; color: #333333;\"><strong>Po\u00e8me didactique<\/strong><\/span><\/h3>\n<hr \/>\n<p style=\"padding-left: 60px;\"><span style=\"color: #666666;\"><em><a style=\"color: #666666;\" href=\"editions-en-fac-simile\/der-welsche-gast\/\">Der Welsche Gast<\/a><\/em><\/span><\/p>\n<h3 style=\"padding-left: 30px;\"><span style=\"font-size: 12pt; color: #333333;\"><strong>Manuels pour enfants<\/strong><\/span><\/h3>\n<hr \/>\n<p style=\"padding-left: 60px;\">\n<span style=\"color: #666666;\"><em><a style=\"color: #666666;\" href=\"editions-en-fac-simile\/abecedaire-claude-de-france\/\">L\u2019Ab\u00e9c\u00e9daire de Claude de France<\/a><\/em><\/span><br \/>\n<span style=\"color: #666666;\"><em><a style=\"color: #666666;\" href=\"editions-en-fac-simile\/chronique-flamande-philippe-le-beau\/\">Le Chronique flamande de Philippe le Beau<\/a><\/em><\/span><\/p>\n<h3 style=\"padding-left: 30px;\"><span style=\"font-size: 12pt; color: #333333;\"><strong>Litt\u00e9rature en prose m\u00e9di\u00e9vale<\/strong><\/span><\/h3>\n<hr \/>\n<p style=\"padding-left: 60px;\"><span style=\"color: #666666;\"><em><a style=\"color: #666666;\" href=\"editions-en-fac-simile\/roman-alexandre-de-paris\/\">Le Roman d\u2019Alexandre<\/a><\/em><\/span><\/p>\n<p>[\/et_pb_text][\/et_pb_column_inner][\/et_pb_row_inner][\/et_pb_column][et_pb_column type=&nbsp;&raquo;1_4&Prime; _builder_version=&nbsp;&raquo;3.0.47&Prime; padding_last_edited=&nbsp;&raquo;on|phone&nbsp;&raquo; padding_left=&nbsp;&raquo;30px&nbsp;&raquo; padding_right=&nbsp;&raquo;10px&nbsp;&raquo; bg_img=&nbsp;&raquo;https:\/\/quaternio.ch\/wp-content\/uploads\/2016\/02\/Seitenleiste_Inhalt.jpg&nbsp;&raquo; parallax=&nbsp;&raquo;off&nbsp;&raquo; parallax_method=&nbsp;&raquo;off&nbsp;&raquo;][\/et_pb_column][\/et_pb_section]<\/p>\n","protected":false},"excerpt":{"rendered":"<p>[et_pb_section fb_built=&nbsp;&raquo;1&Prime; background_color=&nbsp;&raquo;#ffffff&nbsp;&raquo; make_equal=&nbsp;&raquo;on&nbsp;&raquo; specialty=&nbsp;&raquo;on&nbsp;&raquo; parallax_method_1=&nbsp;&raquo;off&nbsp;&raquo; parallax_method_2=&nbsp;&raquo;off&nbsp;&raquo; parallax_method_3=&nbsp;&raquo;off&nbsp;&raquo; background_color_1=&nbsp;&raquo;#f5f5f5&Prime; bg_img_3=&nbsp;&raquo;https:\/\/quaternio.ch\/wp-content\/uploads\/2016\/02\/Seitenleiste_Inhalt.jpg&nbsp;&raquo; padding_top_1=&nbsp;&raquo;35px&nbsp;&raquo; padding_right_1=&nbsp;&raquo;10px&nbsp;&raquo; padding_left_1=&nbsp;&raquo;30px&nbsp;&raquo; padding_right_3=&nbsp;&raquo;10px&nbsp;&raquo; padding_left_3=&nbsp;&raquo;30px&nbsp;&raquo; padding_1_tablet=&nbsp;&raquo;|10px||30px&nbsp;&raquo; padding_1_last_edited=&nbsp;&raquo;on|desktop&nbsp;&raquo; padding_2_last_edited=&nbsp;&raquo;off|phone&nbsp;&raquo; padding_3_last_edited=&nbsp;&raquo;on|phone&nbsp;&raquo; custom_padding_last_edited=&nbsp;&raquo;on|desktop&nbsp;&raquo; _builder_version=&nbsp;&raquo;3.0.96&Prime; custom_padding_tablet=&nbsp;&raquo;50px|0|50px|0&Prime;][et_pb_column type=&nbsp;&raquo;1_4&Prime; _builder_version=&nbsp;&raquo;3.0.47&Prime; padding_tablet=&nbsp;&raquo;|10px||30px&nbsp;&raquo; padding_last_edited=&nbsp;&raquo;on|desktop&nbsp;&raquo; padding_left=&nbsp;&raquo;30px&nbsp;&raquo; padding_right=&nbsp;&raquo;10px&nbsp;&raquo; padding_top=&nbsp;&raquo;35px&nbsp;&raquo; background_color=&nbsp;&raquo;#f5f5f5&Prime; parallax=&nbsp;&raquo;off&nbsp;&raquo; parallax_method=&nbsp;&raquo;off&nbsp;&raquo;][et_pb_text admin_label=&nbsp;&raquo;Text &#8211; simuliertes Men\u00fc &#8211; Links Sortierungen&nbsp;&raquo; _builder_version=&nbsp;&raquo;3.0.96&Prime; text_font=&nbsp;&raquo;|on|||&nbsp;&raquo; text_font_size_last_edited=&nbsp;&raquo;on|desktop&nbsp;&raquo; text_line_height_last_edited=&nbsp;&raquo;on|desktop&nbsp;&raquo; background_size=&nbsp;&raquo;initial&nbsp;&raquo; background_position=&nbsp;&raquo;top_left&nbsp;&raquo; background_repeat=&nbsp;&raquo;repeat&nbsp;&raquo; custom_padding=&nbsp;&raquo;0px|||&nbsp;&raquo; custom_padding_last_edited=&nbsp;&raquo;on|phone&nbsp;&raquo; use_border_color=&nbsp;&raquo;off&nbsp;&raquo; saved_tabs=&nbsp;&raquo;all&nbsp;&raquo;]\u00c9ditions class\u00e9es par Titre Sujet &#8211; [&hellip;]<\/p>\n","protected":false},"author":1,"featured_media":0,"parent":11112,"menu_order":30,"comment_status":"closed","ping_status":"closed","template":"","meta":[],"_links":{"self":[{"href":"https:\/\/quaternio.ch\/fr\/wp-json\/wp\/v2\/pages\/18024"}],"collection":[{"href":"https:\/\/quaternio.ch\/fr\/wp-json\/wp\/v2\/pages"}],"about":[{"href":"https:\/\/quaternio.ch\/fr\/wp-json\/wp\/v2\/types\/page"}],"author":[{"embeddable":true,"href":"https:\/\/quaternio.ch\/fr\/wp-json\/wp\/v2\/users\/1"}],"replies":[{"embeddable":true,"href":"https:\/\/quaternio.ch\/fr\/wp-json\/wp\/v2\/comments?post=18024"}],"version-history":[{"count":12,"href":"https:\/\/quaternio.ch\/fr\/wp-json\/wp\/v2\/pages\/18024\/revisions"}],"predecessor-version":[{"id":18140,"href":"https:\/\/quaternio.ch\/fr\/wp-json\/wp\/v2\/pages\/18024\/revisions\/18140"}],"up":[{"embeddable":true,"href":"https:\/\/quaternio.ch\/fr\/wp-json\/wp\/v2\/pages\/11112"}],"wp:attachment":[{"href":"https:\/\/quaternio.ch\/fr\/wp-json\/wp\/v2\/media?parent=18024"}],"curies":[{"name":"wp","href":"https:\/\/api.w.org\/{rel}","templated":true}]}}