{"id":18057,"date":"2024-08-19T17:06:28","date_gmt":"2024-08-19T17:06:28","guid":{"rendered":"https:\/\/quaternio.ch\/?page_id=18057\/"},"modified":"2025-07-24T10:29:00","modified_gmt":"2025-07-24T10:29:00","slug":"editions-en-fac-simile-titre","status":"publish","type":"page","link":"https:\/\/quaternio.ch\/fr\/editions-en-fac-simile-titre\/","title":{"rendered":"\u00c9ditions en fac-simil\u00e9 class\u00e9es par titre"},"content":{"rendered":"<p>[et_pb_section fb_built=&nbsp;&raquo;1&Prime; make_equal=&nbsp;&raquo;on&nbsp;&raquo; specialty=&nbsp;&raquo;on&nbsp;&raquo; parallax_method_1=&nbsp;&raquo;off&nbsp;&raquo; parallax_method_2=&nbsp;&raquo;off&nbsp;&raquo; parallax_method_3=&nbsp;&raquo;off&nbsp;&raquo; background_color_1=&nbsp;&raquo;#f5f5f5&Prime; bg_img_3=&nbsp;&raquo;https:\/\/quaternio.ch\/wp-content\/uploads\/2017\/03\/Randleiste_HMO_135r.jpg&nbsp;&raquo; padding_top_1=&nbsp;&raquo;40px&nbsp;&raquo; padding_right_1=&nbsp;&raquo;10px&nbsp;&raquo; padding_left_1=&nbsp;&raquo;30px&nbsp;&raquo; padding_right_3=&nbsp;&raquo;10px&nbsp;&raquo; padding_left_3=&nbsp;&raquo;30px&nbsp;&raquo; padding_1_tablet=&nbsp;&raquo;|10px||30px&nbsp;&raquo; padding_1_last_edited=&nbsp;&raquo;on|tablet&nbsp;&raquo; padding_3_last_edited=&nbsp;&raquo;on|desktop&nbsp;&raquo; _builder_version=&nbsp;&raquo;3.0.47&Prime; transparent_background=&nbsp;&raquo;off&nbsp;&raquo;][et_pb_column type=&nbsp;&raquo;1_4&Prime; _builder_version=&nbsp;&raquo;3.0.47&Prime; padding_tablet=&nbsp;&raquo;|10px||30px&nbsp;&raquo; padding_last_edited=&nbsp;&raquo;on|tablet&nbsp;&raquo; padding_left=&nbsp;&raquo;30px&nbsp;&raquo; padding_right=&nbsp;&raquo;10px&nbsp;&raquo; padding_top=&nbsp;&raquo;40px&nbsp;&raquo; background_color=&nbsp;&raquo;#f5f5f5&Prime; parallax=&nbsp;&raquo;off&nbsp;&raquo; parallax_method=&nbsp;&raquo;off&nbsp;&raquo;][et_pb_text admin_label=&nbsp;&raquo;Text &#8211; simuliertes Men\u00fc &#8211; Links Sortierungen EN&nbsp;&raquo; _builder_version=&nbsp;&raquo;3.0.96&Prime; text_font=&nbsp;&raquo;|on|||&nbsp;&raquo; text_font_size_last_edited=&nbsp;&raquo;on|desktop&nbsp;&raquo; text_line_height_last_edited=&nbsp;&raquo;on|tablet&nbsp;&raquo; background_size=&nbsp;&raquo;initial&nbsp;&raquo; background_position=&nbsp;&raquo;top_left&nbsp;&raquo; background_repeat=&nbsp;&raquo;repeat&nbsp;&raquo; custom_padding=&nbsp;&raquo;0px|||&nbsp;&raquo; custom_padding_last_edited=&nbsp;&raquo;on|phone&nbsp;&raquo; use_border_color=&nbsp;&raquo;off&nbsp;&raquo; saved_tabs=&nbsp;&raquo;all&nbsp;&raquo;]<\/p>\n<p><span style=\"font-size: 12pt; color: #b30033;\"><strong>\u00c9ditions class\u00e9es par<\/strong><\/span><\/p>\n<p>\u00a0<\/p>\n<p><span style=\"color: #333333;\"><a style=\"color: #b30033;\" href=\"..\/editions-en-fac-simile\/editions-en-fac-simile-titre\/\">Titre<\/a><\/span><\/p>\n<p><span style=\"color: #333333;\"><a style=\"color: #b30033;\" href=\"..\/editions-en-fac-simile\/editions-en-fac-simile-sujet\/\">Sujet<\/a><\/span><\/p>\n<p><span style=\"color: #333333;\">&#8211; <a style=\"font-size: 10pt; color: #333333;\" href=\"..\/editions-en-fac-simile\/livres-heures-et-de-prieres\/\">Livres d\u2019heures<br \/>\u00a0\u00a0 et de pri\u00e8res<\/a><\/span><\/p>\n<p><span style=\"color: #333333;\">&#8211; <a style=\"font-size: 10pt; color: #333333;\" href=\"..\/editions-en-fac-simile\/psautiers\/\">Psautiers<\/a><\/span><\/p>\n<p><span style=\"color: #333333;\">&#8211; <a style=\"font-size: 10pt; color: #333333;\" href=\"..\/editions-en-fac-simile\/manuscrits-liturgiques-et-bibliques\/\">Manuscrits liturgiques<br \/>\u00a0\u00a0 et bibliques<\/a><\/span><\/p>\n<p><span style=\"color: #333333;\">&#8211; <a style=\"font-size: 10pt; color: #333333;\" href=\"..\/editions-en-fac-simile\/apocalypses-et-manuscrits-astrologiques-astronomiques\/\">Apocalypses<\/a><\/span><\/p>\n<p><a style=\"font-size: 10pt; color: #333333;\" href=\"..\/editions-en-fac-simile\/apocalypses-et-manuscrits-astrologiques-astronomiques\/\">&#8211; Manuscrits<br \/>\u00a0\u00a0 astrologiques-<br \/>\u00a0\u00a0 astronomiques<\/a><\/p>\n<p><span style=\"color: #333333;\">&#8211; <a style=\"font-size: 10pt; color: #333333;\" href=\"..\/editions-en-fac-simile\/litterature-edifiante-et-le-divertissement-manuels-pour-enfants\/\">Litt\u00e9rature \u00e9difiante et<br \/>\u00a0\u00a0 le divertissement<\/a><\/span><\/p>\n<p><a style=\"font-size: 10pt; color: #333333;\" href=\"..\/editions-en-fac-simile\/litterature-edifiante-et-le-divertissement-manuels-pour-enfants\/\">&#8211; Manuels pour enfants<\/a><\/p>\n<p><span style=\"color: #333333;\"><a style=\"color: #b30033;\" href=\"..\/..\/faksimile-editionen\/faksimiles-geographisch\/\">Lieu de production<\/a><\/span><\/p>\n<p>[\/et_pb_text][\/et_pb_column][et_pb_column type=&nbsp;&raquo;1_2&Prime; specialty_columns=&nbsp;&raquo;2&Prime; _builder_version=&nbsp;&raquo;3.0.47&Prime; parallax=&nbsp;&raquo;off&nbsp;&raquo; parallax_method=&nbsp;&raquo;off&nbsp;&raquo;][et_pb_row_inner admin_label=&nbsp;&raquo;Zeile&nbsp;&raquo; _builder_version=&nbsp;&raquo;3.0.47&Prime;][et_pb_column_inner type=&nbsp;&raquo;4_4&Prime; saved_specialty_column_type=&nbsp;&raquo;1_2&Prime; _builder_version=&nbsp;&raquo;3.0.47&Prime; box_shadow_position=&nbsp;&raquo;outer&nbsp;&raquo; parallax=&nbsp;&raquo;off&nbsp;&raquo; parallax_method=&nbsp;&raquo;on&nbsp;&raquo;][et_pb_text admin_label=&nbsp;&raquo;Text &#8211; \u00dcberschrift EN&nbsp;&raquo; _builder_version=&nbsp;&raquo;3.0.96&Prime; text_line_height=&nbsp;&raquo;2em&nbsp;&raquo; text_line_height_tablet=&nbsp;&raquo;1.7em&nbsp;&raquo; text_line_height_last_edited=&nbsp;&raquo;on|tablet&nbsp;&raquo; custom_padding_last_edited=&nbsp;&raquo;on|phone&nbsp;&raquo; use_border_color=&nbsp;&raquo;off&nbsp;&raquo; saved_tabs=&nbsp;&raquo;all&nbsp;&raquo;]<\/p>\n<h1 style=\"text-align: center;\"><strong><span style=\"font-size: 18pt;\">\u00c9ditions en fac-simil\u00e9<\/span><\/strong><\/h1>\n<h2 style=\"text-align: center;\"><em><span style=\"font-size: 14pt;\">class\u00e9es selon les titres des manuscrits<\/span><\/em><\/h2>\n<p>[\/et_pb_text][et_pb_text admin_label=&nbsp;&raquo;Text &#8211; Alphabetleiste EN&nbsp;&raquo; _builder_version=&nbsp;&raquo;3.0.96&Prime; text_font=&nbsp;&raquo;|on|||&nbsp;&raquo; text_line_height_last_edited=&nbsp;&raquo;on|desktop&nbsp;&raquo; custom_padding=&nbsp;&raquo;||35px|&nbsp;&raquo; custom_padding_last_edited=&nbsp;&raquo;on|phone&nbsp;&raquo; use_border_color=&nbsp;&raquo;off&nbsp;&raquo; saved_tabs=&nbsp;&raquo;all&nbsp;&raquo;]<\/p>\n<p style=\"text-align: center;\"><span style=\"font-size: 10pt;\"><span style=\"color: #b30033;\"><strong> <a style=\"color: #b30033;\" href=\"#letter-a\">A<\/a> <span style=\"color: #b30033;\"> <a style=\"color: #b30033;\" href=\"#letter-b\">B<\/a> <span style=\"color: #b30033;\"> <a style=\"color: #b30033;\" href=\"#letter-c\">C<\/a> <\/span><\/span><\/strong><\/span><span style=\"color: #666666;\">D <a style=\"color: #b30033;\" href=\"#letter-e\">E<\/a><\/span><span style=\"color: #666666;\"> F <a style=\"color: #b30033;\" href=\"#letter-g\">G<\/a> <a style=\"color: #b30033;\" href=\"#letter-h\">H<\/a> <\/span><span style=\"color: #666666;\">I J K <a style=\"color: #b30033;\" href=\"#letter-l\">L<\/a><\/span><strong> <a style=\"color: #b30033;\" href=\"#letter-m\">M<\/a><\/strong><\/span><strong><span style=\"color: #666666;\"> N\u00a0<\/span><span style=\"color: #666666;\">O<\/span><span style=\"color: #b30033;\"><strong> <a style=\"color: #b30033;\" href=\"#letter-p\">P<\/a> <\/strong><\/span><strong> <span style=\"color: #666666;\">Q<\/span><strong> <a style=\"color: #b30033;\" href=\"#letter-r\">R<\/a> <span style=\"color: #666666;\">S<\/span> <span style=\"color: #b30033;\"> <a style=\"color: #b30033;\" href=\"#letter-t\">T<\/a> <\/span><\/strong> <span style=\"color: #666666;\">U<\/span><span style=\"color: #b30033;\"><strong> <span style=\"color: #666666;\">V<\/span> <\/strong><\/span><strong><span style=\"color: #b30033;\"><strong> <a style=\"color: #b30033;\" href=\"#letter-w\">W<\/a> <\/strong><\/span><strong><span style=\"color: #666666;\">X Y Z<\/span><\/strong><\/strong><\/strong><\/strong><\/p>\n<p>[\/et_pb_text][et_pb_text admin_label=&nbsp;&raquo;Text &#8211; Auflistung der Faksimiles EN&nbsp;&raquo; _builder_version=&nbsp;&raquo;3.0.96&Prime; text_font=&nbsp;&raquo;|on|||&nbsp;&raquo; text_font_size_tablet=&nbsp;&raquo;13&Prime; text_font_size_last_edited=&nbsp;&raquo;on|desktop&nbsp;&raquo; text_line_height=&nbsp;&raquo;2em&nbsp;&raquo; text_line_height_last_edited=&nbsp;&raquo;on|phone&nbsp;&raquo; use_border_color=&nbsp;&raquo;off&nbsp;&raquo; saved_tabs=&nbsp;&raquo;all&nbsp;&raquo;]<\/p>\n<h3 id=\"letter-a\" style=\"padding-left: 30px;\"><span style=\"font-size: 20pt; color: #333333;\"><strong>A<\/strong><\/span><\/h3>\n<hr \/>\n<p style=\"padding-left: 60px;\"><span style=\"color: #666666;\"><a style=\"color: #666666;\" href=\"editions-en-fac-simile\/abecedaire-claude-de-france\/\"><em>L\u2019Ab\u00e9c\u00e9daire de Claude de France<\/em><\/a><em><a style=\"color: #666666;\" href=\"editions-en-fac-simile\/apocalypse-de-cambrai\/\"><br \/> L&rsquo;Apocalypse de Cambrai<\/a><\/em><br \/> <em> <a style=\"color: #666666;\" href=\"editions-en-fac-simile\/apocalypse-corpus-christi-college\/\">L\u2019Apocalypse de Corpus Christi College<\/a><a style=\"color: #666666;\" href=\"editions-en-fac-simile\/apocalypse-corpus-christi-college\/\"><br \/> <\/a><\/em><\/span><\/p>\n<h3 id=\"letter-b\" style=\"padding-left: 30px;\"><span style=\"font-size: 20pt; color: #333333;\"><strong>B<\/strong><\/span><\/h3>\n<hr \/>\n<p style=\"padding-left: 60px;\"><span style=\"color: #666666;\"><em><\/em><\/span><a style=\"color: #666666;\" href=\"editions-en-fac-simile\/la-bible-historiee-de-padoue\/\"><em>La Bible histori\u00e9e de Padoue<\/em><\/a><br \/> <span style=\"color: #666666;\"><em><a style=\"color: #666666;\" href=\"editions-en-fac-simile\/evangeliaire-de-brandebourg\/\"><\/a><\/em><\/span><\/p>\n<h3 id=\"letter-c\" style=\"padding-left: 30px;\"><span style=\"font-size: 20pt; color: #333333;\"><strong>C<\/strong><\/span><\/h3>\n<hr \/>\n<p style=\"padding-left: 60px;\"><span style=\"color: #666666;\"><em><a style=\"color: #666666;\" href=\"editions-en-fac-simile\/un-calendrier-astrologique-et-medical\/\"><\/a><\/em><a style=\"color: #666666;\" href=\"editions-en-fac-simile\/un-calendrier-astrologique-et-medical\/\"><em>Un calendrier astrologique et m\u00e9dical<\/em><\/a><em><a style=\"color: #666666;\" href=\"editions-en-fac-simile\/les-cantiques-de-rothschild\/\"><br \/> Les Cantiques de Rothschild<\/a><\/em><br \/> <a style=\"color: #666666;\" href=\"editions-en-fac-simile\/chronique-flamande-philippe-le-beau\/\">Le Chronique flamande de Philippe le Beau<\/a><br \/> <em> <a style=\"color: #666666;\" href=\"editions-en-fac-simile\/codex-gisle\/\">Le Codex Gisle<\/a><\/em><br \/> <\/span><span style=\"color: #666666;\"><em><a style=\"color: #666666;\" href=\"editions-en-fac-simile\/constellations\/\">Constellations de l\u2019Antiquit\u00e9<\/a><a style=\"color: #666666;\" href=\"editions-en-fac-simile\/constellations\/\"><br \/> <\/a><\/em><\/span><span style=\"color: #666666;\"><em><\/em><\/span><\/p>\n<h3 id=\"letter-e\" style=\"padding-left: 30px;\"><span style=\"font-size: 20pt; color: #333333;\"><strong>E<\/strong><\/span><\/h3>\n<hr \/>\n<p style=\"padding-left: 60px;\"><span style=\"color: #666666;\"><em><a style=\"color: #666666;\" href=\"editions-en-fac-simile\/livre-heures-flamand-marie-de-medicis\/\"><\/a><a style=\"color: #666666;\" href=\"editions-en-fac-simile\/evangeliaire-de-brandebourg\/\">L\u2019\u00c9vang\u00e9liaire de Brandebourg<\/a><br \/> <a style=\"color: #666666;\" href=\"editions-en-fac-simile\/evangeliaire-de-passau\/\">L\u2019\u00c9vang\u00e9liaire de Passau<\/a><br \/> <a style=\"color: #666666;\" href=\"editions-en-fac-simile\/evangeliaire-de-spire\/\">L\u2019\u00c9vang\u00e9liaire de Spire<\/a><\/em><\/span><\/p>\n<h3 id=\"letter-g\" style=\"padding-left: 30px;\"><span style=\"font-size: 20pt; color: #333333;\"><strong>G<\/strong><\/span><\/h3>\n<hr \/>\n<p style=\"padding-left: 60px;\"><span style=\"color: #666666;\"><em><a style=\"color: #666666;\" href=\"editions-en-fac-simile\/la-genese-de-vienne\/\">La Gen\u00e8se de Vienne<\/a><\/em><\/span><\/p>\n<h3 id=\"letter-h\" style=\"padding-left: 30px;\"><span style=\"font-size: 20pt; color: #333333;\"><strong>H<\/strong><\/span><\/h3>\n<hr \/>\n<p style=\"padding-left: 60px;\"><span style=\"color: #666666;\"><em><a style=\"color: #666666;\" href=\"editions-en-fac-simile\/les-heures-briconnet\/\">Les Heures Bri\u00e7onnet<\/a><br \/> <a style=\"color: #666666;\" href=\"editions-en-fac-simile\/heures-marguerite-orleans\/\">Les Heures de Marguerite d\u2019Orl\u00e9ans<br \/> <\/a><a style=\"color: #666666;\" href=\"editions-en-fac-simile\/les-heures-de-savoie\/\">Les Heures de Savoie<br \/> <\/a><a style=\"color: #666666;\" href=\"editions-en-fac-simile\/heures-sobieski\/\">Les Heures Sobieski<br \/> <\/a><\/em><\/span><\/p>\n<h3 id=\"letter-l\" style=\"padding-left: 30px;\"><span style=\"font-size: 20pt; color: #333333;\"><strong>L<\/strong><\/span><\/h3>\n<hr \/>\n<p style=\"padding-left: 60px;\"><span style=\"color: #666666;\"><em><a style=\"color: #666666;\" href=\"editions-en-fac-simile\/legendier-des-sforza\/\">Le L\u00e9gendier des Sforza<\/a><a style=\"color: #666666;\" href=\"editions-en-fac-simile\/livre-heures-flamand-marie-de-medicis\/\"><br \/> Le Livre d\u2019heures flamand de Marie de M\u00e9dicis<br \/> <\/a><a style=\"color: #666666;\" href=\"editions-en-fac-simile\/livre-de-prieres-de-claude-de-france\/\">Le Livre de pri\u00e8res de Claude de France<br \/> <\/a><a style=\"color: #666666;\" href=\"editions-en-fac-simile\/livre-heures-flamand-marie-de-medicis\/\"><\/a><\/em><\/span><\/p>\n<h3 id=\"letter-m\" style=\"padding-left: 30px;\"><span style=\"font-size: 20pt; color: #333333;\"><strong>M<\/strong><\/span><\/h3>\n<hr \/>\n<p style=\"padding-left: 60px;\"><span style=\"color: #666666;\"><em><a style=\"color: #666666;\" href=\"editions-en-fac-simile\/miroir-humaine-salvation-einsiedeln\/\">Le Miroir de l\u2019humaine salvation de l\u2019abbaye d\u2019Einsiedeln<br \/> <\/a><a style=\"color: #666666;\" href=\"editions-en-fac-simile\/le-missel-de-stammheim\/\">Le Missel de Stammheim<\/a><\/em><\/span><\/p>\n<h3 id=\"letter-p\" style=\"padding-left: 30px;\"><span style=\"font-size: 20pt; color: #333333;\"><strong>P<\/strong><\/span><\/h3>\n<hr \/>\n<p style=\"padding-left: 60px;\"><span style=\"color: #666666;\"><em><a style=\"color: #666666;\" href=\"editions-en-fac-simile\/le-psautier-de-bamberg\/\"><\/a><a style=\"color: #666666;\" href=\"editions-en-fac-simile\/le-psautier-de-bamberg\/\">Le Psautier de Bamberg<\/a><\/em><\/span><br \/> <em> <span style=\"color: #666666;\"><a style=\"color: #666666;\" href=\"editions-en-fac-simile\/evangeliaire-de-brandebourg\/\"><\/a><\/span><span style=\"color: #666666;\"><a style=\"color: #666666;\" href=\"editions-en-fac-simile\/psautier-de-breslau\/\">Le Psautier de Breslau<br \/> <\/a><a style=\"color: #666666;\" href=\"editions-en-fac-simile\/le-psautier-de-marie-tudor\/\">Le Psautier de Marie Tudor<br \/> <\/a><\/span><a style=\"color: #666666;\" href=\"..\/peterborough-psalter\/\">Le Psautier de Peterborough<\/a><\/em><br \/> <em> <span style=\"color: #666666;\"><a style=\"color: #666666;\" href=\"editions-en-fac-simile\/psautier-dore-de-munich\/\">Le Psautier dor\u00e9 de Munich<br \/> <\/a><\/span><a style=\"color: #666666;\" href=\"editions-en-fac-simile\/le-psautier-dore-de-saint-gall\/\">Le Psautier dor\u00e9 de Saint-Gall<\/a><\/em><\/p>\n<h3 id=\"letter-r\" style=\"padding-left: 30px;\"><span style=\"font-size: 20pt; color: #333333;\"><strong>R<\/strong><\/span><\/h3>\n<hr \/>\n<p style=\"padding-left: 60px;\"><span style=\"color: #666666;\"><em><a style=\"color: #666666;\" href=\"editions-en-fac-simile\/roman-alexandre-de-paris\/\">Le Roman d\u2019Alexandre<\/a><\/em><\/span><\/p>\n<h3 id=\"letter-t\" style=\"padding-left: 30px;\"><span style=\"font-size: 20pt; color: #333333;\"><strong>T<\/strong><\/span><\/h3>\n<hr \/>\n<p style=\"padding-left: 60px;\"><span style=\"color: #666666;\"><em><a style=\"color: #666666;\" href=\"editions-en-fac-simile\/tresors-de-reichenau\/\">Tr\u00e9sors de l\u2019enluminure de l\u2019\u00eele de Reichenau<br \/> <\/a><\/em><\/span><\/p>\n<h3 id=\"letter-w\" style=\"padding-left: 30px;\"><span style=\"font-size: 20pt; color: #333333;\"><strong>W<\/strong><\/span><\/h3>\n<hr \/>\n<p style=\"padding-left: 60px;\"><span style=\"color: #666666;\"><em><a style=\"color: #666666;\" href=\"editions-en-fac-simile\/der-welsche-gast\/\">Der Welsche Gast<\/a><\/em><br \/> <em><a style=\"color: #666666;\" href=\"editions-en-fac-simile\/le-wigalois-de-wirnt-von-grafenberg\/\">Le Wigalois de Wirnt von Grafenberg<br \/> <\/a><\/em><\/span><\/p>\n<p>[\/et_pb_text][\/et_pb_column_inner][\/et_pb_row_inner][\/et_pb_column][et_pb_column type=&nbsp;&raquo;1_4&Prime; _builder_version=&nbsp;&raquo;3.0.47&Prime; padding_last_edited=&nbsp;&raquo;on|desktop&nbsp;&raquo; padding_left=&nbsp;&raquo;30px&nbsp;&raquo; padding_right=&nbsp;&raquo;10px&nbsp;&raquo; bg_img=&nbsp;&raquo;https:\/\/quaternio.ch\/wp-content\/uploads\/2017\/03\/Randleiste_HMO_135r.jpg&nbsp;&raquo; parallax=&nbsp;&raquo;off&nbsp;&raquo; parallax_method=&nbsp;&raquo;off&nbsp;&raquo;][\/et_pb_column][\/et_pb_section]<\/p>\n","protected":false},"excerpt":{"rendered":"<p>[et_pb_section fb_built=&nbsp;&raquo;1&Prime; make_equal=&nbsp;&raquo;on&nbsp;&raquo; specialty=&nbsp;&raquo;on&nbsp;&raquo; parallax_method_1=&nbsp;&raquo;off&nbsp;&raquo; parallax_method_2=&nbsp;&raquo;off&nbsp;&raquo; parallax_method_3=&nbsp;&raquo;off&nbsp;&raquo; background_color_1=&nbsp;&raquo;#f5f5f5&Prime; bg_img_3=&nbsp;&raquo;https:\/\/quaternio.ch\/wp-content\/uploads\/2017\/03\/Randleiste_HMO_135r.jpg&nbsp;&raquo; padding_top_1=&nbsp;&raquo;40px&nbsp;&raquo; padding_right_1=&nbsp;&raquo;10px&nbsp;&raquo; padding_left_1=&nbsp;&raquo;30px&nbsp;&raquo; padding_right_3=&nbsp;&raquo;10px&nbsp;&raquo; padding_left_3=&nbsp;&raquo;30px&nbsp;&raquo; padding_1_tablet=&nbsp;&raquo;|10px||30px&nbsp;&raquo; padding_1_last_edited=&nbsp;&raquo;on|tablet&nbsp;&raquo; padding_3_last_edited=&nbsp;&raquo;on|desktop&nbsp;&raquo; _builder_version=&nbsp;&raquo;3.0.47&Prime; transparent_background=&nbsp;&raquo;off&nbsp;&raquo;][et_pb_column type=&nbsp;&raquo;1_4&Prime; _builder_version=&nbsp;&raquo;3.0.47&Prime; padding_tablet=&nbsp;&raquo;|10px||30px&nbsp;&raquo; padding_last_edited=&nbsp;&raquo;on|tablet&nbsp;&raquo; padding_left=&nbsp;&raquo;30px&nbsp;&raquo; padding_right=&nbsp;&raquo;10px&nbsp;&raquo; padding_top=&nbsp;&raquo;40px&nbsp;&raquo; background_color=&nbsp;&raquo;#f5f5f5&Prime; parallax=&nbsp;&raquo;off&nbsp;&raquo; parallax_method=&nbsp;&raquo;off&nbsp;&raquo;][et_pb_text admin_label=&nbsp;&raquo;Text &#8211; simuliertes Men\u00fc &#8211; Links Sortierungen EN&nbsp;&raquo; _builder_version=&nbsp;&raquo;3.0.96&Prime; text_font=&nbsp;&raquo;|on|||&nbsp;&raquo; text_font_size_last_edited=&nbsp;&raquo;on|desktop&nbsp;&raquo; text_line_height_last_edited=&nbsp;&raquo;on|tablet&nbsp;&raquo; background_size=&nbsp;&raquo;initial&nbsp;&raquo; background_position=&nbsp;&raquo;top_left&nbsp;&raquo; background_repeat=&nbsp;&raquo;repeat&nbsp;&raquo; custom_padding=&nbsp;&raquo;0px|||&nbsp;&raquo; custom_padding_last_edited=&nbsp;&raquo;on|phone&nbsp;&raquo; use_border_color=&nbsp;&raquo;off&nbsp;&raquo; saved_tabs=&nbsp;&raquo;all&nbsp;&raquo;] \u00c9ditions class\u00e9es par \u00a0 Titre Sujet &#8211; [&hellip;]<\/p>\n","protected":false},"author":3,"featured_media":0,"parent":0,"menu_order":0,"comment_status":"closed","ping_status":"closed","template":"","meta":[],"_links":{"self":[{"href":"https:\/\/quaternio.ch\/fr\/wp-json\/wp\/v2\/pages\/18057"}],"collection":[{"href":"https:\/\/quaternio.ch\/fr\/wp-json\/wp\/v2\/pages"}],"about":[{"href":"https:\/\/quaternio.ch\/fr\/wp-json\/wp\/v2\/types\/page"}],"author":[{"embeddable":true,"href":"https:\/\/quaternio.ch\/fr\/wp-json\/wp\/v2\/users\/3"}],"replies":[{"embeddable":true,"href":"https:\/\/quaternio.ch\/fr\/wp-json\/wp\/v2\/comments?post=18057"}],"version-history":[{"count":11,"href":"https:\/\/quaternio.ch\/fr\/wp-json\/wp\/v2\/pages\/18057\/revisions"}],"predecessor-version":[{"id":19112,"href":"https:\/\/quaternio.ch\/fr\/wp-json\/wp\/v2\/pages\/18057\/revisions\/19112"}],"wp:attachment":[{"href":"https:\/\/quaternio.ch\/fr\/wp-json\/wp\/v2\/media?parent=18057"}],"curies":[{"name":"wp","href":"https:\/\/api.w.org\/{rel}","templated":true}]}}