{"id":8569,"date":"2016-04-24T20:43:37","date_gmt":"2016-04-24T20:43:37","guid":{"rendered":"https:\/\/quaternio.ch\/?page_id=8569\/"},"modified":"2021-03-19T09:52:55","modified_gmt":"2021-03-19T09:52:55","slug":"collection-livre-art","status":"publish","type":"page","link":"https:\/\/quaternio.ch\/fr\/collection-livre-art\/","title":{"rendered":"Collection Livre &#038; Art &#8211; Livres d&rsquo;art &#8211; Catalogues"},"content":{"rendered":"<p>[et_pb_section bb_built=&nbsp;&raquo;1&Prime; admin_label=&nbsp;&raquo;section&nbsp;&raquo; transparent_background=&nbsp;&raquo;off&nbsp;&raquo; background_color=&nbsp;&raquo;#ffffff&nbsp;&raquo; allow_player_pause=&nbsp;&raquo;off&nbsp;&raquo; inner_shadow=&nbsp;&raquo;off&nbsp;&raquo; parallax=&nbsp;&raquo;off&nbsp;&raquo; parallax_method=&nbsp;&raquo;off&nbsp;&raquo; custom_padding_last_edited=&nbsp;&raquo;off|desktop&nbsp;&raquo; padding_mobile=&nbsp;&raquo;off&nbsp;&raquo; make_fullwidth=&nbsp;&raquo;off&nbsp;&raquo; use_custom_width=&nbsp;&raquo;off&nbsp;&raquo; width_unit=&nbsp;&raquo;on&nbsp;&raquo; make_equal=&nbsp;&raquo;off&nbsp;&raquo; use_custom_gutter=&nbsp;&raquo;off&nbsp;&raquo; custom_padding_tablet=&nbsp;&raquo;50px|0|50px|0&Prime;][et_pb_row make_fullwidth=&nbsp;&raquo;off&nbsp;&raquo; use_custom_width=&nbsp;&raquo;off&nbsp;&raquo; width_unit=&nbsp;&raquo;on&nbsp;&raquo; use_custom_gutter=&nbsp;&raquo;off&nbsp;&raquo; custom_padding=&nbsp;&raquo;||30px|&nbsp;&raquo; custom_padding_last_edited=&nbsp;&raquo;on|desktop&nbsp;&raquo; padding_mobile=&nbsp;&raquo;off&nbsp;&raquo; allow_player_pause=&nbsp;&raquo;off&nbsp;&raquo; parallax=&nbsp;&raquo;off&nbsp;&raquo; parallax_method=&nbsp;&raquo;off&nbsp;&raquo; make_equal=&nbsp;&raquo;off&nbsp;&raquo; parallax_1=&nbsp;&raquo;off&nbsp;&raquo; parallax_method_1=&nbsp;&raquo;off&nbsp;&raquo; column_padding_mobile=&nbsp;&raquo;on&nbsp;&raquo; background_position=&nbsp;&raquo;top_left&nbsp;&raquo; background_repeat=&nbsp;&raquo;repeat&nbsp;&raquo; background_size=&nbsp;&raquo;initial&nbsp;&raquo;][et_pb_column type=&nbsp;&raquo;4_4&Prime;][et_pb_text admin_label=&nbsp;&raquo;Text &#8211; \u00dcberschriften FR&nbsp;&raquo; background_layout=&nbsp;&raquo;light&nbsp;&raquo; text_orientation=&nbsp;&raquo;center&nbsp;&raquo; use_border_color=&nbsp;&raquo;off&nbsp;&raquo; background_position=&nbsp;&raquo;top_left&nbsp;&raquo; background_repeat=&nbsp;&raquo;repeat&nbsp;&raquo; background_size=&nbsp;&raquo;initial&nbsp;&raquo; module_alignment=&nbsp;&raquo;center&nbsp;&raquo; _builder_version=&nbsp;&raquo;3.0.96&Prime;]<\/p>\n<h1><span style=\"font-size: 18pt;\"><strong>Collection Livre &amp; Art<\/strong><\/span><\/h1>\n<h2><span style=\"font-size: 14pt;\"><em>Des livres con\u00e7us dans les r\u00e8gles de l\u2019art<\/em><\/span><\/h2>\n<p>[\/et_pb_text][\/et_pb_column][\/et_pb_row][et_pb_row make_fullwidth=&nbsp;&raquo;off&nbsp;&raquo; use_custom_width=&nbsp;&raquo;off&nbsp;&raquo; width_unit=&nbsp;&raquo;on&nbsp;&raquo; use_custom_gutter=&nbsp;&raquo;off&nbsp;&raquo; custom_padding=&nbsp;&raquo;|192px|35px|192px&nbsp;&raquo; allow_player_pause=&nbsp;&raquo;off&nbsp;&raquo; parallax=&nbsp;&raquo;off&nbsp;&raquo; parallax_method=&nbsp;&raquo;off&nbsp;&raquo; make_equal=&nbsp;&raquo;off&nbsp;&raquo; parallax_1=&nbsp;&raquo;off&nbsp;&raquo; parallax_method_1=&nbsp;&raquo;off&nbsp;&raquo; parallax_2=&nbsp;&raquo;off&nbsp;&raquo; parallax_method_2=&nbsp;&raquo;off&nbsp;&raquo; parallax_3=&nbsp;&raquo;off&nbsp;&raquo; parallax_method_3=&nbsp;&raquo;off&nbsp;&raquo; column_padding_mobile=&nbsp;&raquo;on&nbsp;&raquo; custom_padding_last_edited=&nbsp;&raquo;on|desktop&nbsp;&raquo; custom_padding_tablet=&nbsp;&raquo;|0px|35px|0px&nbsp;&raquo; background_position=&nbsp;&raquo;top_left&nbsp;&raquo; background_repeat=&nbsp;&raquo;repeat&nbsp;&raquo; background_size=&nbsp;&raquo;initial&nbsp;&raquo;][et_pb_column type=&nbsp;&raquo;4_4&Prime;][et_pb_text admin_label=&nbsp;&raquo;Text &#8211; Text Einf\u00fchrung FR&nbsp;&raquo; background_layout=&nbsp;&raquo;light&nbsp;&raquo; use_border_color=&nbsp;&raquo;off&nbsp;&raquo; saved_tabs=&nbsp;&raquo;all&nbsp;&raquo; text_font_size=&nbsp;&raquo;16&Prime; text_font_size_last_edited=&nbsp;&raquo;on|desktop&nbsp;&raquo; text_font_size_tablet=&nbsp;&raquo;12&Prime; header_line_height_last_edited=&nbsp;&raquo;off|tablet&nbsp;&raquo; text_line_height=&nbsp;&raquo;1.8em&nbsp;&raquo; background_position=&nbsp;&raquo;top_left&nbsp;&raquo; background_repeat=&nbsp;&raquo;repeat&nbsp;&raquo; background_size=&nbsp;&raquo;initial&nbsp;&raquo; _builder_version=&nbsp;&raquo;3.0.96&Prime;]<\/p>\n<p>La collection Art &amp; Livre propose au bibliophile un double plaisir: d\u2019une part, celui de l\u2019art dans des livres, de l\u2019enluminure et de la calligraphie notamment, d\u2019autre part, celui de l\u2019art du livre avec des formats de fabrication de la plus belle qualit\u00e9 qui soit. Tandis que les \u2192&nbsp;<a href=\"https:\/\/quaternio.ch\/fr\/editions-en-fac-simile\/\">\u00e9ditions en fac-simil\u00e9<\/a> consistent \u00e0 restituer \u00e0 l\u2019identique des ouvrages m\u00e9di\u00e9vaux, l&rsquo;\u00e9quipe du Quaternio Verlag de Lucerne peut, avec ses livres d\u2019art somptueusement illustr\u00e9s, catalogues et calendriers muraux, d\u00e9ployer toute la cr\u00e9ativit\u00e9 de conception et de mise en page dont elle est capable.<\/p>\n<p>[\/et_pb_text][\/et_pb_column][\/et_pb_row][et_pb_row make_fullwidth=&nbsp;&raquo;off&nbsp;&raquo; use_custom_width=&nbsp;&raquo;off&nbsp;&raquo; width_unit=&nbsp;&raquo;on&nbsp;&raquo; use_custom_gutter=&nbsp;&raquo;off&nbsp;&raquo; custom_padding=&nbsp;&raquo;||45px|&nbsp;&raquo; custom_padding_last_edited=&nbsp;&raquo;on|phone&nbsp;&raquo; disabled=&nbsp;&raquo;off&nbsp;&raquo; disabled_on=&nbsp;&raquo;on|on|&nbsp;&raquo; allow_player_pause=&nbsp;&raquo;off&nbsp;&raquo; parallax=&nbsp;&raquo;off&nbsp;&raquo; parallax_method=&nbsp;&raquo;off&nbsp;&raquo; make_equal=&nbsp;&raquo;off&nbsp;&raquo; parallax_1=&nbsp;&raquo;off&nbsp;&raquo; parallax_method_1=&nbsp;&raquo;off&nbsp;&raquo; column_padding_mobile=&nbsp;&raquo;on&nbsp;&raquo; background_position=&nbsp;&raquo;top_left&nbsp;&raquo; background_repeat=&nbsp;&raquo;repeat&nbsp;&raquo; background_size=&nbsp;&raquo;initial&nbsp;&raquo;][et_pb_column type=&nbsp;&raquo;4_4&Prime;][et_pb_divider admin_label=&nbsp;&raquo;Teiler NEU&nbsp;&raquo; color=&nbsp;&raquo;#eaeaea&nbsp;&raquo; show_divider=&nbsp;&raquo;on&nbsp;&raquo; divider_style=&nbsp;&raquo;solid&nbsp;&raquo; divider_position=&nbsp;&raquo;top&nbsp;&raquo; hide_on_mobile=&nbsp;&raquo;on&nbsp;&raquo; disabled_on=&nbsp;&raquo;on|on|off&nbsp;&raquo; \/][\/et_pb_column][\/et_pb_row][et_pb_row make_fullwidth=&nbsp;&raquo;off&nbsp;&raquo; use_custom_width=&nbsp;&raquo;off&nbsp;&raquo; width_unit=&nbsp;&raquo;on&nbsp;&raquo; use_custom_gutter=&nbsp;&raquo;off&nbsp;&raquo; allow_player_pause=&nbsp;&raquo;off&nbsp;&raquo; parallax=&nbsp;&raquo;off&nbsp;&raquo; parallax_method=&nbsp;&raquo;off&nbsp;&raquo; make_equal=&nbsp;&raquo;off&nbsp;&raquo; parallax_1=&nbsp;&raquo;off&nbsp;&raquo; parallax_method_1=&nbsp;&raquo;off&nbsp;&raquo; padding_right_1=&nbsp;&raquo;10px&nbsp;&raquo; padding_left_1=&nbsp;&raquo;10px&nbsp;&raquo; parallax_2=&nbsp;&raquo;off&nbsp;&raquo; parallax_method_2=&nbsp;&raquo;off&nbsp;&raquo; padding_right_2=&nbsp;&raquo;10px&nbsp;&raquo; padding_left_2=&nbsp;&raquo;10px&nbsp;&raquo; parallax_3=&nbsp;&raquo;off&nbsp;&raquo; parallax_method_3=&nbsp;&raquo;off&nbsp;&raquo; padding_right_3=&nbsp;&raquo;10px&nbsp;&raquo; padding_left_3=&nbsp;&raquo;10px&nbsp;&raquo; custom_padding=&nbsp;&raquo;||45px|&nbsp;&raquo; custom_padding_last_edited=&nbsp;&raquo;on|tablet&nbsp;&raquo; padding_1_last_edited=&nbsp;&raquo;on|tablet&nbsp;&raquo; background_position=&nbsp;&raquo;top_left&nbsp;&raquo; background_repeat=&nbsp;&raquo;repeat&nbsp;&raquo; background_size=&nbsp;&raquo;initial&nbsp;&raquo;][et_pb_column type=&nbsp;&raquo;1_4&Prime;][et_pb_image admin_label=&nbsp;&raquo;Bild &#8211; Kunstb\u00fccher&nbsp;&raquo; show_in_lightbox=&nbsp;&raquo;off&nbsp;&raquo; url_new_window=&nbsp;&raquo;off&nbsp;&raquo; use_overlay=&nbsp;&raquo;off&nbsp;&raquo; animation=&nbsp;&raquo;off&nbsp;&raquo; sticky=&nbsp;&raquo;off&nbsp;&raquo; align=&nbsp;&raquo;center&nbsp;&raquo; force_fullwidth=&nbsp;&raquo;off&nbsp;&raquo; always_center_on_mobile=&nbsp;&raquo;on&nbsp;&raquo; use_border_color=&nbsp;&raquo;off&nbsp;&raquo; border_color=&nbsp;&raquo;#ffffff&nbsp;&raquo; border_style=&nbsp;&raquo;solid&nbsp;&raquo; src=&nbsp;&raquo;https:\/\/quaternio.ch\/wp-content\/uploads\/2016\/04\/FUR_Auswahl_neu.jpg&nbsp;&raquo; alt=&nbsp;&raquo;Kunstb\u00fccher aus dem Quaternio Verlag Luzern &#8211; Edition Buch &amp; Kunst&nbsp;&raquo; title_text=&nbsp;&raquo;Kunstb\u00fccher&nbsp;&raquo; url=&nbsp;&raquo;https:\/\/quaternio.ch\/edition-buch-kunst\/kunstbuecher\/&nbsp;&raquo; animation_style=&nbsp;&raquo;none&nbsp;&raquo; animation_duration=&nbsp;&raquo;1000ms&nbsp;&raquo; animation_intensity_slide=&nbsp;&raquo;50%&nbsp;&raquo; show_bottom_space=&nbsp;&raquo;on&nbsp;&raquo; \/][et_pb_blurb admin_label=&nbsp;&raquo;Informationstext &#8211; Link Kunstb\u00fccher FR&nbsp;&raquo; title=&nbsp;&raquo;Livres d&rsquo;art&nbsp;&raquo; url=&nbsp;&raquo;https:\/\/quaternio.ch\/fr\/collection-livre-art\/livres-art\/&nbsp;&raquo; url_new_window=&nbsp;&raquo;off&nbsp;&raquo; use_icon=&nbsp;&raquo;off&nbsp;&raquo; icon_color=&nbsp;&raquo;#000000&Prime; use_circle=&nbsp;&raquo;off&nbsp;&raquo; circle_color=&nbsp;&raquo;#000000&Prime; use_circle_border=&nbsp;&raquo;off&nbsp;&raquo; circle_border_color=&nbsp;&raquo;#000000&Prime; icon_placement=&nbsp;&raquo;top&nbsp;&raquo; animation=&nbsp;&raquo;off&nbsp;&raquo; background_layout=&nbsp;&raquo;light&nbsp;&raquo; text_orientation=&nbsp;&raquo;center&nbsp;&raquo; use_icon_font_size=&nbsp;&raquo;off&nbsp;&raquo; use_border_color=&nbsp;&raquo;off&nbsp;&raquo; header_font=&nbsp;&raquo;|on|on||&nbsp;&raquo; header_line_height=&nbsp;&raquo;1.3em&nbsp;&raquo; background_position=&nbsp;&raquo;top_left&nbsp;&raquo; background_repeat=&nbsp;&raquo;repeat&nbsp;&raquo; background_size=&nbsp;&raquo;initial&nbsp;&raquo; _builder_version=&nbsp;&raquo;3.0.96&Prime; max_width_tablet=&nbsp;&raquo;50px&nbsp;&raquo; \/][\/et_pb_column][et_pb_column type=&nbsp;&raquo;1_4&Prime;][et_pb_image admin_label=&nbsp;&raquo;Bild &#8211; Kataloge&nbsp;&raquo; show_in_lightbox=&nbsp;&raquo;off&nbsp;&raquo; url_new_window=&nbsp;&raquo;off&nbsp;&raquo; use_overlay=&nbsp;&raquo;off&nbsp;&raquo; animation=&nbsp;&raquo;off&nbsp;&raquo; sticky=&nbsp;&raquo;off&nbsp;&raquo; align=&nbsp;&raquo;center&nbsp;&raquo; force_fullwidth=&nbsp;&raquo;off&nbsp;&raquo; always_center_on_mobile=&nbsp;&raquo;on&nbsp;&raquo; use_border_color=&nbsp;&raquo;off&nbsp;&raquo; border_color=&nbsp;&raquo;#ffffff&nbsp;&raquo; border_style=&nbsp;&raquo;solid&nbsp;&raquo; src=&nbsp;&raquo;https:\/\/quaternio.ch\/wp-content\/uploads\/2016\/04\/GOL_Auswahl_neu.jpg&nbsp;&raquo; alt=&nbsp;&raquo;Ausstellungskataloge aus dem Quaternio Verlag Luzern &#8211; Edition Buch &amp; Kunst&nbsp;&raquo; title_text=&nbsp;&raquo;Ausstellungskataloge&nbsp;&raquo; url=&nbsp;&raquo;https:\/\/quaternio.ch\/edition-buch-kunst\/kataloge\/&nbsp;&raquo; animation_style=&nbsp;&raquo;none&nbsp;&raquo; animation_duration=&nbsp;&raquo;1000ms&nbsp;&raquo; animation_intensity_slide=&nbsp;&raquo;50%&nbsp;&raquo; show_bottom_space=&nbsp;&raquo;on&nbsp;&raquo; \/][et_pb_blurb admin_label=&nbsp;&raquo;Informationstext &#8211; Link Kataloge FR&nbsp;&raquo; title=&nbsp;&raquo;Catalogues&nbsp;&raquo; url=&nbsp;&raquo;https:\/\/quaternio.ch\/fr\/collection-livre-art\/catalogues\/&nbsp;&raquo; url_new_window=&nbsp;&raquo;off&nbsp;&raquo; use_icon=&nbsp;&raquo;off&nbsp;&raquo; icon_color=&nbsp;&raquo;#000000&Prime; use_circle=&nbsp;&raquo;off&nbsp;&raquo; circle_color=&nbsp;&raquo;#000000&Prime; use_circle_border=&nbsp;&raquo;off&nbsp;&raquo; circle_border_color=&nbsp;&raquo;#000000&Prime; icon_placement=&nbsp;&raquo;top&nbsp;&raquo; animation=&nbsp;&raquo;off&nbsp;&raquo; background_layout=&nbsp;&raquo;light&nbsp;&raquo; text_orientation=&nbsp;&raquo;center&nbsp;&raquo; use_icon_font_size=&nbsp;&raquo;off&nbsp;&raquo; use_border_color=&nbsp;&raquo;off&nbsp;&raquo; header_font=&nbsp;&raquo;|on|on||&nbsp;&raquo; header_line_height=&nbsp;&raquo;1.3em&nbsp;&raquo; background_position=&nbsp;&raquo;top_left&nbsp;&raquo; background_repeat=&nbsp;&raquo;repeat&nbsp;&raquo; background_size=&nbsp;&raquo;initial&nbsp;&raquo; _builder_version=&nbsp;&raquo;3.0.96&Prime; max_width_tablet=&nbsp;&raquo;50px&nbsp;&raquo; \/][\/et_pb_column][et_pb_column type=&nbsp;&raquo;1_4&Prime;][et_pb_image admin_label=&nbsp;&raquo;Bild &#8211; Wandkalender&nbsp;&raquo; show_in_lightbox=&nbsp;&raquo;off&nbsp;&raquo; url_new_window=&nbsp;&raquo;off&nbsp;&raquo; use_overlay=&nbsp;&raquo;off&nbsp;&raquo; align=&nbsp;&raquo;center&nbsp;&raquo; force_fullwidth=&nbsp;&raquo;off&nbsp;&raquo; always_center_on_mobile=&nbsp;&raquo;on&nbsp;&raquo; use_border_color=&nbsp;&raquo;off&nbsp;&raquo; src=&nbsp;&raquo;https:\/\/quaternio.ch\/wp-content\/uploads\/2020\/08\/Kalender-2021-Titelblatt-14.36.30.jpg&nbsp;&raquo; alt=&nbsp;&raquo;Wandkalender aus dem Quaternio Verlag Luzern &#8211; Edition Buch &amp; Kunst&nbsp;&raquo; title_text=&nbsp;&raquo;Wandkalender&nbsp;&raquo; url=&nbsp;&raquo;https:\/\/quaternio.ch\/fr\/collection-livre-art\/calendrier-mural\/&nbsp;&raquo; show_bottom_space=&nbsp;&raquo;on&nbsp;&raquo; _builder_version=&nbsp;&raquo;3.0.96&Prime; custom_margin_last_edited=&nbsp;&raquo;off|desktop&nbsp;&raquo; border_color_all=&nbsp;&raquo;#ffffff&nbsp;&raquo; \/][et_pb_blurb admin_label=&nbsp;&raquo;Informationstext &#8211; Link Wandkalender FR&nbsp;&raquo; title=&nbsp;&raquo;Calendrier mural&nbsp;&raquo; url=&nbsp;&raquo;https:\/\/quaternio.ch\/fr\/collection-livre-art\/calendrier-mural\/&nbsp;&raquo; url_new_window=&nbsp;&raquo;off&nbsp;&raquo; use_icon=&nbsp;&raquo;off&nbsp;&raquo; icon_color=&nbsp;&raquo;#000000&Prime; use_circle=&nbsp;&raquo;off&nbsp;&raquo; circle_color=&nbsp;&raquo;#000000&Prime; use_circle_border=&nbsp;&raquo;off&nbsp;&raquo; circle_border_color=&nbsp;&raquo;#000000&Prime; icon_placement=&nbsp;&raquo;top&nbsp;&raquo; animation=&nbsp;&raquo;off&nbsp;&raquo; background_layout=&nbsp;&raquo;light&nbsp;&raquo; text_orientation=&nbsp;&raquo;center&nbsp;&raquo; use_icon_font_size=&nbsp;&raquo;off&nbsp;&raquo; use_border_color=&nbsp;&raquo;off&nbsp;&raquo; header_font=&nbsp;&raquo;|on|on||&nbsp;&raquo; header_line_height=&nbsp;&raquo;1.3em&nbsp;&raquo; background_position=&nbsp;&raquo;top_left&nbsp;&raquo; background_repeat=&nbsp;&raquo;repeat&nbsp;&raquo; background_size=&nbsp;&raquo;initial&nbsp;&raquo; _builder_version=&nbsp;&raquo;3.0.96&Prime; \/][\/et_pb_column][et_pb_column type=&nbsp;&raquo;1_4&Prime;][et_pb_image admin_label=&nbsp;&raquo;Bild &#8211; Weihnachtsmappe FR&nbsp;&raquo; show_in_lightbox=&nbsp;&raquo;off&nbsp;&raquo; url_new_window=&nbsp;&raquo;off&nbsp;&raquo; use_overlay=&nbsp;&raquo;off&nbsp;&raquo; align=&nbsp;&raquo;center&nbsp;&raquo; force_fullwidth=&nbsp;&raquo;off&nbsp;&raquo; always_center_on_mobile=&nbsp;&raquo;on&nbsp;&raquo; use_border_color=&nbsp;&raquo;off&nbsp;&raquo; src=&nbsp;&raquo;https:\/\/quaternio.ch\/wp-content\/uploads\/2020\/11\/Weihnachtsmappe_Decke.jpg&nbsp;&raquo; alt=&nbsp;&raquo;Wandkalender aus dem Quaternio Verlag Luzern &#8211; Edition Buch &amp; Kunst&nbsp;&raquo; title_text=&nbsp;&raquo;Wandkalender&nbsp;&raquo; url=&nbsp;&raquo;https:\/\/quaternio.ch\/edition-buch-kunst\/weihnachtsmappe\/&nbsp;&raquo; show_bottom_space=&nbsp;&raquo;on&nbsp;&raquo; _builder_version=&nbsp;&raquo;3.0.96&Prime; custom_margin_last_edited=&nbsp;&raquo;off|desktop&nbsp;&raquo; border_color_all=&nbsp;&raquo;#ffffff&nbsp;&raquo; max_width=&nbsp;&raquo;93%&nbsp;&raquo; \/][et_pb_blurb admin_label=&nbsp;&raquo;Informationstext &#8211; Link Weihnachtsmappe FR&nbsp;&raquo; title=&nbsp;&raquo;Dossier de documentation %22No\u00ebl%22&Prime; url=&nbsp;&raquo;https:\/\/quaternio.ch\/edition-buch-kunst\/weihnachtsmappe\/&nbsp;&raquo; url_new_window=&nbsp;&raquo;off&nbsp;&raquo; use_icon=&nbsp;&raquo;off&nbsp;&raquo; icon_color=&nbsp;&raquo;#000000&Prime; use_circle=&nbsp;&raquo;off&nbsp;&raquo; circle_color=&nbsp;&raquo;#000000&Prime; use_circle_border=&nbsp;&raquo;off&nbsp;&raquo; circle_border_color=&nbsp;&raquo;#000000&Prime; icon_placement=&nbsp;&raquo;top&nbsp;&raquo; animation=&nbsp;&raquo;off&nbsp;&raquo; background_layout=&nbsp;&raquo;light&nbsp;&raquo; text_orientation=&nbsp;&raquo;center&nbsp;&raquo; use_icon_font_size=&nbsp;&raquo;off&nbsp;&raquo; use_border_color=&nbsp;&raquo;off&nbsp;&raquo; header_font=&nbsp;&raquo;|on|on||&nbsp;&raquo; header_line_height=&nbsp;&raquo;1.3em&nbsp;&raquo; background_position=&nbsp;&raquo;top_left&nbsp;&raquo; background_repeat=&nbsp;&raquo;repeat&nbsp;&raquo; background_size=&nbsp;&raquo;initial&nbsp;&raquo; _builder_version=&nbsp;&raquo;3.0.96&Prime; \/][\/et_pb_column][\/et_pb_row][et_pb_row make_fullwidth=&nbsp;&raquo;off&nbsp;&raquo; use_custom_width=&nbsp;&raquo;off&nbsp;&raquo; width_unit=&nbsp;&raquo;on&nbsp;&raquo; use_custom_gutter=&nbsp;&raquo;off&nbsp;&raquo; custom_padding=&nbsp;&raquo;||45px|&nbsp;&raquo; custom_padding_last_edited=&nbsp;&raquo;on|phone&nbsp;&raquo; disabled=&nbsp;&raquo;off&nbsp;&raquo; disabled_on=&nbsp;&raquo;on|on|&nbsp;&raquo; allow_player_pause=&nbsp;&raquo;off&nbsp;&raquo; parallax=&nbsp;&raquo;off&nbsp;&raquo; parallax_method=&nbsp;&raquo;off&nbsp;&raquo; make_equal=&nbsp;&raquo;off&nbsp;&raquo; parallax_1=&nbsp;&raquo;off&nbsp;&raquo; parallax_method_1=&nbsp;&raquo;off&nbsp;&raquo; column_padding_mobile=&nbsp;&raquo;on&nbsp;&raquo; background_position=&nbsp;&raquo;top_left&nbsp;&raquo; background_repeat=&nbsp;&raquo;repeat&nbsp;&raquo; background_size=&nbsp;&raquo;initial&nbsp;&raquo;][et_pb_column type=&nbsp;&raquo;4_4&Prime;][et_pb_divider admin_label=&nbsp;&raquo;Teiler NEU&nbsp;&raquo; color=&nbsp;&raquo;#eaeaea&nbsp;&raquo; show_divider=&nbsp;&raquo;on&nbsp;&raquo; divider_style=&nbsp;&raquo;solid&nbsp;&raquo; divider_position=&nbsp;&raquo;top&nbsp;&raquo; hide_on_mobile=&nbsp;&raquo;on&nbsp;&raquo; disabled_on=&nbsp;&raquo;on|on|off&nbsp;&raquo; \/][\/et_pb_column][\/et_pb_row][et_pb_row make_fullwidth=&nbsp;&raquo;off&nbsp;&raquo; use_custom_width=&nbsp;&raquo;off&nbsp;&raquo; width_unit=&nbsp;&raquo;on&nbsp;&raquo; use_custom_gutter=&nbsp;&raquo;off&nbsp;&raquo; custom_padding=&nbsp;&raquo;|150px|35px|150px&nbsp;&raquo; allow_player_pause=&nbsp;&raquo;off&nbsp;&raquo; parallax=&nbsp;&raquo;off&nbsp;&raquo; parallax_method=&nbsp;&raquo;off&nbsp;&raquo; make_equal=&nbsp;&raquo;off&nbsp;&raquo; parallax_1=&nbsp;&raquo;off&nbsp;&raquo; parallax_method_1=&nbsp;&raquo;off&nbsp;&raquo; column_padding_mobile=&nbsp;&raquo;on&nbsp;&raquo; custom_padding_tablet=&nbsp;&raquo;|0px|35px|0px&nbsp;&raquo; custom_padding_last_edited=&nbsp;&raquo;on|desktop&nbsp;&raquo; background_position=&nbsp;&raquo;top_left&nbsp;&raquo; background_repeat=&nbsp;&raquo;repeat&nbsp;&raquo; background_size=&nbsp;&raquo;initial&nbsp;&raquo;][et_pb_column type=&nbsp;&raquo;4_4&Prime;][et_pb_text admin_label=&nbsp;&raquo;Text &#8211; Verweis auf Kontakt und Newsletter (FR)&nbsp;&raquo; background_layout=&nbsp;&raquo;light&nbsp;&raquo; use_border_color=&nbsp;&raquo;off&nbsp;&raquo; text_font_size_last_edited=&nbsp;&raquo;off|desktop&nbsp;&raquo; saved_tabs=&nbsp;&raquo;all&nbsp;&raquo; background_position=&nbsp;&raquo;top_left&nbsp;&raquo; background_repeat=&nbsp;&raquo;repeat&nbsp;&raquo; background_size=&nbsp;&raquo;initial&nbsp;&raquo; _builder_version=&nbsp;&raquo;3.0.96&Prime;]<\/p>\n<p>Vous souhaitez en savoir davantage ? Vous avez un souhait, une question, une suggestion ?<br \/>\nN&rsquo;h\u00e9sitez pas \u00e0 nous \u2192&nbsp;<span style=\"color: #666666;\"><strong><a style=\"color: #666666;\" href=\"https:\/\/quaternio.ch\/kontakt\/\">contacter<\/a><\/strong><\/span>, en ligne ou par t\u00e9l\u00e9phone !<\/p>\n<p>Pour d\u00e9couvrir les derni\u00e8res nouvelles du programme et les \u00e9v\u00e9nements, inscrivez-vous \u00e0 la \u2192&nbsp;<span style=\"color: #666666;\"><strong><a style=\"color: #666666;\" href=\"https:\/\/quaternio.ch\/kontakt\/newsletter\/\">newsletter<\/a><\/strong><\/span>.<\/p>\n<p>[\/et_pb_text][\/et_pb_column][\/et_pb_row][\/et_pb_section]<\/p>\n","protected":false},"excerpt":{"rendered":"<p>[et_pb_section bb_built=&nbsp;&raquo;1&Prime; admin_label=&nbsp;&raquo;section&nbsp;&raquo; transparent_background=&nbsp;&raquo;off&nbsp;&raquo; background_color=&nbsp;&raquo;#ffffff&nbsp;&raquo; allow_player_pause=&nbsp;&raquo;off&nbsp;&raquo; inner_shadow=&nbsp;&raquo;off&nbsp;&raquo; parallax=&nbsp;&raquo;off&nbsp;&raquo; parallax_method=&nbsp;&raquo;off&nbsp;&raquo; custom_padding_last_edited=&nbsp;&raquo;off|desktop&nbsp;&raquo; padding_mobile=&nbsp;&raquo;off&nbsp;&raquo; make_fullwidth=&nbsp;&raquo;off&nbsp;&raquo; use_custom_width=&nbsp;&raquo;off&nbsp;&raquo; width_unit=&nbsp;&raquo;on&nbsp;&raquo; make_equal=&nbsp;&raquo;off&nbsp;&raquo; use_custom_gutter=&nbsp;&raquo;off&nbsp;&raquo; custom_padding_tablet=&nbsp;&raquo;50px|0|50px|0&Prime;][et_pb_row make_fullwidth=&nbsp;&raquo;off&nbsp;&raquo; use_custom_width=&nbsp;&raquo;off&nbsp;&raquo; width_unit=&nbsp;&raquo;on&nbsp;&raquo; use_custom_gutter=&nbsp;&raquo;off&nbsp;&raquo; custom_padding=&nbsp;&raquo;||30px|&nbsp;&raquo; custom_padding_last_edited=&nbsp;&raquo;on|desktop&nbsp;&raquo; padding_mobile=&nbsp;&raquo;off&nbsp;&raquo; allow_player_pause=&nbsp;&raquo;off&nbsp;&raquo; parallax=&nbsp;&raquo;off&nbsp;&raquo; parallax_method=&nbsp;&raquo;off&nbsp;&raquo; make_equal=&nbsp;&raquo;off&nbsp;&raquo; parallax_1=&nbsp;&raquo;off&nbsp;&raquo; parallax_method_1=&nbsp;&raquo;off&nbsp;&raquo; column_padding_mobile=&nbsp;&raquo;on&nbsp;&raquo; background_position=&nbsp;&raquo;top_left&nbsp;&raquo; background_repeat=&nbsp;&raquo;repeat&nbsp;&raquo; background_size=&nbsp;&raquo;initial&nbsp;&raquo;][et_pb_column type=&nbsp;&raquo;4_4&Prime;][et_pb_text admin_label=&nbsp;&raquo;Text &#8211; \u00dcberschriften FR&nbsp;&raquo; background_layout=&nbsp;&raquo;light&nbsp;&raquo; text_orientation=&nbsp;&raquo;center&nbsp;&raquo; use_border_color=&nbsp;&raquo;off&nbsp;&raquo; background_position=&nbsp;&raquo;top_left&nbsp;&raquo; background_repeat=&nbsp;&raquo;repeat&nbsp;&raquo; background_size=&nbsp;&raquo;initial&nbsp;&raquo; module_alignment=&nbsp;&raquo;center&nbsp;&raquo; _builder_version=&nbsp;&raquo;3.0.96&Prime;] Collection Livre &amp; Art Des livres con\u00e7us dans [&hellip;]<\/p>\n","protected":false},"author":1,"featured_media":0,"parent":0,"menu_order":250,"comment_status":"closed","ping_status":"closed","template":"","meta":[],"_links":{"self":[{"href":"https:\/\/quaternio.ch\/fr\/wp-json\/wp\/v2\/pages\/8569"}],"collection":[{"href":"https:\/\/quaternio.ch\/fr\/wp-json\/wp\/v2\/pages"}],"about":[{"href":"https:\/\/quaternio.ch\/fr\/wp-json\/wp\/v2\/types\/page"}],"author":[{"embeddable":true,"href":"https:\/\/quaternio.ch\/fr\/wp-json\/wp\/v2\/users\/1"}],"replies":[{"embeddable":true,"href":"https:\/\/quaternio.ch\/fr\/wp-json\/wp\/v2\/comments?post=8569"}],"version-history":[{"count":15,"href":"https:\/\/quaternio.ch\/fr\/wp-json\/wp\/v2\/pages\/8569\/revisions"}],"predecessor-version":[{"id":14855,"href":"https:\/\/quaternio.ch\/fr\/wp-json\/wp\/v2\/pages\/8569\/revisions\/14855"}],"wp:attachment":[{"href":"https:\/\/quaternio.ch\/fr\/wp-json\/wp\/v2\/media?parent=8569"}],"curies":[{"name":"wp","href":"https:\/\/api.w.org\/{rel}","templated":true}]}}